{"id":97,"date":"2026-02-27T09:06:25","date_gmt":"2026-02-27T09:06:25","guid":{"rendered":"https:\/\/customhatsmanufacturer.com\/?post_type=product&#038;p=97"},"modified":"2026-02-27T09:06:25","modified_gmt":"2026-02-27T09:06:25","slug":"cotton-twill-bucket-hats-with-embroidery-oem","status":"publish","type":"product","link":"https:\/\/customhatsmanufacturer.com\/pt\/produto\/cotton-twill-bucket-hats-with-embroidery-oem\/","title":{"rendered":"Chap\u00e9us de balde de sarja de algod\u00e3o com bordados (OEM)"},"content":{"rendered":"<p data-start=\"0\" data-end=\"436\">Os chap\u00e9us de balde em sarja de algod\u00e3o com bordado foram concebidos para programas de chapelaria de marca que necessitam de uma base de tecido limpa e dur\u00e1vel e de um acabamento de log\u00f3tipo de qualidade superior. Fabricado em sarja de algod\u00e3o, o chap\u00e9u mant\u00e9m a sua forma enquanto se mant\u00e9m confort\u00e1vel para o uso di\u00e1rio, com uma aba a toda a volta que pode ser cosida no topo para um rebordo n\u00edtido. O bordado pode ser aplicado como log\u00f3tipo frontal, marca lateral ou pequeno pormenor nas costas, dependendo do seu trabalho art\u00edstico.<\/p>\n<p data-start=\"438\" data-end=\"878\">Produzido como um artigo OEM, este estilo \u00e9 configurado de acordo com os seus requisitos - cores, gama de tamanhos, coloca\u00e7\u00e3o de bordados e detalhes de marca, tais como etiquetas tecidas, fita adesiva interior ou embalagem pronta para venda a retalho (dispon\u00edvel mediante pedido). Partilhe os seus ficheiros de design e a utiliza\u00e7\u00e3o pretendida, e n\u00f3s proporemos especifica\u00e7\u00f5es vi\u00e1veis e passos de amostragem. O MOQ e o prazo de entrega variam - solicite um or\u00e7amento. Mais adequado para marcas, equipas, eventos e retalhistas que procuram produtos consistentes a granel.<\/p>\n<ul data-start=\"880\" data-end=\"1088\">\n<li data-start=\"880\" data-end=\"916\">\n<p data-start=\"882\" data-end=\"916\">Constru\u00e7\u00e3o em tecido de sarja de algod\u00e3o<\/p>\n<\/li>\n<li data-start=\"917\" data-end=\"947\">\n<p data-start=\"919\" data-end=\"947\">Aba cl\u00e1ssica cosida a 360<\/p>\n<\/li>\n<li data-start=\"948\" data-end=\"985\">\n<p data-start=\"950\" data-end=\"985\">Op\u00e7\u00f5es de coloca\u00e7\u00e3o do log\u00f3tipo bordado<\/p>\n<\/li>\n<li data-start=\"986\" data-end=\"1012\">\n<p data-start=\"988\" data-end=\"1012\">Op\u00e7\u00f5es de cor e tamanho<\/p>\n<\/li>\n<li data-start=\"1013\" data-end=\"1048\">\n<p data-start=\"1015\" data-end=\"1048\">Complementos de marca pr\u00f3pria dispon\u00edveis<\/p>\n<\/li>\n<li data-start=\"1049\" data-end=\"1088\">\n<p data-start=\"1051\" data-end=\"1088\">Op\u00e7\u00f5es de marca\u00e7\u00e3o da embalagem e da caixa de cart\u00e3o<\/p>\n<\/li>\n<\/ul>","protected":false},"excerpt":{"rendered":"<p data-start=\"1090\" data-end=\"1337\">Chap\u00e9u de balde em sarja de algod\u00e3o com marca bordada, fornecido para encomendas OEM. Configure as cores, o tamanho e a coloca\u00e7\u00e3o do log\u00f3tipo, com etiquetagem e embalagem privadas opcionais. Termos baseados em cota\u00e7\u00f5es para fornecimento por grosso e a granel.<\/p>","protected":false},"featured_media":119,"template":"","meta":{"_gspb_post_css":""},"product_brand":[],"product_cat":[21,15],"product_tag":[],"class_list":{"0":"post-97","1":"product","2":"type-product","3":"status-publish","4":"has-post-thumbnail","6":"product_cat-bucket-hats","7":"product_cat-hats-caps","9":"first","10":"instock","11":"shipping-taxable","12":"purchasable","13":"product-type-simple"},"_links":{"self":[{"href":"https:\/\/customhatsmanufacturer.com\/pt\/wp-json\/wp\/v2\/product\/97","targetHints":{"allow":["GET"]}}],"collection":[{"href":"https:\/\/customhatsmanufacturer.com\/pt\/wp-json\/wp\/v2\/product"}],"about":[{"href":"https:\/\/customhatsmanufacturer.com\/pt\/wp-json\/wp\/v2\/types\/product"}],"wp:featuredmedia":[{"embeddable":true,"href":"https:\/\/customhatsmanufacturer.com\/pt\/wp-json\/wp\/v2\/media\/119"}],"wp:attachment":[{"href":"https:\/\/customhatsmanufacturer.com\/pt\/wp-json\/wp\/v2\/media?parent=97"}],"wp:term":[{"taxonomy":"product_brand","embeddable":true,"href":"https:\/\/customhatsmanufacturer.com\/pt\/wp-json\/wp\/v2\/product_brand?post=97"},{"taxonomy":"product_cat","embeddable":true,"href":"https:\/\/customhatsmanufacturer.com\/pt\/wp-json\/wp\/v2\/product_cat?post=97"},{"taxonomy":"product_tag","embeddable":true,"href":"https:\/\/customhatsmanufacturer.com\/pt\/wp-json\/wp\/v2\/product_tag?post=97"}],"curies":[{"name":"wp","href":"https:\/\/api.w.org\/{rel}","templated":true}]}}