{"id":93,"date":"2026-02-27T08:45:24","date_gmt":"2026-02-27T08:45:24","guid":{"rendered":"https:\/\/customhatsmanufacturer.com\/?post_type=product&#038;p=93"},"modified":"2026-02-27T08:45:24","modified_gmt":"2026-02-27T08:45:24","slug":"lightweight-5-panel-hats-for-skate-brands-bulk","status":"publish","type":"product","link":"https:\/\/customhatsmanufacturer.com\/pt\/produto\/lightweight-5-panel-hats-for-skate-brands-bulk\/","title":{"rendered":"Chap\u00e9us leves de 5 pain\u00e9is para marcas de skate (a granel)"},"content":{"rendered":"<p data-start=\"0\" data-end=\"374\">Os bon\u00e9s leves de 5 pain\u00e9is para marcas de skate (a granel) s\u00e3o bon\u00e9s de baixo perfil constru\u00eddos a partir de uma coroa de cinco pain\u00e9is, criando um painel frontal limpo e ininterrupto que funciona bem para a arte da marca. Concebidos para uma sensa\u00e7\u00e3o de leveza na cabe\u00e7a, s\u00e3o uma escolha pr\u00e1tica para os produtos de tempo quente, kits de equipa ou artigos de merchandising do dia a dia.<\/p>\n<p data-start=\"376\" data-end=\"779\">Para tiragens por grosso, podemos fornec\u00ea-las em branco ou desenvolver a sua vers\u00e3o com a marca - as op\u00e7\u00f5es incluem bordados, etiquetas tecidas, remendos de log\u00f3tipo ou coloca\u00e7\u00f5es de impress\u00e3o, dependendo do seu trabalho art\u00edstico e or\u00e7amento. As cores, a forma da aba e o estilo de fecho podem ser especificados a pedido, com o MOQ e o prazo de entrega a variar consoante a constru\u00e7\u00e3o. Os compradores mais adequados incluem marcas de skate e streetwear, lojas de pranchas, equipas de eventos e retalhistas.<\/p>\n<ul data-start=\"781\" data-end=\"941\">\n<li data-start=\"781\" data-end=\"814\">\n<p data-start=\"783\" data-end=\"814\">Constru\u00e7\u00e3o da coroa com cinco pain\u00e9is<\/p>\n<\/li>\n<li data-start=\"815\" data-end=\"848\">\n<p data-start=\"817\" data-end=\"848\">Leve e de baixo perfil<\/p>\n<\/li>\n<li data-start=\"849\" data-end=\"874\">\n<p data-start=\"851\" data-end=\"874\">Grande \u00e1rea frontal do log\u00f3tipo<\/p>\n<\/li>\n<li data-start=\"875\" data-end=\"906\">\n<p data-start=\"877\" data-end=\"906\">Bordado, remendo ou impress\u00e3o<\/p>\n<\/li>\n<li data-start=\"907\" data-end=\"941\">\n<p data-start=\"909\" data-end=\"941\">Pronto para programas de retalho<\/p>\n<\/li>\n<\/ul>","protected":false},"excerpt":{"rendered":"<p data-start=\"943\" data-end=\"1197\">Bon\u00e9s leves de cinco pain\u00e9is fornecidos a granel para marcas de skate. Concebidos em torno de um painel frontal limpo para a marca, com bordados opcionais, remendos de log\u00f3tipo, etiquetas tecidas ou coloca\u00e7\u00f5es de impress\u00e3o para programas de marcas privadas e grossistas.<\/p>","protected":false},"featured_media":102,"template":"","meta":{"_gspb_post_css":""},"product_brand":[],"product_cat":[20,15],"product_tag":[],"class_list":{"0":"post-93","1":"product","2":"type-product","3":"status-publish","4":"has-post-thumbnail","6":"product_cat-5-panel-hats","7":"product_cat-hats-caps","9":"first","10":"instock","11":"shipping-taxable","12":"purchasable","13":"product-type-simple"},"_links":{"self":[{"href":"https:\/\/customhatsmanufacturer.com\/pt\/wp-json\/wp\/v2\/product\/93","targetHints":{"allow":["GET"]}}],"collection":[{"href":"https:\/\/customhatsmanufacturer.com\/pt\/wp-json\/wp\/v2\/product"}],"about":[{"href":"https:\/\/customhatsmanufacturer.com\/pt\/wp-json\/wp\/v2\/types\/product"}],"wp:featuredmedia":[{"embeddable":true,"href":"https:\/\/customhatsmanufacturer.com\/pt\/wp-json\/wp\/v2\/media\/102"}],"wp:attachment":[{"href":"https:\/\/customhatsmanufacturer.com\/pt\/wp-json\/wp\/v2\/media?parent=93"}],"wp:term":[{"taxonomy":"product_brand","embeddable":true,"href":"https:\/\/customhatsmanufacturer.com\/pt\/wp-json\/wp\/v2\/product_brand?post=93"},{"taxonomy":"product_cat","embeddable":true,"href":"https:\/\/customhatsmanufacturer.com\/pt\/wp-json\/wp\/v2\/product_cat?post=93"},{"taxonomy":"product_tag","embeddable":true,"href":"https:\/\/customhatsmanufacturer.com\/pt\/wp-json\/wp\/v2\/product_tag?post=93"}],"curies":[{"name":"wp","href":"https:\/\/api.w.org\/{rel}","templated":true}]}}