{"id":92,"date":"2026-02-27T08:39:59","date_gmt":"2026-02-27T08:39:59","guid":{"rendered":"https:\/\/customhatsmanufacturer.com\/?post_type=product&#038;p=92"},"modified":"2026-02-27T08:39:59","modified_gmt":"2026-02-27T08:39:59","slug":"custom-5-panel-caps-with-woven-patch-wholesale","status":"publish","type":"product","link":"https:\/\/customhatsmanufacturer.com\/pt\/produto\/custom-5-panel-caps-with-woven-patch-wholesale\/","title":{"rendered":"Bon\u00e9s personalizados de 5 pain\u00e9is com remendo tecido (grossista)"},"content":{"rendered":"<p data-start=\"0\" data-end=\"387\">Os bon\u00e9s personalizados de 5 pain\u00e9is com remendo tecido (venda por grosso) s\u00e3o constru\u00eddos em torno de uma coroa de cinco pe\u00e7as com um painel frontal limpo e ininterrupto - ideal para uma marca de remendo centrada e uma marca organizada. S\u00e3o fornecidos para programas a granel onde \u00e9 necess\u00e1rio um tamanho consistente, uma decora\u00e7\u00e3o repet\u00edvel e um caminho suave desde a amostragem at\u00e9 \u00e0s encomendas de reabastecimento.<\/p>\n<p data-start=\"389\" data-end=\"922\">O remendo tecido \u00e9 produzido atrav\u00e9s da tecelagem de fios para linhas mais n\u00edtidas e texto pequeno do que a costura t\u00edpica, dando ao seu log\u00f3tipo um acabamento refinado, semelhante a uma etiqueta. Envie o seu trabalho art\u00edstico e n\u00f3s alinharemos o tamanho do emblema e o acabamento dos bordos como op\u00e7\u00f5es e, em seguida, aplic\u00e1-lo-emos no local que especificar (frente, lado ou verso). Solicite op\u00e7\u00f5es como aba plana ou curva e um fecho ajust\u00e1vel para combinar com o seu canal. O MOQ e o prazo de entrega variam - solicite um or\u00e7amento. Mais adequado para marcas, equipas, eventos e retalhistas que criam s\u00e9ries de produtos.<\/p>\n<ul data-start=\"924\" data-end=\"1087\">\n<li data-start=\"924\" data-end=\"957\">\n<p data-start=\"926\" data-end=\"957\">Constru\u00e7\u00e3o da coroa com cinco pain\u00e9is<\/p>\n<\/li>\n<li data-start=\"958\" data-end=\"989\">\n<p data-start=\"960\" data-end=\"989\">Frente sem costuras para remendos<\/p>\n<\/li>\n<li data-start=\"990\" data-end=\"1022\">\n<p data-start=\"992\" data-end=\"1022\">Aplica\u00e7\u00e3o do log\u00f3tipo em tecido<\/p>\n<\/li>\n<li data-start=\"1023\" data-end=\"1055\">\n<p data-start=\"1025\" data-end=\"1055\">Op\u00e7\u00f5es de formato de aba dispon\u00edveis<\/p>\n<\/li>\n<li data-start=\"1056\" data-end=\"1087\">\n<p data-start=\"1058\" data-end=\"1087\">Estilos de fecho a pedido<\/p>\n<\/li>\n<\/ul>","protected":false},"excerpt":{"rendered":"<p data-start=\"1089\" data-end=\"1337\">Bon\u00e9s de cinco pain\u00e9is por grosso personalizados com um remendo tecido para uma marca n\u00edtida e semelhante a uma etiqueta. Especifique a arte e a coloca\u00e7\u00e3o do remendo, com op\u00e7\u00f5es de aba e fecho dispon\u00edveis mediante pedido. O MOQ e o prazo de entrega variam - or\u00e7amento sob consulta.<\/p>","protected":false},"featured_media":101,"template":"","meta":{"_gspb_post_css":""},"product_brand":[],"product_cat":[20,15],"product_tag":[],"class_list":{"0":"post-92","1":"product","2":"type-product","3":"status-publish","4":"has-post-thumbnail","6":"product_cat-5-panel-hats","7":"product_cat-hats-caps","9":"first","10":"instock","11":"shipping-taxable","12":"purchasable","13":"product-type-simple"},"_links":{"self":[{"href":"https:\/\/customhatsmanufacturer.com\/pt\/wp-json\/wp\/v2\/product\/92","targetHints":{"allow":["GET"]}}],"collection":[{"href":"https:\/\/customhatsmanufacturer.com\/pt\/wp-json\/wp\/v2\/product"}],"about":[{"href":"https:\/\/customhatsmanufacturer.com\/pt\/wp-json\/wp\/v2\/types\/product"}],"wp:featuredmedia":[{"embeddable":true,"href":"https:\/\/customhatsmanufacturer.com\/pt\/wp-json\/wp\/v2\/media\/101"}],"wp:attachment":[{"href":"https:\/\/customhatsmanufacturer.com\/pt\/wp-json\/wp\/v2\/media?parent=92"}],"wp:term":[{"taxonomy":"product_brand","embeddable":true,"href":"https:\/\/customhatsmanufacturer.com\/pt\/wp-json\/wp\/v2\/product_brand?post=92"},{"taxonomy":"product_cat","embeddable":true,"href":"https:\/\/customhatsmanufacturer.com\/pt\/wp-json\/wp\/v2\/product_cat?post=92"},{"taxonomy":"product_tag","embeddable":true,"href":"https:\/\/customhatsmanufacturer.com\/pt\/wp-json\/wp\/v2\/product_tag?post=92"}],"curies":[{"name":"wp","href":"https:\/\/api.w.org\/{rel}","templated":true}]}}