{"id":65,"date":"2026-02-27T08:11:20","date_gmt":"2026-02-27T08:11:20","guid":{"rendered":"https:\/\/customhatsmanufacturer.com\/?post_type=product&#038;p=65"},"modified":"2026-02-27T08:11:20","modified_gmt":"2026-02-27T08:11:20","slug":"washed-dad-caps-for-lifestyle-brands-bulk","status":"publish","type":"product","link":"https:\/\/customhatsmanufacturer.com\/pt\/produto\/washed-dad-caps-for-lifestyle-brands-bulk\/","title":{"rendered":"Bon\u00e9s de pai lavados para marcas de estilo de vida (a granel)"},"content":{"rendered":"<p data-start=\"0\" data-end=\"322\">Os bon\u00e9s de pai lavados s\u00e3o bon\u00e9s de basebol descontra\u00eddos e de baixo perfil, concebidos para parecerem e parecerem j\u00e1 usados. A forma de \u201cbon\u00e9 do pai\u201d significa normalmente uma coroa n\u00e3o estruturada, uma aba suavemente curvada e um fecho traseiro ajust\u00e1vel - ideal para linhas de chap\u00e9us discretas e quotidianas.<\/p>\n<p data-start=\"324\" data-end=\"829\">Concebidos para encomendas de marcas de estilo de vida, estes bon\u00e9s s\u00e3o adequados para tiragens repet\u00edveis para entregas, programas de venda a retalho ou produtos uniformes. A marca pode ser m\u00ednima ou proeminente - as op\u00e7\u00f5es incluem bordado frontal ou aplica\u00e7\u00e3o de remendo, com pedidos adicionais de etiqueta\/embalagem dispon\u00edveis mediante especifica\u00e7\u00e3o. O MOQ e o prazo de entrega variam - solicite um or\u00e7amento com base nas necessidades de cor, lavagem e decora\u00e7\u00e3o. Os compradores mais adequados incluem marcas de estilo de vida, equipas de merchandising de eventos, retalhistas e distribuidores de promo\u00e7\u00f5es.<\/p>\n<ul data-start=\"831\" data-end=\"989\">\n<li data-start=\"831\" data-end=\"866\">\n<p data-start=\"833\" data-end=\"866\">Coroa de baixo perfil e n\u00e3o estruturada<\/p>\n<\/li>\n<li data-start=\"867\" data-end=\"893\">\n<p data-start=\"869\" data-end=\"893\">Silhueta de aba curva<\/p>\n<\/li>\n<li data-start=\"894\" data-end=\"920\">\n<p data-start=\"896\" data-end=\"920\">Acabamento lavado e desgastado<\/p>\n<\/li>\n<li data-start=\"921\" data-end=\"956\">\n<p data-start=\"923\" data-end=\"956\">Op\u00e7\u00f5es de fecho ajust\u00e1vel nas costas<\/p>\n<\/li>\n<li data-start=\"957\" data-end=\"989\">\n<p data-start=\"959\" data-end=\"989\">Bordado ou marca de remendo<\/p>\n<\/li>\n<\/ul>","protected":false},"excerpt":{"rendered":"<p data-start=\"991\" data-end=\"1246\">Bon\u00e9s de pai lavados a granel com um ajuste descontra\u00eddo, de perfil baixo e um aspeto de \"quebrado\". Adequados para programas de marcas de estilo de vida com op\u00e7\u00f5es para bordados ou remendos, al\u00e9m de etiquetagem privada mediante pedido. O MOQ e o prazo de entrega variam - or\u00e7amento dispon\u00edvel.<\/p>","protected":false},"featured_media":87,"template":"","meta":{"_gspb_post_css":""},"product_brand":[],"product_cat":[19,15],"product_tag":[],"class_list":{"0":"post-65","1":"product","2":"type-product","3":"status-publish","4":"has-post-thumbnail","6":"product_cat-dad-hats","7":"product_cat-hats-caps","9":"first","10":"instock","11":"shipping-taxable","12":"purchasable","13":"product-type-simple"},"_links":{"self":[{"href":"https:\/\/customhatsmanufacturer.com\/pt\/wp-json\/wp\/v2\/product\/65","targetHints":{"allow":["GET"]}}],"collection":[{"href":"https:\/\/customhatsmanufacturer.com\/pt\/wp-json\/wp\/v2\/product"}],"about":[{"href":"https:\/\/customhatsmanufacturer.com\/pt\/wp-json\/wp\/v2\/types\/product"}],"wp:featuredmedia":[{"embeddable":true,"href":"https:\/\/customhatsmanufacturer.com\/pt\/wp-json\/wp\/v2\/media\/87"}],"wp:attachment":[{"href":"https:\/\/customhatsmanufacturer.com\/pt\/wp-json\/wp\/v2\/media?parent=65"}],"wp:term":[{"taxonomy":"product_brand","embeddable":true,"href":"https:\/\/customhatsmanufacturer.com\/pt\/wp-json\/wp\/v2\/product_brand?post=65"},{"taxonomy":"product_cat","embeddable":true,"href":"https:\/\/customhatsmanufacturer.com\/pt\/wp-json\/wp\/v2\/product_cat?post=65"},{"taxonomy":"product_tag","embeddable":true,"href":"https:\/\/customhatsmanufacturer.com\/pt\/wp-json\/wp\/v2\/product_tag?post=65"}],"curies":[{"name":"wp","href":"https:\/\/api.w.org\/{rel}","templated":true}]}}