{"id":64,"date":"2026-02-27T08:15:58","date_gmt":"2026-02-27T08:15:58","guid":{"rendered":"https:\/\/customhatsmanufacturer.com\/?post_type=product&#038;p=64"},"modified":"2026-02-27T08:15:58","modified_gmt":"2026-02-27T08:15:58","slug":"low-profile-dad-hats-with-metal-buckle-strap","status":"publish","type":"product","link":"https:\/\/customhatsmanufacturer.com\/pt\/produto\/low-profile-dad-hats-with-metal-buckle-strap\/","title":{"rendered":"Chap\u00e9us de pai de perfil baixo com fita de fivela met\u00e1lica"},"content":{"rendered":"<p data-start=\"0\" data-end=\"444\">Os chap\u00e9us de pai de perfil baixo com al\u00e7a de fivela met\u00e1lica s\u00e3o bon\u00e9s ajust\u00e1veis ao estilo de basebol, concebidos para um ajuste descontra\u00eddo e pr\u00f3ximo da cabe\u00e7a. A parte de tr\u00e1s com fivela e correia permite aos utilizadores finais ajustar o tamanho, enquanto a coroa baixa mant\u00e9m o aspeto discreto para uso di\u00e1rio e uniformes. Utilize-as como um estilo central em sortidos de chap\u00e9us, kits de pessoal ou promo\u00e7\u00f5es onde uma silhueta limpa e cl\u00e1ssica \u00e9 importante.<\/p>\n<p data-start=\"446\" data-end=\"869\">Para programas B2B - incluindo vendas por grosso e OEM - estes bon\u00e9s s\u00e3o f\u00e1ceis de especificar e marcar. As op\u00e7\u00f5es incluem bordados frontais, remendos em tecido ou com aspeto de couro e personaliza\u00e7\u00e3o da etiqueta interior ou da etiqueta de pendurar, mediante pedido. As cores, a embalagem e a marca\u00e7\u00e3o da caixa podem ser alinhadas com o seu sistema SKU; o MOQ e o prazo de entrega variam - solicite um or\u00e7amento. Os compradores mais adequados incluem marcas de vestu\u00e1rio, lojas de equipas, organizadores de eventos e retalhistas.<\/p>\n<ul data-start=\"871\" data-end=\"1051\">\n<li data-start=\"871\" data-end=\"903\">\n<p data-start=\"873\" data-end=\"903\">Silhueta de coroa de baixo perfil<\/p>\n<\/li>\n<li data-start=\"904\" data-end=\"941\">\n<p data-start=\"906\" data-end=\"941\">Cinto de seguran\u00e7a com fivela met\u00e1lica ajust\u00e1vel<\/p>\n<\/li>\n<li data-start=\"942\" data-end=\"971\">\n<p data-start=\"944\" data-end=\"971\">Aba curva estilo bon\u00e9 de pai<\/p>\n<\/li>\n<li data-start=\"972\" data-end=\"1012\">\n<p data-start=\"974\" data-end=\"1012\">Op\u00e7\u00f5es de marca com bordados ou remendos<\/p>\n<\/li>\n<li data-start=\"1013\" data-end=\"1051\">\n<p data-start=\"1015\" data-end=\"1051\">Etiquetagem pronta para venda a retalho a pedido<\/p>\n<\/li>\n<\/ul>","protected":false},"excerpt":{"rendered":"<p data-start=\"1053\" data-end=\"1291\">Bon\u00e9 do pai ajust\u00e1vel de baixo perfil com um fecho de fivela met\u00e1lica. Concebido para programas a granel com bordados ou remendos opcionais e etiquetagem de marca privada a pedido. O MOQ e os prazos de entrega variam - solicite um or\u00e7amento.<\/p>","protected":false},"featured_media":90,"template":"","meta":{"_gspb_post_css":""},"product_brand":[],"product_cat":[19,15],"product_tag":[],"class_list":{"0":"post-64","1":"product","2":"type-product","3":"status-publish","4":"has-post-thumbnail","6":"product_cat-dad-hats","7":"product_cat-hats-caps","9":"first","10":"instock","11":"shipping-taxable","12":"purchasable","13":"product-type-simple"},"_links":{"self":[{"href":"https:\/\/customhatsmanufacturer.com\/pt\/wp-json\/wp\/v2\/product\/64","targetHints":{"allow":["GET"]}}],"collection":[{"href":"https:\/\/customhatsmanufacturer.com\/pt\/wp-json\/wp\/v2\/product"}],"about":[{"href":"https:\/\/customhatsmanufacturer.com\/pt\/wp-json\/wp\/v2\/types\/product"}],"wp:featuredmedia":[{"embeddable":true,"href":"https:\/\/customhatsmanufacturer.com\/pt\/wp-json\/wp\/v2\/media\/90"}],"wp:attachment":[{"href":"https:\/\/customhatsmanufacturer.com\/pt\/wp-json\/wp\/v2\/media?parent=64"}],"wp:term":[{"taxonomy":"product_brand","embeddable":true,"href":"https:\/\/customhatsmanufacturer.com\/pt\/wp-json\/wp\/v2\/product_brand?post=64"},{"taxonomy":"product_cat","embeddable":true,"href":"https:\/\/customhatsmanufacturer.com\/pt\/wp-json\/wp\/v2\/product_cat?post=64"},{"taxonomy":"product_tag","embeddable":true,"href":"https:\/\/customhatsmanufacturer.com\/pt\/wp-json\/wp\/v2\/product_tag?post=64"}],"curies":[{"name":"wp","href":"https:\/\/api.w.org\/{rel}","templated":true}]}}