{"id":61,"date":"2026-02-27T08:07:43","date_gmt":"2026-02-27T08:07:43","guid":{"rendered":"https:\/\/customhatsmanufacturer.com\/?post_type=product&#038;p=61"},"modified":"2026-02-27T08:07:43","modified_gmt":"2026-02-27T08:07:43","slug":"unstructured-dad-hats-with-logo-embroidery-wholesale","status":"publish","type":"product","link":"https:\/\/customhatsmanufacturer.com\/pt\/produto\/unstructured-dad-hats-with-logo-embroidery-wholesale\/","title":{"rendered":"Chap\u00e9us de pai n\u00e3o estruturados com bordado do log\u00f3tipo (grossista)"},"content":{"rendered":"<p data-start=\"0\" data-end=\"275\">Os chap\u00e9us de pai desestruturados com log\u00f3tipo bordado s\u00e3o uma silhueta de bon\u00e9 cl\u00e1ssica concebida para uso di\u00e1rio e apresenta\u00e7\u00e3o consistente da marca. A coroa descontra\u00edda mant\u00e9m o look casual, enquanto os log\u00f3tipos cosidos acrescentam um acabamento limpo e texturado que mant\u00e9m a sua forma durante a utiliza\u00e7\u00e3o.<\/p>\n<p data-start=\"277\" data-end=\"742\">Para encomendas B2B, podemos fornecer em branco ou terminar de acordo com as suas especifica\u00e7\u00f5es com bordados colocados na frente, lado ou verso (conforme solicitado). As op\u00e7\u00f5es incluem a correspond\u00eancia da cor da linha, o dimensionamento do trabalho art\u00edstico e suplementos como etiquetas interiores, etiquetas de pendurar ou sacos de polietileno quando necessitar de uma entrega ao estilo OEM. O MOQ e o prazo de entrega variam - solicite um or\u00e7amento para obter os pre\u00e7os actuais e o prazo de produ\u00e7\u00e3o. Mais adequado para marcas, retalhistas, equipas e organizadores de eventos que necessitem de um toucado fi\u00e1vel em volume.<\/p>\n<ul data-start=\"744\" data-end=\"906\">\n<li data-start=\"744\" data-end=\"774\">\n<p data-start=\"746\" data-end=\"774\">Coroa descontra\u00edda e n\u00e3o estruturada<\/p>\n<\/li>\n<li data-start=\"775\" data-end=\"805\">\n<p data-start=\"777\" data-end=\"805\">Decora\u00e7\u00e3o bordada com o log\u00f3tipo<\/p>\n<\/li>\n<li data-start=\"806\" data-end=\"844\">\n<p data-start=\"808\" data-end=\"844\">Op\u00e7\u00f5es de coloca\u00e7\u00e3o: frente\/lado\/tr\u00e1s<\/p>\n<\/li>\n<li data-start=\"845\" data-end=\"877\">\n<p data-start=\"847\" data-end=\"877\">Op\u00e7\u00f5es de rotulagem e embalagem<\/p>\n<\/li>\n<li data-start=\"878\" data-end=\"906\">\n<p data-start=\"880\" data-end=\"906\">Fornecimento a granel para programas<\/p>\n<\/li>\n<\/ul>","protected":false},"excerpt":{"rendered":"<p data-start=\"908\" data-end=\"1143\">Bon\u00e9s do pai desestruturados com log\u00f3tipo bordado para encomendas em volume. Escolha a coloca\u00e7\u00e3o do bordado e as cores da linha, com etiquetagem opcional e complementos de embalagem para apoiar as necessidades de retalho, equipa ou realiza\u00e7\u00e3o de eventos.<\/p>","protected":false},"featured_media":81,"template":"","meta":{"_gspb_post_css":""},"product_brand":[],"product_cat":[19,15],"product_tag":[],"class_list":{"0":"post-61","1":"product","2":"type-product","3":"status-publish","4":"has-post-thumbnail","6":"product_cat-dad-hats","7":"product_cat-hats-caps","9":"first","10":"instock","11":"shipping-taxable","12":"purchasable","13":"product-type-simple"},"_links":{"self":[{"href":"https:\/\/customhatsmanufacturer.com\/pt\/wp-json\/wp\/v2\/product\/61","targetHints":{"allow":["GET"]}}],"collection":[{"href":"https:\/\/customhatsmanufacturer.com\/pt\/wp-json\/wp\/v2\/product"}],"about":[{"href":"https:\/\/customhatsmanufacturer.com\/pt\/wp-json\/wp\/v2\/types\/product"}],"wp:featuredmedia":[{"embeddable":true,"href":"https:\/\/customhatsmanufacturer.com\/pt\/wp-json\/wp\/v2\/media\/81"}],"wp:attachment":[{"href":"https:\/\/customhatsmanufacturer.com\/pt\/wp-json\/wp\/v2\/media?parent=61"}],"wp:term":[{"taxonomy":"product_brand","embeddable":true,"href":"https:\/\/customhatsmanufacturer.com\/pt\/wp-json\/wp\/v2\/product_brand?post=61"},{"taxonomy":"product_cat","embeddable":true,"href":"https:\/\/customhatsmanufacturer.com\/pt\/wp-json\/wp\/v2\/product_cat?post=61"},{"taxonomy":"product_tag","embeddable":true,"href":"https:\/\/customhatsmanufacturer.com\/pt\/wp-json\/wp\/v2\/product_tag?post=61"}],"curies":[{"name":"wp","href":"https:\/\/api.w.org\/{rel}","templated":true}]}}