{"id":60,"date":"2026-02-27T08:07:54","date_gmt":"2026-02-27T08:07:54","guid":{"rendered":"https:\/\/customhatsmanufacturer.com\/?post_type=product&#038;p=60"},"modified":"2026-02-27T08:07:54","modified_gmt":"2026-02-27T08:07:54","slug":"fitted-baseball-caps-with-3d-embroidery-bulk","status":"publish","type":"product","link":"https:\/\/customhatsmanufacturer.com\/pt\/produto\/fitted-baseball-caps-with-3d-embroidery-bulk\/","title":{"rendered":"Bon\u00e9s de basebol com bordado 3D (a granel)"},"content":{"rendered":"<p data-start=\"0\" data-end=\"423\">Os bon\u00e9s de basebol com bordado 3D foram concebidos para um aspeto limpo e fechado e um ajuste de tamanho, o que os torna uma boa escolha quando necessita de um toucado consistente durante uma corrida. O efeito de ponto em relevo - muitas vezes criado por costura sobre uma base de espuma - acrescenta profundidade aos log\u00f3tipos e \u00e0s letras para que a marca seja lida claramente \u00e0 dist\u00e2ncia.<\/p>\n<p data-start=\"425\" data-end=\"823\">Prontos para programas a granel, estes bon\u00e9s podem ser produzidos de acordo com as suas especifica\u00e7\u00f5es, com op\u00e7\u00f5es como a combina\u00e7\u00e3o de cores de linhas, bordados planos mistos + 3D ou coloca\u00e7\u00f5es alternativas de log\u00f3tipo, mediante pedido. Apoiamos o fornecimento por grosso, o desenvolvimento OEM e a repeti\u00e7\u00e3o de encomendas depois de o tamanho e o trabalho art\u00edstico serem aprovados. O MOQ e o prazo de entrega variam - solicite um or\u00e7amento. Mais adequado para marcas, equipas desportivas, produtos para eventos e retalhistas.<\/p>\n<ul data-start=\"825\" data-end=\"968\">\n<li data-start=\"825\" data-end=\"854\">\n<p data-start=\"827\" data-end=\"854\">Bordado 3D em relevo com puff<\/p>\n<\/li>\n<li data-start=\"855\" data-end=\"884\">\n<p data-start=\"857\" data-end=\"884\">Tamanho fechado e ajustado<\/p>\n<\/li>\n<li data-start=\"885\" data-end=\"911\">\n<p data-start=\"887\" data-end=\"911\">Op\u00e7\u00f5es de coloca\u00e7\u00e3o do log\u00f3tipo<\/p>\n<\/li>\n<li data-start=\"912\" data-end=\"939\">\n<p data-start=\"914\" data-end=\"939\">Sele\u00e7\u00e3o da cor da linha<\/p>\n<\/li>\n<li data-start=\"940\" data-end=\"968\">\n<p data-start=\"942\" data-end=\"968\">Produ\u00e7\u00e3o para grandes s\u00e9ries<\/p>\n<\/li>\n<\/ul>","protected":false},"excerpt":{"rendered":"<p data-start=\"970\" data-end=\"1192\">Bon\u00e9s fechados com bordado 3D em relevo para log\u00f3tipos arrojados. Oferecidos a granel com cores de linha opcionais e op\u00e7\u00f5es de coloca\u00e7\u00e3o do log\u00f3tipo mediante pedido. O MOQ e o prazo de entrega variam - solicite um or\u00e7amento.<\/p>","protected":false},"featured_media":77,"template":"","meta":{"_gspb_post_css":""},"product_brand":[],"product_cat":[18,15],"product_tag":[],"class_list":{"0":"post-60","1":"product","2":"type-product","3":"status-publish","4":"has-post-thumbnail","6":"product_cat-baseball-hats","7":"product_cat-hats-caps","9":"first","10":"instock","11":"shipping-taxable","12":"purchasable","13":"product-type-simple"},"_links":{"self":[{"href":"https:\/\/customhatsmanufacturer.com\/pt\/wp-json\/wp\/v2\/product\/60","targetHints":{"allow":["GET"]}}],"collection":[{"href":"https:\/\/customhatsmanufacturer.com\/pt\/wp-json\/wp\/v2\/product"}],"about":[{"href":"https:\/\/customhatsmanufacturer.com\/pt\/wp-json\/wp\/v2\/types\/product"}],"wp:featuredmedia":[{"embeddable":true,"href":"https:\/\/customhatsmanufacturer.com\/pt\/wp-json\/wp\/v2\/media\/77"}],"wp:attachment":[{"href":"https:\/\/customhatsmanufacturer.com\/pt\/wp-json\/wp\/v2\/media?parent=60"}],"wp:term":[{"taxonomy":"product_brand","embeddable":true,"href":"https:\/\/customhatsmanufacturer.com\/pt\/wp-json\/wp\/v2\/product_brand?post=60"},{"taxonomy":"product_cat","embeddable":true,"href":"https:\/\/customhatsmanufacturer.com\/pt\/wp-json\/wp\/v2\/product_cat?post=60"},{"taxonomy":"product_tag","embeddable":true,"href":"https:\/\/customhatsmanufacturer.com\/pt\/wp-json\/wp\/v2\/product_tag?post=60"}],"curies":[{"name":"wp","href":"https:\/\/api.w.org\/{rel}","templated":true}]}}