{"id":59,"date":"2026-02-27T07:42:03","date_gmt":"2026-02-27T07:42:03","guid":{"rendered":"https:\/\/customhatsmanufacturer.com\/?post_type=product&#038;p=59"},"modified":"2026-02-27T07:42:04","modified_gmt":"2026-02-27T07:42:04","slug":"performance-baseball-hats-in-moisture-wick-fabric","status":"publish","type":"product","link":"https:\/\/customhatsmanufacturer.com\/pt\/produto\/performance-baseball-hats-in-moisture-wick-fabric\/","title":{"rendered":"Bon\u00e9s de basebol de desempenho em tecido que n\u00e3o absorve a humidade"},"content":{"rendered":"<p data-start=\"0\" data-end=\"519\">Constru\u00eddos numa silhueta cl\u00e1ssica de bon\u00e9 de basebol, estes bon\u00e9s de basebol de alto desempenho s\u00e3o fabricados com tecido que absorve a humidade, que afasta a transpira\u00e7\u00e3o da pele e a espalha pela superf\u00edcie para que possa secar rapidamente. Isto faz com que sejam uma excelente escolha para os campos de treino, equipas de campo e promo\u00e7\u00f5es ao ar livre onde o calor e o movimento s\u00e3o constantes. Precisa de um visual espec\u00edfico? As op\u00e7\u00f5es podem incluir pain\u00e9is frontais estruturados ou descontra\u00eddos, abas curvas ou planas e v\u00e1rios estilos de fecho.<\/p>\n<p data-start=\"521\" data-end=\"899\">Para encomendas B2B, pode especificar a decora\u00e7\u00e3o para corresponder ao seu programa - bordados, remendos cosidos ou impress\u00f5es de log\u00f3tipos por transfer\u00eancia t\u00e9rmica - juntamente com etiquetas privadas, etiquetas de pendurar e marca\u00e7\u00e3o na caixa, se necess\u00e1rio. O MOQ e o prazo de entrega variam consoante a constru\u00e7\u00e3o e o trabalho art\u00edstico, por isso, solicite um or\u00e7amento para as janelas de produ\u00e7\u00e3o actuais. Ideal para marcas, equipas, eventos e retalhistas que necessitam de um fornecimento repet\u00edvel de chap\u00e9us.<\/p>\n<ul data-start=\"900\" data-end=\"1095\">\n<li data-start=\"900\" data-end=\"936\">\n<p data-start=\"902\" data-end=\"936\">Desempenho do tecido que absorve a humidade<\/p>\n<\/li>\n<li data-start=\"937\" data-end=\"974\">\n<p data-start=\"939\" data-end=\"974\">Log\u00f3tipos bordados, em patch ou impressos<\/p>\n<\/li>\n<li data-start=\"975\" data-end=\"1003\">\n<p data-start=\"977\" data-end=\"1003\">Op\u00e7\u00f5es de aba e perfil<\/p>\n<\/li>\n<li data-start=\"1004\" data-end=\"1041\">\n<p data-start=\"1006\" data-end=\"1041\">V\u00e1rios estilos de fecho dispon\u00edveis<\/p>\n<\/li>\n<li data-start=\"1042\" data-end=\"1067\">\n<p data-start=\"1044\" data-end=\"1067\">Complementos de marca pr\u00f3pria<\/p>\n<\/li>\n<li data-start=\"1068\" data-end=\"1095\">\n<p data-start=\"1070\" data-end=\"1095\">Embalagem em caixa de cart\u00e3o para granel<\/p>\n<\/li>\n<\/ul>","protected":false},"excerpt":{"rendered":"<p data-start=\"1097\" data-end=\"1328\">Bon\u00e9s de desempenho que absorvem a humidade, concebidos para programas de vestu\u00e1rio ativo. Especificar a decora\u00e7\u00e3o (bordados, emblemas ou impress\u00f5es por transfer\u00eancia t\u00e9rmica) e os detalhes da embalagem para fornecimento a granel. MOQ baseado em cota\u00e7\u00f5es e prazos de entrega.<\/p>","protected":false},"featured_media":72,"template":"","meta":{"_gspb_post_css":""},"product_brand":[],"product_cat":[18,15],"product_tag":[],"class_list":{"0":"post-59","1":"product","2":"type-product","3":"status-publish","4":"has-post-thumbnail","6":"product_cat-baseball-hats","7":"product_cat-hats-caps","9":"first","10":"instock","11":"shipping-taxable","12":"purchasable","13":"product-type-simple"},"_links":{"self":[{"href":"https:\/\/customhatsmanufacturer.com\/pt\/wp-json\/wp\/v2\/product\/59","targetHints":{"allow":["GET"]}}],"collection":[{"href":"https:\/\/customhatsmanufacturer.com\/pt\/wp-json\/wp\/v2\/product"}],"about":[{"href":"https:\/\/customhatsmanufacturer.com\/pt\/wp-json\/wp\/v2\/types\/product"}],"wp:featuredmedia":[{"embeddable":true,"href":"https:\/\/customhatsmanufacturer.com\/pt\/wp-json\/wp\/v2\/media\/72"}],"wp:attachment":[{"href":"https:\/\/customhatsmanufacturer.com\/pt\/wp-json\/wp\/v2\/media?parent=59"}],"wp:term":[{"taxonomy":"product_brand","embeddable":true,"href":"https:\/\/customhatsmanufacturer.com\/pt\/wp-json\/wp\/v2\/product_brand?post=59"},{"taxonomy":"product_cat","embeddable":true,"href":"https:\/\/customhatsmanufacturer.com\/pt\/wp-json\/wp\/v2\/product_cat?post=59"},{"taxonomy":"product_tag","embeddable":true,"href":"https:\/\/customhatsmanufacturer.com\/pt\/wp-json\/wp\/v2\/product_tag?post=59"}],"curies":[{"name":"wp","href":"https:\/\/api.w.org\/{rel}","templated":true}]}}