{"id":33,"date":"2026-02-27T07:19:02","date_gmt":"2026-02-27T07:19:02","guid":{"rendered":"https:\/\/customhatsmanufacturer.com\/?post_type=product&#038;p=33"},"modified":"2026-02-27T07:19:02","modified_gmt":"2026-02-27T07:19:02","slug":"classic-mesh-trucker-hats-with-logo-patch-oem","status":"publish","type":"product","link":"https:\/\/customhatsmanufacturer.com\/pt\/produto\/classic-mesh-trucker-hats-with-logo-patch-oem\/","title":{"rendered":"Chap\u00e9us de camionista de malha cl\u00e1ssica com remendo de log\u00f3tipo (OEM)"},"content":{"rendered":"<p data-start=\"0\" data-end=\"298\">Os chap\u00e9us de camionista cl\u00e1ssicos em malha com um emblema com log\u00f3tipo s\u00e3o um estilo de bon\u00e9 b\u00e1sico concebido para uma utiliza\u00e7\u00e3o di\u00e1ria respir\u00e1vel. A parte de tr\u00e1s em malha ajuda a manter o fluxo de ar em movimento, enquanto o painel frontal d\u00e1 ao seu emblema uma casa limpa e de alta visibilidade para a marca.<\/p>\n<p data-start=\"300\" data-end=\"712\">Concebidos para o aprovisionamento B2B, estes bon\u00e9s podem ser produzidos de acordo com o seu briefing OEM - as cores, o tamanho do emblema e a coloca\u00e7\u00e3o s\u00e3o especificados de acordo com as suas necessidades e podem ser solicitados estilos de emblema (tecido, bordado, pele sint\u00e9tica, PVC). Os perfis de fecho e de aba tamb\u00e9m podem ser selecionados para corresponder ao seu mercado. O MOQ e o prazo de entrega variam - solicite um or\u00e7amento. Ideal para marcas, equipas, organizadores de eventos e retalhistas.<\/p>\n<ul data-start=\"713\" data-end=\"864\">\n<li data-start=\"713\" data-end=\"744\">\n<p data-start=\"715\" data-end=\"744\">Pain\u00e9is traseiros em malha respir\u00e1vel<\/p>\n<\/li>\n<li data-start=\"745\" data-end=\"773\">\n<p data-start=\"747\" data-end=\"773\">Zona de marca\u00e7\u00e3o do log\u00f3tipo<\/p>\n<\/li>\n<li data-start=\"774\" data-end=\"807\">\n<p data-start=\"776\" data-end=\"807\">Op\u00e7\u00f5es de estilo de remendo dispon\u00edveis<\/p>\n<\/li>\n<li data-start=\"808\" data-end=\"838\">\n<p data-start=\"810\" data-end=\"838\">Op\u00e7\u00f5es de fecho ajust\u00e1veis<\/p>\n<\/li>\n<li data-start=\"839\" data-end=\"864\">\n<p data-start=\"841\" data-end=\"864\">Correspond\u00eancia de cores OEM<\/p>\n<\/li>\n<\/ul>","protected":false},"excerpt":{"rendered":"<p data-start=\"866\" data-end=\"1097\">Bon\u00e9s de camionista cl\u00e1ssicos em malha com uma \u00e1rea de remendo do log\u00f3tipo para marcas de marca. Concebidos para programas de fornecimento OEM e a granel com estilo de remendo, coloca\u00e7\u00e3o e cores configur\u00e1veis. MOQs e prazos baseados em cota\u00e7\u00f5es.<\/p>","protected":false},"featured_media":56,"template":"","meta":{"_gspb_post_css":""},"product_brand":[],"product_cat":[17,15],"product_tag":[],"class_list":{"0":"post-33","1":"product","2":"type-product","3":"status-publish","4":"has-post-thumbnail","6":"product_cat-trucker-hats","7":"product_cat-hats-caps","9":"first","10":"instock","11":"shipping-taxable","12":"purchasable","13":"product-type-simple"},"_links":{"self":[{"href":"https:\/\/customhatsmanufacturer.com\/pt\/wp-json\/wp\/v2\/product\/33","targetHints":{"allow":["GET"]}}],"collection":[{"href":"https:\/\/customhatsmanufacturer.com\/pt\/wp-json\/wp\/v2\/product"}],"about":[{"href":"https:\/\/customhatsmanufacturer.com\/pt\/wp-json\/wp\/v2\/types\/product"}],"wp:featuredmedia":[{"embeddable":true,"href":"https:\/\/customhatsmanufacturer.com\/pt\/wp-json\/wp\/v2\/media\/56"}],"wp:attachment":[{"href":"https:\/\/customhatsmanufacturer.com\/pt\/wp-json\/wp\/v2\/media?parent=33"}],"wp:term":[{"taxonomy":"product_brand","embeddable":true,"href":"https:\/\/customhatsmanufacturer.com\/pt\/wp-json\/wp\/v2\/product_brand?post=33"},{"taxonomy":"product_cat","embeddable":true,"href":"https:\/\/customhatsmanufacturer.com\/pt\/wp-json\/wp\/v2\/product_cat?post=33"},{"taxonomy":"product_tag","embeddable":true,"href":"https:\/\/customhatsmanufacturer.com\/pt\/wp-json\/wp\/v2\/product_tag?post=33"}],"curies":[{"name":"wp","href":"https:\/\/api.w.org\/{rel}","templated":true}]}}