{"id":31,"date":"2026-02-27T07:12:00","date_gmt":"2026-02-27T07:12:00","guid":{"rendered":"https:\/\/customhatsmanufacturer.com\/?post_type=product&#038;p=31"},"modified":"2026-02-27T07:12:00","modified_gmt":"2026-02-27T07:12:00","slug":"custom-trucker-hats-with-mesh-back-wholesale","status":"publish","type":"product","link":"https:\/\/customhatsmanufacturer.com\/pt\/produto\/custom-trucker-hats-with-mesh-back-wholesale\/","title":{"rendered":"Bon\u00e9s de camionista personalizados com costas em malha (grossista)"},"content":{"rendered":"<p data-start=\"0\" data-end=\"476\">Concebidos para utiliza\u00e7\u00e3o em tempo quente e para uma marca de alta visibilidade, estes chap\u00e9us de camionista personalizados apresentam uma parte posterior em malha ventilada combinada com um painel frontal simples concebido para o seu trabalho art\u00edstico. A malha ajuda o fluxo de ar no local de trabalho, no stand ou na estrada, enquanto o aspeto estruturado se mant\u00e9m pronto para o retalho. Escolha o perfil e a sensa\u00e7\u00e3o da aba que correspondem \u00e0 sua linha - as op\u00e7\u00f5es podem incluir viseiras curvas ou planas e diferentes disposi\u00e7\u00f5es de painel, dependendo do estilo que selecionar.<\/p>\n<p data-start=\"478\" data-end=\"951\">Para programas por grosso, apoiamos a decora\u00e7\u00e3o da marca, desde a simples coloca\u00e7\u00e3o do log\u00f3tipo a marcas multicoloridas. As op\u00e7\u00f5es incluem bordados, remendos cosidos ou aplica\u00e7\u00f5es impressas, com correspond\u00eancia de cores dispon\u00edvel mediante pedido. As quantidades de encomenda, a embalagem e os prazos de produ\u00e7\u00e3o variam consoante a constru\u00e7\u00e3o e a decora\u00e7\u00e3o - solicite um or\u00e7amento com o ficheiro do seu log\u00f3tipo para uma an\u00e1lise mais r\u00e1pida das especifica\u00e7\u00f5es. Ideal para marcas comerciais, equipas desportivas, organizadores de eventos e retalhistas que necessitem de um reabastecimento consistente.<\/p>\n<ul data-start=\"953\" data-end=\"1148\">\n<li data-start=\"953\" data-end=\"984\">\n<p data-start=\"955\" data-end=\"984\">Pain\u00e9is traseiros em malha respir\u00e1vel<\/p>\n<\/li>\n<li data-start=\"985\" data-end=\"1009\">\n<p data-start=\"987\" data-end=\"1009\">Painel frontal para o log\u00f3tipo<\/p>\n<\/li>\n<li data-start=\"1010\" data-end=\"1041\">\n<p data-start=\"1012\" data-end=\"1041\">Bordado, remendo ou impress\u00e3o<\/p>\n<\/li>\n<li data-start=\"1042\" data-end=\"1082\">\n<p data-start=\"1044\" data-end=\"1082\">Op\u00e7\u00f5es de fecho ajust\u00e1veis dispon\u00edveis<\/p>\n<\/li>\n<li data-start=\"1083\" data-end=\"1115\">\n<p data-start=\"1085\" data-end=\"1115\">Op\u00e7\u00f5es de viseira curva ou plana<\/p>\n<\/li>\n<li data-start=\"1116\" data-end=\"1148\">\n<p data-start=\"1118\" data-end=\"1148\">Op\u00e7\u00f5es de embalagem prontas para venda a retalho<\/p>\n<\/li>\n<\/ul>","protected":false},"excerpt":{"rendered":"<p data-start=\"1150\" data-end=\"1390\">Bon\u00e9s de camionista de malha para tr\u00e1s com um painel frontal personalizado. Adicione bordados, remendos ou impress\u00f5es para corresponder \u00e0s necessidades da sua marca, equipa ou evento. Os pormenores de estilo e os volumes de encomenda s\u00e3o constru\u00eddos de acordo com as especifica\u00e7\u00f5es do or\u00e7amento dispon\u00edvel.<\/p>","protected":false},"featured_media":48,"template":"","meta":{"_gspb_post_css":""},"product_brand":[],"product_cat":[17,15],"product_tag":[],"class_list":{"0":"post-31","1":"product","2":"type-product","3":"status-publish","4":"has-post-thumbnail","6":"product_cat-trucker-hats","7":"product_cat-hats-caps","9":"first","10":"instock","11":"shipping-taxable","12":"purchasable","13":"product-type-simple"},"_links":{"self":[{"href":"https:\/\/customhatsmanufacturer.com\/pt\/wp-json\/wp\/v2\/product\/31","targetHints":{"allow":["GET"]}}],"collection":[{"href":"https:\/\/customhatsmanufacturer.com\/pt\/wp-json\/wp\/v2\/product"}],"about":[{"href":"https:\/\/customhatsmanufacturer.com\/pt\/wp-json\/wp\/v2\/types\/product"}],"wp:featuredmedia":[{"embeddable":true,"href":"https:\/\/customhatsmanufacturer.com\/pt\/wp-json\/wp\/v2\/media\/48"}],"wp:attachment":[{"href":"https:\/\/customhatsmanufacturer.com\/pt\/wp-json\/wp\/v2\/media?parent=31"}],"wp:term":[{"taxonomy":"product_brand","embeddable":true,"href":"https:\/\/customhatsmanufacturer.com\/pt\/wp-json\/wp\/v2\/product_brand?post=31"},{"taxonomy":"product_cat","embeddable":true,"href":"https:\/\/customhatsmanufacturer.com\/pt\/wp-json\/wp\/v2\/product_cat?post=31"},{"taxonomy":"product_tag","embeddable":true,"href":"https:\/\/customhatsmanufacturer.com\/pt\/wp-json\/wp\/v2\/product_tag?post=31"}],"curies":[{"name":"wp","href":"https:\/\/api.w.org\/{rel}","templated":true}]}}