{"id":309,"date":"2026-02-28T06:50:14","date_gmt":"2026-02-28T06:50:14","guid":{"rendered":"https:\/\/customhatsmanufacturer.com\/?post_type=product&#038;p=309"},"modified":"2026-02-28T06:50:14","modified_gmt":"2026-02-28T06:50:14","slug":"winter-scarves-with-custom-label-oem-supplier","status":"publish","type":"product","link":"https:\/\/customhatsmanufacturer.com\/pt\/produto\/winter-scarves-with-custom-label-oem-supplier\/","title":{"rendered":"Cachec\u00f3is de inverno com etiqueta personalizada (Fornecedor OEM)"},"content":{"rendered":"<p data-start=\"0\" data-end=\"455\">Os cachec\u00f3is de inverno com etiqueta personalizada s\u00e3o acess\u00f3rios para o pesco\u00e7o para a esta\u00e7\u00e3o fria, concebidos para serem usados por marcas privadas. O corpo do cachecol pode ser produzido em malha ou tecido, consoante o visual que vende, com op\u00e7\u00f5es de acabamento como bordos limpos ou franjas dispon\u00edveis mediante pedido. A identidade da sua marca \u00e9 acrescentada atrav\u00e9s de uma etiqueta cosida, com op\u00e7\u00f5es que incluem etiquetas tecidas, etiquetas de tecido impressas e etiquetas de conserva\u00e7\u00e3o para corresponder aos seus padr\u00f5es de embalagem.<\/p>\n<p data-start=\"457\" data-end=\"813\">Como fornecedor OEM, apoiamos a produ\u00e7\u00e3o repetida para encomendas, entregas sazonais e programas de uniformes. Envie o ficheiro do seu log\u00f3tipo e qualquer tamanho ou cor pretendidos e, em seguida, confirmaremos a coloca\u00e7\u00e3o de etiquetas, conjuntos de etiquetas e embalagem para que os produtos cheguem prontos para o seu fluxo de distribui\u00e7\u00e3o. O MOQ e o prazo de entrega variam - solicite um or\u00e7amento. A melhor op\u00e7\u00e3o para marcas, equipas, eventos e retalhistas.<\/p>\n<ul data-start=\"815\" data-end=\"971\">\n<li data-start=\"815\" data-end=\"853\">\n<p data-start=\"817\" data-end=\"853\">Op\u00e7\u00f5es de constru\u00e7\u00e3o em malha ou tecido<\/p>\n<\/li>\n<li data-start=\"854\" data-end=\"878\">\n<p data-start=\"856\" data-end=\"878\">Etiqueta personalizada cosida<\/p>\n<\/li>\n<li data-start=\"879\" data-end=\"904\">\n<p data-start=\"881\" data-end=\"904\">Etiquetas tecidas ou impressas<\/p>\n<\/li>\n<li data-start=\"905\" data-end=\"938\">\n<p data-start=\"907\" data-end=\"938\">Acabamentos com franjas ou com arestas limpas<\/p>\n<\/li>\n<li data-start=\"939\" data-end=\"971\">\n<p data-start=\"941\" data-end=\"971\">Op\u00e7\u00f5es de embalagem prontas para venda a retalho<\/p>\n<\/li>\n<\/ul>","protected":false},"excerpt":{"rendered":"<p data-start=\"973\" data-end=\"1221\">Cachec\u00f3is para a esta\u00e7\u00e3o fria fornecidos com a sua pr\u00f3pria marca cosida. Escolha o estilo e a coloca\u00e7\u00e3o da etiqueta para corresponder \u00e0 sua linha e, em seguida, encomende em quantidades de produ\u00e7\u00e3o para venda a retalho, uniformes ou ofertas de empresas. Or\u00e7amento com base nas suas especifica\u00e7\u00f5es.<\/p>","protected":false},"featured_media":330,"template":"","meta":{"_gspb_post_css":""},"product_brand":[],"product_cat":[37,36],"product_tag":[],"class_list":{"0":"post-309","1":"product","2":"type-product","3":"status-publish","4":"has-post-thumbnail","6":"product_cat-scarves","7":"product_cat-accessories","9":"first","10":"instock","11":"shipping-taxable","12":"purchasable","13":"product-type-simple"},"_links":{"self":[{"href":"https:\/\/customhatsmanufacturer.com\/pt\/wp-json\/wp\/v2\/product\/309","targetHints":{"allow":["GET"]}}],"collection":[{"href":"https:\/\/customhatsmanufacturer.com\/pt\/wp-json\/wp\/v2\/product"}],"about":[{"href":"https:\/\/customhatsmanufacturer.com\/pt\/wp-json\/wp\/v2\/types\/product"}],"wp:featuredmedia":[{"embeddable":true,"href":"https:\/\/customhatsmanufacturer.com\/pt\/wp-json\/wp\/v2\/media\/330"}],"wp:attachment":[{"href":"https:\/\/customhatsmanufacturer.com\/pt\/wp-json\/wp\/v2\/media?parent=309"}],"wp:term":[{"taxonomy":"product_brand","embeddable":true,"href":"https:\/\/customhatsmanufacturer.com\/pt\/wp-json\/wp\/v2\/product_brand?post=309"},{"taxonomy":"product_cat","embeddable":true,"href":"https:\/\/customhatsmanufacturer.com\/pt\/wp-json\/wp\/v2\/product_cat?post=309"},{"taxonomy":"product_tag","embeddable":true,"href":"https:\/\/customhatsmanufacturer.com\/pt\/wp-json\/wp\/v2\/product_tag?post=309"}],"curies":[{"name":"wp","href":"https:\/\/api.w.org\/{rel}","templated":true}]}}