{"id":307,"date":"2026-02-28T06:40:14","date_gmt":"2026-02-28T06:40:14","guid":{"rendered":"https:\/\/customhatsmanufacturer.com\/?post_type=product&#038;p=307"},"modified":"2026-02-28T06:40:15","modified_gmt":"2026-02-28T06:40:15","slug":"custom-knit-scarves-with-woven-logo-wholesale","status":"publish","type":"product","link":"https:\/\/customhatsmanufacturer.com\/pt\/produto\/custom-knit-scarves-with-woven-logo-wholesale\/","title":{"rendered":"Cachec\u00f3is de malha personalizados com log\u00f3tipo tecido (grossista)"},"content":{"rendered":"<p data-start=\"0\" data-end=\"510\">Os cachec\u00f3is de malha personalizados com um log\u00f3tipo tecido d\u00e3o \u00e0 sua linha um aspeto de assinatura que parece incorporado, n\u00e3o colado mais tarde. A marca \u00e9 criada atrav\u00e9s de um padr\u00e3o de malha tecida, pelo que a marca se torna parte da estrutura do tecido e n\u00e3o uma decora\u00e7\u00e3o de superf\u00edcie adicional. Utilize-os como cachec\u00f3is para f\u00e3s, acess\u00f3rios de retalho ou complementos para uniformes; as disposi\u00e7\u00f5es podem variar entre texto simples e motivos mais gr\u00e1ficos, dependendo da complexidade do trabalho art\u00edstico.<\/p>\n<p data-start=\"512\" data-end=\"904\">Para as compras por grosso, facilitamos a especifica\u00e7\u00e3o, a amostragem e a encomenda: partilhe o seu log\u00f3tipo, confirme a coloca\u00e7\u00e3o e as cores e, em seguida, aprove o resumo da produ\u00e7\u00e3o. As op\u00e7\u00f5es incluem tratamentos de tamanho e franja, al\u00e9m de varia\u00e7\u00f5es de padr\u00e3o para combinar com uma cole\u00e7\u00e3o ou campanha. O MOQ e o prazo de entrega variam - solicite um or\u00e7amento para obter pre\u00e7os e prazos actuais. Mais adequado para marcas, equipas, eventos e retalhistas.<\/p>\n<ul data-start=\"906\" data-end=\"1087\">\n<li data-start=\"906\" data-end=\"939\">\n<p data-start=\"908\" data-end=\"939\">Log\u00f3tipo tecido integrado na malha<\/p>\n<\/li>\n<li data-start=\"940\" data-end=\"978\">\n<p data-start=\"942\" data-end=\"978\">Op\u00e7\u00f5es de layout e cores personalizadas<\/p>\n<\/li>\n<li data-start=\"979\" data-end=\"1016\">\n<p data-start=\"981\" data-end=\"1016\">Op\u00e7\u00f5es de tamanho dispon\u00edveis mediante pedido<\/p>\n<\/li>\n<li data-start=\"1017\" data-end=\"1049\">\n<p data-start=\"1019\" data-end=\"1049\">Acabamentos de franja ou de extremidade limpa<\/p>\n<\/li>\n<li data-start=\"1050\" data-end=\"1087\">\n<p data-start=\"1052\" data-end=\"1087\">Op\u00e7\u00f5es de embalagem e etiquetagem a granel<\/p>\n<\/li>\n<\/ul>","protected":false},"excerpt":{"rendered":"<p data-start=\"1089\" data-end=\"1334\">Cachec\u00f3is de malha personalizados por atacado com um log\u00f3tipo tecido no design. Configure as cores, a coloca\u00e7\u00e3o e as op\u00e7\u00f5es de acabamento para corresponder ao seu programa. MOQs baseados em cota\u00e7\u00f5es e prazos de entrega para fornecimentos a granel e tiragens repetidas.<\/p>","protected":false},"featured_media":323,"template":"","meta":{"_gspb_post_css":""},"product_brand":[],"product_cat":[37,36],"product_tag":[],"class_list":{"0":"post-307","1":"product","2":"type-product","3":"status-publish","4":"has-post-thumbnail","6":"product_cat-scarves","7":"product_cat-accessories","9":"first","10":"instock","11":"shipping-taxable","12":"purchasable","13":"product-type-simple"},"_links":{"self":[{"href":"https:\/\/customhatsmanufacturer.com\/pt\/wp-json\/wp\/v2\/product\/307","targetHints":{"allow":["GET"]}}],"collection":[{"href":"https:\/\/customhatsmanufacturer.com\/pt\/wp-json\/wp\/v2\/product"}],"about":[{"href":"https:\/\/customhatsmanufacturer.com\/pt\/wp-json\/wp\/v2\/types\/product"}],"wp:featuredmedia":[{"embeddable":true,"href":"https:\/\/customhatsmanufacturer.com\/pt\/wp-json\/wp\/v2\/media\/323"}],"wp:attachment":[{"href":"https:\/\/customhatsmanufacturer.com\/pt\/wp-json\/wp\/v2\/media?parent=307"}],"wp:term":[{"taxonomy":"product_brand","embeddable":true,"href":"https:\/\/customhatsmanufacturer.com\/pt\/wp-json\/wp\/v2\/product_brand?post=307"},{"taxonomy":"product_cat","embeddable":true,"href":"https:\/\/customhatsmanufacturer.com\/pt\/wp-json\/wp\/v2\/product_cat?post=307"},{"taxonomy":"product_tag","embeddable":true,"href":"https:\/\/customhatsmanufacturer.com\/pt\/wp-json\/wp\/v2\/product_tag?post=307"}],"curies":[{"name":"wp","href":"https:\/\/api.w.org\/{rel}","templated":true}]}}