{"id":306,"date":"2026-02-28T06:34:36","date_gmt":"2026-02-28T06:34:36","guid":{"rendered":"https:\/\/customhatsmanufacturer.com\/?post_type=product&#038;p=306"},"modified":"2026-02-28T06:34:36","modified_gmt":"2026-02-28T06:34:36","slug":"puffer-jackets-with-custom-branding-oem","status":"publish","type":"product","link":"https:\/\/customhatsmanufacturer.com\/pt\/produto\/puffer-jackets-with-custom-branding-oem\/","title":{"rendered":"Casacos de chuva com marca personalizada (OEM)"},"content":{"rendered":"<p data-start=\"0\" data-end=\"517\">Estes casacos acolchoados com isolamento foram concebidos para programas de vestu\u00e1rio exterior de marca em que o calor e uma silhueta simples s\u00e3o importantes. A constru\u00e7\u00e3o acolchoada e com deflectores cria o \u201cpuff\u201d carater\u00edstico ao manter o isolamento no lugar, ajudando a reduzir as desloca\u00e7\u00f5es e os pontos frios. Escolha o aspeto de que a sua linha necessita - gola ou capuz, disposi\u00e7\u00e3o dos bolsos e ferragens podem ser ajustados ao seu pacote tecnol\u00f3gico, com op\u00e7\u00f5es de enchimento sint\u00e9tico ou de penugem dispon\u00edveis mediante pedido.<\/p>\n<p data-start=\"519\" data-end=\"982\">Uma vez que se trata de um projeto OEM, a sua identidade \u00e9 transmitida: selecione a coloca\u00e7\u00e3o do log\u00f3tipo e a via de marca que se adequa ao tecido - bordados, remendos tecidos ou bordados, ou impress\u00f5es por transfer\u00eancia t\u00e9rmica s\u00e3o comuns. Adicione etiquetas privadas, etiquetas de cuidado e embalagens para corresponder \u00e0 apresenta\u00e7\u00e3o de retalho e, em seguida, execute a produ\u00e7\u00e3o para reabastecimento por grosso ou campanhas limitadas; o MOQ e o prazo de entrega variam - solicite um or\u00e7amento. Os compradores mais adequados incluem marcas, equipas, organizadores de eventos e retalhistas.<\/p>\n<ul data-start=\"984\" data-end=\"1177\">\n<li data-start=\"984\" data-end=\"1014\">\n<p data-start=\"986\" data-end=\"1014\">Constru\u00e7\u00e3o do painel deflector acolchoado<\/p>\n<\/li>\n<li data-start=\"1015\" data-end=\"1044\">\n<p data-start=\"1017\" data-end=\"1044\">Op\u00e7\u00f5es de enchimento a pedido<\/p>\n<\/li>\n<li data-start=\"1045\" data-end=\"1076\">\n<p data-start=\"1047\" data-end=\"1076\">\u00c1reas do log\u00f3tipo prontas a bordar<\/p>\n<\/li>\n<li data-start=\"1077\" data-end=\"1108\">\n<p data-start=\"1079\" data-end=\"1108\">Flexibilidade de coloca\u00e7\u00e3o de patches<\/p>\n<\/li>\n<li data-start=\"1109\" data-end=\"1139\">\n<p data-start=\"1111\" data-end=\"1139\">Op\u00e7\u00e3o de impress\u00e3o por transfer\u00eancia de calor<\/p>\n<\/li>\n<li data-start=\"1140\" data-end=\"1177\">\n<p data-start=\"1142\" data-end=\"1177\">Acabamento de marca pr\u00f3pria dispon\u00edvel<\/p>\n<\/li>\n<\/ul>","protected":false},"excerpt":{"rendered":"<p data-start=\"1179\" data-end=\"1424\">Programa de casaco insufl\u00e1vel isolado OEM com marca personalizada. Especifique o estilo e os acabamentos do seu pacote tecnol\u00f3gico e, em seguida, adicione log\u00f3tipos atrav\u00e9s de bordados, remendos ou impress\u00e3o por transfer\u00eancia t\u00e9rmica. Criado para fornecimento a granel; MOQ e prazos baseados em cota\u00e7\u00f5es.<\/p>\n<p data-start=\"1426\" data-end=\"1472\">","protected":false},"featured_media":321,"template":"","meta":{"_gspb_post_css":""},"product_brand":[],"product_cat":[35,25],"product_tag":[],"class_list":{"0":"post-306","1":"product","2":"type-product","3":"status-publish","4":"has-post-thumbnail","6":"product_cat-jackets","7":"product_cat-clothing","9":"first","10":"instock","11":"shipping-taxable","12":"purchasable","13":"product-type-simple"},"_links":{"self":[{"href":"https:\/\/customhatsmanufacturer.com\/pt\/wp-json\/wp\/v2\/product\/306","targetHints":{"allow":["GET"]}}],"collection":[{"href":"https:\/\/customhatsmanufacturer.com\/pt\/wp-json\/wp\/v2\/product"}],"about":[{"href":"https:\/\/customhatsmanufacturer.com\/pt\/wp-json\/wp\/v2\/types\/product"}],"wp:featuredmedia":[{"embeddable":true,"href":"https:\/\/customhatsmanufacturer.com\/pt\/wp-json\/wp\/v2\/media\/321"}],"wp:attachment":[{"href":"https:\/\/customhatsmanufacturer.com\/pt\/wp-json\/wp\/v2\/media?parent=306"}],"wp:term":[{"taxonomy":"product_brand","embeddable":true,"href":"https:\/\/customhatsmanufacturer.com\/pt\/wp-json\/wp\/v2\/product_brand?post=306"},{"taxonomy":"product_cat","embeddable":true,"href":"https:\/\/customhatsmanufacturer.com\/pt\/wp-json\/wp\/v2\/product_cat?post=306"},{"taxonomy":"product_tag","embeddable":true,"href":"https:\/\/customhatsmanufacturer.com\/pt\/wp-json\/wp\/v2\/product_tag?post=306"}],"curies":[{"name":"wp","href":"https:\/\/api.w.org\/{rel}","templated":true}]}}