{"id":305,"date":"2026-02-28T06:31:29","date_gmt":"2026-02-28T06:31:29","guid":{"rendered":"https:\/\/customhatsmanufacturer.com\/?post_type=product&#038;p=305"},"modified":"2026-02-28T06:31:29","modified_gmt":"2026-02-28T06:31:29","slug":"lightweight-windbreakers-for-promotions-bulk","status":"publish","type":"product","link":"https:\/\/customhatsmanufacturer.com\/pt\/produto\/lightweight-windbreakers-for-promotions-bulk\/","title":{"rendered":"Casacos corta-vento leves para promo\u00e7\u00f5es (a granel)"},"content":{"rendered":"<p data-start=\"0\" data-end=\"395\">Os corta-ventos leves para promo\u00e7\u00f5es (a granel) s\u00e3o casacos leves feitos para cortar a brisa sem o volume de um casaco pesado. Os modelos t\u00edpicos utilizam uma constru\u00e7\u00e3o simples, de camada \u00fanica, para facilitar a coloca\u00e7\u00e3o de camadas, com pormenores pr\u00e1ticos como uma frente com fecho de correr completo, punhos\/gola el\u00e1sticos e capuz opcional ou gola recolh\u00edvel, dependendo do programa.<\/p>\n<p data-start=\"397\" data-end=\"821\">Para encomendas B2B, estas s\u00e3o configuradas para visibilidade da marca - escolha decora\u00e7\u00e3o como bordado ou impress\u00e3o de log\u00f3tipo, com op\u00e7\u00f5es de coloca\u00e7\u00e3o que podem incluir peito esquerdo, manga ou costas. As cores, os tamanhos e as embalagens podem ser alinhados com o seu lan\u00e7amento como um pedido OEM; o MOQ e o prazo de entrega variam - solicite um or\u00e7amento. Mais adequado para marcas, equipas, eventos e retalhistas que criam vestu\u00e1rio exterior coordenado.<\/p>\n<ul data-start=\"823\" data-end=\"988\">\n<li data-start=\"823\" data-end=\"859\">\n<p data-start=\"825\" data-end=\"859\">Concha leve e que bloqueia o vento<\/p>\n<\/li>\n<li data-start=\"860\" data-end=\"888\">\n<p data-start=\"862\" data-end=\"888\">Op\u00e7\u00e3o de fecho de correr \u00e0 frente<\/p>\n<\/li>\n<li data-start=\"889\" data-end=\"921\">\n<p data-start=\"891\" data-end=\"921\">Op\u00e7\u00e3o de punhos e bainha el\u00e1sticos<\/p>\n<\/li>\n<li data-start=\"922\" data-end=\"949\">\n<p data-start=\"924\" data-end=\"949\">Estilo com capuz ou gola<\/p>\n<\/li>\n<li data-start=\"950\" data-end=\"988\">\n<p data-start=\"952\" data-end=\"988\">Coloca\u00e7\u00e3o de bordados ou impress\u00e3o de log\u00f3tipos<\/p>\n<\/li>\n<\/ul>","protected":false},"excerpt":{"rendered":"<p data-start=\"990\" data-end=\"1253\">Casacos corta-vento leves a granel para promo\u00e7\u00f5es, concebidos para uma f\u00e1cil coloca\u00e7\u00e3o em camadas e visibilidade do log\u00f3tipo. Bordados ou marcas impressas dispon\u00edveis mediante pedido, com sortidos de cores\/tamanhos coordenados para fornecimento por grosso e programas OEM.<\/p>","protected":false},"featured_media":317,"template":"","meta":{"_gspb_post_css":""},"product_brand":[],"product_cat":[35,25],"product_tag":[],"class_list":{"0":"post-305","1":"product","2":"type-product","3":"status-publish","4":"has-post-thumbnail","6":"product_cat-jackets","7":"product_cat-clothing","9":"first","10":"instock","11":"shipping-taxable","12":"purchasable","13":"product-type-simple"},"_links":{"self":[{"href":"https:\/\/customhatsmanufacturer.com\/pt\/wp-json\/wp\/v2\/product\/305","targetHints":{"allow":["GET"]}}],"collection":[{"href":"https:\/\/customhatsmanufacturer.com\/pt\/wp-json\/wp\/v2\/product"}],"about":[{"href":"https:\/\/customhatsmanufacturer.com\/pt\/wp-json\/wp\/v2\/types\/product"}],"wp:featuredmedia":[{"embeddable":true,"href":"https:\/\/customhatsmanufacturer.com\/pt\/wp-json\/wp\/v2\/media\/317"}],"wp:attachment":[{"href":"https:\/\/customhatsmanufacturer.com\/pt\/wp-json\/wp\/v2\/media?parent=305"}],"wp:term":[{"taxonomy":"product_brand","embeddable":true,"href":"https:\/\/customhatsmanufacturer.com\/pt\/wp-json\/wp\/v2\/product_brand?post=305"},{"taxonomy":"product_cat","embeddable":true,"href":"https:\/\/customhatsmanufacturer.com\/pt\/wp-json\/wp\/v2\/product_cat?post=305"},{"taxonomy":"product_tag","embeddable":true,"href":"https:\/\/customhatsmanufacturer.com\/pt\/wp-json\/wp\/v2\/product_tag?post=305"}],"curies":[{"name":"wp","href":"https:\/\/api.w.org\/{rel}","templated":true}]}}