{"id":29,"date":"2026-02-27T07:03:14","date_gmt":"2026-02-27T07:03:14","guid":{"rendered":"https:\/\/customhatsmanufacturer.com\/?post_type=product&#038;p=29"},"modified":"2026-02-27T07:03:14","modified_gmt":"2026-02-27T07:03:14","slug":"flat-brim-snapback-hats-for-promotions-bulk","status":"publish","type":"product","link":"https:\/\/customhatsmanufacturer.com\/pt\/produto\/flat-brim-snapback-hats-for-promotions-bulk\/","title":{"rendered":"Chap\u00e9us Snapback de aba plana para promo\u00e7\u00f5es (a granel)"},"content":{"rendered":"<p data-start=\"0\" data-end=\"456\">Concebidos para merchandising promocional, estes chap\u00e9us snapback de aba plana proporcionam o aspeto limpo e de aba plana que os compradores pedem quando um log\u00f3tipo tem de se destacar. O fecho de encaixe proporciona um tamanho r\u00e1pido e ajust\u00e1vel para equipas de tamanhos mistos e multid\u00f5es em eventos. Para flexibilidade de aquisi\u00e7\u00e3o, os modelos podem ser especificados de acordo com as suas necessidades - contagem de pain\u00e9is, estrutura da coroa e detalhes de ventila\u00e7\u00e3o est\u00e3o dispon\u00edveis mediante pedido.<\/p>\n<p data-start=\"458\" data-end=\"919\">Encomende a granel para vendas a retalho, campanhas empresariais ou activa\u00e7\u00f5es de patrocinadores e mantenha a consist\u00eancia da marca em todas as tiragens. Escolha a coloca\u00e7\u00e3o do seu trabalho art\u00edstico e o m\u00e9todo de aplica\u00e7\u00e3o preferido; as op\u00e7\u00f5es incluem bordados, patches tecidos\/impressos e impress\u00e3o por transfer\u00eancia t\u00e9rmica. Podem ser adicionados toques de marca privada e OEM (etiquetas interiores, etiquetas de pendurar ou embalagens) para corresponder ao seu programa. O MOQ e o prazo de entrega variam - solicite um or\u00e7amento. Mais adequado para marcas, equipas, eventos e retalhistas.<\/p>\n<ul data-start=\"921\" data-end=\"1070\">\n<li data-start=\"921\" data-end=\"951\">\n<p data-start=\"923\" data-end=\"951\">Aba plana, estilo bico plano<\/p>\n<\/li>\n<li data-start=\"952\" data-end=\"983\">\n<p data-start=\"954\" data-end=\"983\">Fecho de encaixe ajust\u00e1vel<\/p>\n<\/li>\n<li data-start=\"984\" data-end=\"1010\">\n<p data-start=\"986\" data-end=\"1010\">Op\u00e7\u00f5es de coloca\u00e7\u00e3o do log\u00f3tipo<\/p>\n<\/li>\n<li data-start=\"1011\" data-end=\"1042\">\n<p data-start=\"1013\" data-end=\"1042\">Bordado, remendo ou impress\u00e3o<\/p>\n<\/li>\n<li data-start=\"1043\" data-end=\"1070\">\n<p data-start=\"1045\" data-end=\"1070\">Embalagem a granel orientada para as especifica\u00e7\u00f5es<\/p>\n<\/li>\n<\/ul>","protected":false},"excerpt":{"rendered":"<p data-start=\"1072\" data-end=\"1286\">Bon\u00e9s snapback de aba plana fornecidos a granel para programas promocionais. Fecho de mola ajust\u00e1vel e uma frente limpa para a marca, com op\u00e7\u00f5es de bordado, remendo ou impress\u00e3o dispon\u00edveis a pedido.<\/p>","protected":false},"featured_media":38,"template":"","meta":{"_gspb_post_css":""},"product_brand":[],"product_cat":[16,15],"product_tag":[],"class_list":{"0":"post-29","1":"product","2":"type-product","3":"status-publish","4":"has-post-thumbnail","6":"product_cat-snapback-hats","7":"product_cat-hats-caps","9":"first","10":"instock","11":"shipping-taxable","12":"purchasable","13":"product-type-simple"},"_links":{"self":[{"href":"https:\/\/customhatsmanufacturer.com\/pt\/wp-json\/wp\/v2\/product\/29","targetHints":{"allow":["GET"]}}],"collection":[{"href":"https:\/\/customhatsmanufacturer.com\/pt\/wp-json\/wp\/v2\/product"}],"about":[{"href":"https:\/\/customhatsmanufacturer.com\/pt\/wp-json\/wp\/v2\/types\/product"}],"wp:featuredmedia":[{"embeddable":true,"href":"https:\/\/customhatsmanufacturer.com\/pt\/wp-json\/wp\/v2\/media\/38"}],"wp:attachment":[{"href":"https:\/\/customhatsmanufacturer.com\/pt\/wp-json\/wp\/v2\/media?parent=29"}],"wp:term":[{"taxonomy":"product_brand","embeddable":true,"href":"https:\/\/customhatsmanufacturer.com\/pt\/wp-json\/wp\/v2\/product_brand?post=29"},{"taxonomy":"product_cat","embeddable":true,"href":"https:\/\/customhatsmanufacturer.com\/pt\/wp-json\/wp\/v2\/product_cat?post=29"},{"taxonomy":"product_tag","embeddable":true,"href":"https:\/\/customhatsmanufacturer.com\/pt\/wp-json\/wp\/v2\/product_tag?post=29"}],"curies":[{"name":"wp","href":"https:\/\/api.w.org\/{rel}","templated":true}]}}