{"id":28,"date":"2026-02-27T06:57:25","date_gmt":"2026-02-27T06:57:25","guid":{"rendered":"https:\/\/customhatsmanufacturer.com\/?post_type=product&#038;p=28"},"modified":"2026-02-27T06:57:26","modified_gmt":"2026-02-27T06:57:26","slug":"custom-embroidered-snapback-caps-wholesale","status":"publish","type":"product","link":"https:\/\/customhatsmanufacturer.com\/pt\/produto\/custom-embroidered-snapback-caps-wholesale\/","title":{"rendered":"Bon\u00e9s com bordados personalizados (grossista)"},"content":{"rendered":"<p data-start=\"0\" data-end=\"342\">Os bon\u00e9s Snapback bordados personalizados (venda por grosso) s\u00e3o acess\u00f3rios para a cabe\u00e7a ajust\u00e1veis, concebidos para programas de marca - pense em gotas de retalho, uniformes de pessoal ou mercadoria para oferta. O fecho de press\u00e3o mant\u00e9m o tamanho simples, enquanto o bordado d\u00e1 ao seu log\u00f3tipo um acabamento limpo e cosido, concebido para uma utiliza\u00e7\u00e3o regular.<\/p>\n<p data-start=\"344\" data-end=\"836\">Para encomendas B2B, apoiamos fluxos de trabalho de arte para costura e tiragens de produ\u00e7\u00e3o nas quantidades de que necessita, com op\u00e7\u00f5es de coloca\u00e7\u00e3o (\u00e0 frente, de lado ou atr\u00e1s) e estilos de bordado, tais como puff plano ou 3D, mediante pedido. Escolha a sua constru\u00e7\u00e3o de bon\u00e9 preferida - coroas estruturadas ou n\u00e3o estruturadas, abas planas ou curvas e disposi\u00e7\u00f5es de 5 ou 6 pain\u00e9is podem ser especificadas durante a amostragem. O MOQ e o prazo de entrega variam - solicite um or\u00e7amento. A melhor op\u00e7\u00e3o para marcas, equipas, eventos e retalhistas.<\/p>\n<ul data-start=\"837\" data-end=\"994\">\n<li data-start=\"837\" data-end=\"868\">\n<p data-start=\"839\" data-end=\"868\">Fecho de encaixe ajust\u00e1vel<\/p>\n<\/li>\n<li data-start=\"869\" data-end=\"899\">\n<p data-start=\"871\" data-end=\"899\">Coloca\u00e7\u00e3o de log\u00f3tipo bordado<\/p>\n<\/li>\n<li data-start=\"900\" data-end=\"926\">\n<p data-start=\"902\" data-end=\"926\">Op\u00e7\u00e3o de sopro plano ou 3D<\/p>\n<\/li>\n<li data-start=\"927\" data-end=\"968\">\n<p data-start=\"929\" data-end=\"968\">Op\u00e7\u00f5es de coroa estruturada\/n\u00e3o estruturada<\/p>\n<\/li>\n<li data-start=\"969\" data-end=\"994\">\n<p data-start=\"971\" data-end=\"994\">Sele\u00e7\u00e3o de estilos de aba<\/p>\n<\/li>\n<\/ul>","protected":false},"excerpt":{"rendered":"<p data-start=\"996\" data-end=\"1282\">Bon\u00e9s snapback prontos para venda por grosso com bordados personalizados para log\u00f3tipos e desenhos. Concebidos para programas a granel com fecho de press\u00e3o ajust\u00e1vel e estilos de bon\u00e9s configur\u00e1veis. Especifique a coloca\u00e7\u00e3o e os efeitos dos pontos durante a amostragem; solicite um or\u00e7amento para quantidades e prazos.<\/p>","protected":false},"featured_media":34,"template":"","meta":{"_gspb_post_css":""},"product_brand":[],"product_cat":[16,15],"product_tag":[],"class_list":{"0":"post-28","1":"product","2":"type-product","3":"status-publish","4":"has-post-thumbnail","6":"product_cat-snapback-hats","7":"product_cat-hats-caps","9":"first","10":"instock","11":"shipping-taxable","12":"purchasable","13":"product-type-simple"},"_links":{"self":[{"href":"https:\/\/customhatsmanufacturer.com\/pt\/wp-json\/wp\/v2\/product\/28","targetHints":{"allow":["GET"]}}],"collection":[{"href":"https:\/\/customhatsmanufacturer.com\/pt\/wp-json\/wp\/v2\/product"}],"about":[{"href":"https:\/\/customhatsmanufacturer.com\/pt\/wp-json\/wp\/v2\/types\/product"}],"wp:featuredmedia":[{"embeddable":true,"href":"https:\/\/customhatsmanufacturer.com\/pt\/wp-json\/wp\/v2\/media\/34"}],"wp:attachment":[{"href":"https:\/\/customhatsmanufacturer.com\/pt\/wp-json\/wp\/v2\/media?parent=28"}],"wp:term":[{"taxonomy":"product_brand","embeddable":true,"href":"https:\/\/customhatsmanufacturer.com\/pt\/wp-json\/wp\/v2\/product_brand?post=28"},{"taxonomy":"product_cat","embeddable":true,"href":"https:\/\/customhatsmanufacturer.com\/pt\/wp-json\/wp\/v2\/product_cat?post=28"},{"taxonomy":"product_tag","embeddable":true,"href":"https:\/\/customhatsmanufacturer.com\/pt\/wp-json\/wp\/v2\/product_tag?post=28"}],"curies":[{"name":"wp","href":"https:\/\/api.w.org\/{rel}","templated":true}]}}