{"id":278,"date":"2026-02-28T05:44:15","date_gmt":"2026-02-28T05:44:15","guid":{"rendered":"https:\/\/customhatsmanufacturer.com\/?post_type=product&#038;p=278"},"modified":"2026-02-28T05:44:15","modified_gmt":"2026-02-28T05:44:15","slug":"womens-tailored-pant-suits-in-bulk-supplier","status":"publish","type":"product","link":"https:\/\/customhatsmanufacturer.com\/pt\/produto\/womens-tailored-pant-suits-in-bulk-supplier\/","title":{"rendered":"Fatos de cal\u00e7as \u00e0 medida para senhora a granel (fornecedor)"},"content":{"rendered":"<p data-start=\"0\" data-end=\"387\">Os fatos de cal\u00e7as \u00e0 medida para mulher a granel s\u00e3o conjuntos coordenados de duas pe\u00e7as concebidos para um visual polido e uniforme - normalmente um casaco estruturado emparelhado com cal\u00e7as \u00e0 medida a condizer. Esta categoria foi concebida em torno de linhas simples e tamanhos consistentes em todas as tiragens, ajudando-o a armazenar ou fornecer um programa de fatos coeso para lojas, empresas ou colec\u00e7\u00f5es de revenda.<\/p>\n<p data-start=\"389\" data-end=\"848\">Como uma oferta centrada no fornecedor, as encomendas s\u00e3o configuradas para compras escal\u00e1veis e repetibilidade. A marca pode ser adicionada conforme solicitado, com op\u00e7\u00f5es que podem incluir etiquetas de marca tecidas, marcas bordadas e etiquetas ou embalagens personalizadas para alinhar com a apresenta\u00e7\u00e3o da sua linha. O MOQ e o prazo de entrega variam - solicite um or\u00e7amento. Os compradores mais adequados incluem marcas de moda, programas de uniformes, parceiros de pessoal para eventos e retalhistas em v\u00e1rios locais.<\/p>\n<ul data-start=\"850\" data-end=\"1049\">\n<li data-start=\"850\" data-end=\"883\">\n<p data-start=\"852\" data-end=\"883\">Conjunto de casaco e cal\u00e7as a condizer<\/p>\n<\/li>\n<li data-start=\"884\" data-end=\"919\">\n<p data-start=\"886\" data-end=\"919\">Silhueta estruturada e ajustada<\/p>\n<\/li>\n<li data-start=\"920\" data-end=\"950\">\n<p data-start=\"922\" data-end=\"950\">Suporte de tamanho e cor<\/p>\n<\/li>\n<li data-start=\"951\" data-end=\"986\">\n<p data-start=\"953\" data-end=\"986\">Op\u00e7\u00f5es de marca pr\u00f3pria dispon\u00edveis<\/p>\n<\/li>\n<li data-start=\"987\" data-end=\"1014\">\n<p data-start=\"989\" data-end=\"1014\">Bordados a pedido<\/p>\n<\/li>\n<li data-start=\"1015\" data-end=\"1049\">\n<p data-start=\"1017\" data-end=\"1049\">Complementos de embalagem prontos para venda a retalho<\/p>\n<\/li>\n<\/ul>","protected":false},"excerpt":{"rendered":"<p data-start=\"1051\" data-end=\"1290\">Conjuntos de fatos \u00e0 medida de duas pe\u00e7as para mulher para compras a granel. Encomendas prontas para o fornecedor com etiquetas privadas, bordados e actualiza\u00e7\u00f5es de embalagens opcionais mediante pedido. Produ\u00e7\u00e3o baseada em cota\u00e7\u00f5es para encomendas consistentes.<\/p>","protected":false},"featured_media":299,"template":"","meta":{"_gspb_post_css":""},"product_brand":[],"product_cat":[34,25],"product_tag":[],"class_list":{"0":"post-278","1":"product","2":"type-product","3":"status-publish","4":"has-post-thumbnail","6":"product_cat-pant-suit","7":"product_cat-clothing","9":"first","10":"instock","11":"shipping-taxable","12":"purchasable","13":"product-type-simple"},"_links":{"self":[{"href":"https:\/\/customhatsmanufacturer.com\/pt\/wp-json\/wp\/v2\/product\/278","targetHints":{"allow":["GET"]}}],"collection":[{"href":"https:\/\/customhatsmanufacturer.com\/pt\/wp-json\/wp\/v2\/product"}],"about":[{"href":"https:\/\/customhatsmanufacturer.com\/pt\/wp-json\/wp\/v2\/types\/product"}],"wp:featuredmedia":[{"embeddable":true,"href":"https:\/\/customhatsmanufacturer.com\/pt\/wp-json\/wp\/v2\/media\/299"}],"wp:attachment":[{"href":"https:\/\/customhatsmanufacturer.com\/pt\/wp-json\/wp\/v2\/media?parent=278"}],"wp:term":[{"taxonomy":"product_brand","embeddable":true,"href":"https:\/\/customhatsmanufacturer.com\/pt\/wp-json\/wp\/v2\/product_brand?post=278"},{"taxonomy":"product_cat","embeddable":true,"href":"https:\/\/customhatsmanufacturer.com\/pt\/wp-json\/wp\/v2\/product_cat?post=278"},{"taxonomy":"product_tag","embeddable":true,"href":"https:\/\/customhatsmanufacturer.com\/pt\/wp-json\/wp\/v2\/product_tag?post=278"}],"curies":[{"name":"wp","href":"https:\/\/api.w.org\/{rel}","templated":true}]}}