{"id":277,"date":"2026-02-28T05:37:27","date_gmt":"2026-02-28T05:37:27","guid":{"rendered":"https:\/\/customhatsmanufacturer.com\/?post_type=product&#038;p=277"},"modified":"2026-02-28T05:37:27","modified_gmt":"2026-02-28T05:37:27","slug":"custom-pant-suits-for-corporate-uniforms-wholesale","status":"publish","type":"product","link":"https:\/\/customhatsmanufacturer.com\/pt\/produto\/custom-pant-suits-for-corporate-uniforms-wholesale\/","title":{"rendered":"Fatos de treino personalizados para uniformes de empresas (grossista)"},"content":{"rendered":"<p data-start=\"0\" data-end=\"385\">Os fatos de cal\u00e7as personalizados para uniformes empresariais (grossistas) s\u00e3o conjuntos de fatos coordenados concebidos para apresentar um aspeto consistente e profissional nas equipas de rece\u00e7\u00e3o, vendas, administra\u00e7\u00e3o e gest\u00e3o. Criados como um programa de blazer e cal\u00e7as a condizer, s\u00e3o adequados para implementa\u00e7\u00f5es em que a consist\u00eancia do corte, as linhas simples e a apresenta\u00e7\u00e3o da marca s\u00e3o mais importantes do que o estilo orientado para as tend\u00eancias.<\/p>\n<p data-start=\"387\" data-end=\"951\">Para encomendas B2B, estes conjuntos s\u00e3o normalmente produzidos de acordo com as suas especifica\u00e7\u00f5es - correspond\u00eancia de cores, gamas de tamanhos e etiquetagem podem ser integrados na tiragem. A coloca\u00e7\u00e3o do log\u00f3tipo \u00e9 normalmente tratada como uma op\u00e7\u00e3o de acabamento, com m\u00e9todos de decora\u00e7\u00e3o como o bordado ou a transfer\u00eancia t\u00e9rmica dispon\u00edveis mediante pedido. O MOQ e o prazo de entrega variam - solicite um or\u00e7amento com quantidades, prazo de entrega e ficheiros de marca. Os compradores mais adequados incluem programas de uniformes, distribuidores de vestu\u00e1rio empresarial e retalhistas que fornecem vestu\u00e1rio de trabalho pronto para o escrit\u00f3rio.<\/p>\n<ul data-start=\"953\" data-end=\"1148\">\n<li data-start=\"953\" data-end=\"986\">\n<p data-start=\"955\" data-end=\"986\">Conjunto de blazer e cal\u00e7as a condizer<\/p>\n<\/li>\n<li data-start=\"987\" data-end=\"1022\">\n<p data-start=\"989\" data-end=\"1022\">Estilo pronto para o uniforme corporativo<\/p>\n<\/li>\n<li data-start=\"1023\" data-end=\"1049\">\n<p data-start=\"1025\" data-end=\"1049\">Op\u00e7\u00e3o de bordado do log\u00f3tipo<\/p>\n<\/li>\n<li data-start=\"1050\" data-end=\"1079\">\n<p data-start=\"1052\" data-end=\"1079\">Op\u00e7\u00e3o de log\u00f3tipo de transfer\u00eancia t\u00e9rmica<\/p>\n<\/li>\n<li data-start=\"1080\" data-end=\"1113\">\n<p data-start=\"1082\" data-end=\"1113\">Planeamento da gama de tamanhos dispon\u00edvel<\/p>\n<\/li>\n<li data-start=\"1114\" data-end=\"1148\">\n<p data-start=\"1116\" data-end=\"1148\">Op\u00e7\u00f5es de rotulagem com marca pr\u00f3pria<\/p>\n<\/li>\n<\/ul>","protected":false},"excerpt":{"rendered":"<p data-start=\"1150\" data-end=\"1397\">Conjuntos de fatos de cal\u00e7as personalizados por grosso para programas de uniformes empresariais. Blazer e cal\u00e7as coordenados com decora\u00e7\u00e3o opcional do log\u00f3tipo e etiquetagem da marca. Concebidos para encomendas a granel onde a apresenta\u00e7\u00e3o e o tamanho consistentes s\u00e3o importantes.<\/p>","protected":false},"featured_media":295,"template":"","meta":{"_gspb_post_css":""},"product_brand":[],"product_cat":[34,25],"product_tag":[],"class_list":{"0":"post-277","1":"product","2":"type-product","3":"status-publish","4":"has-post-thumbnail","6":"product_cat-pant-suit","7":"product_cat-clothing","9":"first","10":"instock","11":"shipping-taxable","12":"purchasable","13":"product-type-simple"},"_links":{"self":[{"href":"https:\/\/customhatsmanufacturer.com\/pt\/wp-json\/wp\/v2\/product\/277","targetHints":{"allow":["GET"]}}],"collection":[{"href":"https:\/\/customhatsmanufacturer.com\/pt\/wp-json\/wp\/v2\/product"}],"about":[{"href":"https:\/\/customhatsmanufacturer.com\/pt\/wp-json\/wp\/v2\/types\/product"}],"wp:featuredmedia":[{"embeddable":true,"href":"https:\/\/customhatsmanufacturer.com\/pt\/wp-json\/wp\/v2\/media\/295"}],"wp:attachment":[{"href":"https:\/\/customhatsmanufacturer.com\/pt\/wp-json\/wp\/v2\/media?parent=277"}],"wp:term":[{"taxonomy":"product_brand","embeddable":true,"href":"https:\/\/customhatsmanufacturer.com\/pt\/wp-json\/wp\/v2\/product_brand?post=277"},{"taxonomy":"product_cat","embeddable":true,"href":"https:\/\/customhatsmanufacturer.com\/pt\/wp-json\/wp\/v2\/product_cat?post=277"},{"taxonomy":"product_tag","embeddable":true,"href":"https:\/\/customhatsmanufacturer.com\/pt\/wp-json\/wp\/v2\/product_tag?post=277"}],"curies":[{"name":"wp","href":"https:\/\/api.w.org\/{rel}","templated":true}]}}