{"id":276,"date":"2026-02-28T05:30:17","date_gmt":"2026-02-28T05:30:17","guid":{"rendered":"https:\/\/customhatsmanufacturer.com\/?post_type=product&#038;p=276"},"modified":"2026-02-28T05:30:17","modified_gmt":"2026-02-28T05:30:17","slug":"jogger-pants-for-streetwear-brands-oem","status":"publish","type":"product","link":"https:\/\/customhatsmanufacturer.com\/pt\/produto\/jogger-pants-for-streetwear-brands-oem\/","title":{"rendered":"Cal\u00e7as Jogger para marcas de streetwear (OEM)"},"content":{"rendered":"<p data-start=\"0\" data-end=\"402\">Concebidas para marcas de streetwear que necessitam de uma silhueta jogger consistente, estas cal\u00e7as jogger combinam uma cintura confort\u00e1vel (el\u00e1stica e\/ou com cord\u00e3o) com uma perna c\u00f3nica e punhos confort\u00e1veis nos tornozelos - as carater\u00edsticas que definem as \u201cjoggers\u201d. Isto cria uma base limpa para lan\u00e7amentos sazonais, colec\u00e7\u00f5es principais e programas de merchandising onde o ajuste e a marca se mant\u00eam em foco.<\/p>\n<p data-start=\"404\" data-end=\"908\">Feita para o desenvolvimento OEM, pode fornecer o seu pacote t\u00e9cnico ou amostra de refer\u00eancia e n\u00f3s produziremos de acordo com as suas especifica\u00e7\u00f5es, terminando depois a pe\u00e7a de vestu\u00e1rio com os identificadores da sua marca (etiquetas, acabamentos e embalagens, conforme solicitado). As op\u00e7\u00f5es incluem a coloca\u00e7\u00e3o do log\u00f3tipo atrav\u00e9s de bordado ou impress\u00e3o, al\u00e9m da classifica\u00e7\u00e3o de tamanhos e cores para corresponder \u00e0 sua gama. O MOQ e o prazo de entrega variam - solicite um or\u00e7amento. Mais adequado para marcas de streetwear, retalhistas e equipas promocionais que criam sortidos de marca pr\u00f3pria.<\/p>\n<ul data-start=\"909\" data-end=\"1101\">\n<li data-start=\"909\" data-end=\"942\">\n<p data-start=\"911\" data-end=\"942\">Cal\u00e7as c\u00f3nicas estilo streetwear jogger<\/p>\n<\/li>\n<li data-start=\"943\" data-end=\"977\">\n<p data-start=\"945\" data-end=\"977\">Op\u00e7\u00f5es de cintura el\u00e1stica\/com cord\u00e3o<\/p>\n<\/li>\n<li data-start=\"978\" data-end=\"1000\">\n<p data-start=\"980\" data-end=\"1000\">Tornozelos com punhos confort\u00e1veis<\/p>\n<\/li>\n<li data-start=\"1001\" data-end=\"1033\">\n<p data-start=\"1003\" data-end=\"1033\">Personaliza\u00e7\u00e3o de etiquetas e acabamentos<\/p>\n<\/li>\n<li data-start=\"1034\" data-end=\"1063\">\n<p data-start=\"1036\" data-end=\"1063\">Log\u00f3tipos bordados ou impressos<\/p>\n<\/li>\n<li data-start=\"1064\" data-end=\"1101\">\n<p data-start=\"1066\" data-end=\"1101\">Suporte para classifica\u00e7\u00e3o de cores e tamanhos<\/p>\n<\/li>\n<\/ul>","protected":false},"excerpt":{"rendered":"<p data-start=\"1103\" data-end=\"1352\">Cal\u00e7as jogger OEM desenvolvidas para marcas de streetwear. Perna c\u00f3nica padr\u00e3o com tornozelos com punhos, com op\u00e7\u00f5es para log\u00f3tipos bordados\/impressos, etiquetas tecidas e acabamentos personalizados. Concebidas para tiragens por grosso - MOQ e prazos indicados de acordo com as especifica\u00e7\u00f5es.<\/p>","protected":false},"featured_media":291,"template":"","meta":{"_gspb_post_css":""},"product_brand":[],"product_cat":[33,25],"product_tag":[],"class_list":{"0":"post-276","1":"product","2":"type-product","3":"status-publish","4":"has-post-thumbnail","6":"product_cat-pants","7":"product_cat-clothing","9":"first","10":"instock","11":"shipping-taxable","12":"purchasable","13":"product-type-simple"},"_links":{"self":[{"href":"https:\/\/customhatsmanufacturer.com\/pt\/wp-json\/wp\/v2\/product\/276","targetHints":{"allow":["GET"]}}],"collection":[{"href":"https:\/\/customhatsmanufacturer.com\/pt\/wp-json\/wp\/v2\/product"}],"about":[{"href":"https:\/\/customhatsmanufacturer.com\/pt\/wp-json\/wp\/v2\/types\/product"}],"wp:featuredmedia":[{"embeddable":true,"href":"https:\/\/customhatsmanufacturer.com\/pt\/wp-json\/wp\/v2\/media\/291"}],"wp:attachment":[{"href":"https:\/\/customhatsmanufacturer.com\/pt\/wp-json\/wp\/v2\/media?parent=276"}],"wp:term":[{"taxonomy":"product_brand","embeddable":true,"href":"https:\/\/customhatsmanufacturer.com\/pt\/wp-json\/wp\/v2\/product_brand?post=276"},{"taxonomy":"product_cat","embeddable":true,"href":"https:\/\/customhatsmanufacturer.com\/pt\/wp-json\/wp\/v2\/product_cat?post=276"},{"taxonomy":"product_tag","embeddable":true,"href":"https:\/\/customhatsmanufacturer.com\/pt\/wp-json\/wp\/v2\/product_tag?post=276"}],"curies":[{"name":"wp","href":"https:\/\/api.w.org\/{rel}","templated":true}]}}