{"id":275,"date":"2026-02-28T05:25:59","date_gmt":"2026-02-28T05:25:59","guid":{"rendered":"https:\/\/customhatsmanufacturer.com\/?post_type=product&#038;p=275"},"modified":"2026-02-28T05:25:59","modified_gmt":"2026-02-28T05:25:59","slug":"stretch-chino-pants-for-uniform-suppliers-bulk","status":"publish","type":"product","link":"https:\/\/customhatsmanufacturer.com\/pt\/produto\/stretch-chino-pants-for-uniform-suppliers-bulk\/","title":{"rendered":"Cal\u00e7as Chino Stretch para Fornecedores de Uniformes (a granel)"},"content":{"rendered":"<p data-start=\"0\" data-end=\"279\">Concebidas para programas de uniformes, estas cal\u00e7as chino el\u00e1sticas proporcionam um aspeto limpo e profissional de cal\u00e7as com elasticidade adicional para movimentos durante todo o dia. O perfil chino ajuda as equipas a apresentarem um aspeto consistente e polido nas fun\u00e7\u00f5es de atendimento ao cliente e nas fun\u00e7\u00f5es de apoio.<\/p>\n<p data-start=\"281\" data-end=\"779\">Concebidos para fornecedores de uniformes que efectuam encomendas a granel, suportam sortidos de tamanhos e encomendas repetidas para contas em v\u00e1rios locais. A etiquetagem e a embalagem com marca pr\u00f3pria podem ser organizadas para programas de revenda. A marca est\u00e1 dispon\u00edvel mediante pedido - as op\u00e7\u00f5es incluem bordados de log\u00f3tipos ou transfer\u00eancias de selos t\u00e9rmicos para uma coloca\u00e7\u00e3o discreta. O MOQ e o prazo de entrega variam - solicite um or\u00e7amento. A melhor op\u00e7\u00e3o para marcas de vestu\u00e1rio de trabalho, empresas de uniformes contratadas, retalhistas de escolas e equipas de pessoal para eventos.<\/p>\n<ul data-start=\"780\" data-end=\"931\">\n<li data-start=\"780\" data-end=\"811\">\n<p data-start=\"782\" data-end=\"811\">Cal\u00e7as de uniforme estilo chino<\/p>\n<\/li>\n<li data-start=\"812\" data-end=\"840\">\n<p data-start=\"814\" data-end=\"840\">Conforto el\u00e1stico incorporado<\/p>\n<\/li>\n<li data-start=\"841\" data-end=\"867\">\n<p data-start=\"843\" data-end=\"867\">Tamanho a granel de f\u00e1cil execu\u00e7\u00e3o<\/p>\n<\/li>\n<li data-start=\"868\" data-end=\"899\">\n<p data-start=\"870\" data-end=\"899\">Op\u00e7\u00f5es de marca a pedido<\/p>\n<\/li>\n<li data-start=\"900\" data-end=\"931\">\n<p data-start=\"902\" data-end=\"931\">Requisi\u00e7\u00f5es de programas consistentes<\/p>\n<\/li>\n<\/ul>","protected":false},"excerpt":{"rendered":"<p data-start=\"933\" data-end=\"1221\">Cal\u00e7as chino el\u00e1sticas fornecidas a granel para programas de uniformes, com uma apresenta\u00e7\u00e3o limpa ao estilo chino e elasticidade incorporada. Bordado opcional do log\u00f3tipo ou marca de transfer\u00eancia de calor e embalagem com marca pr\u00f3pria dispon\u00edveis mediante pedido.<\/p>","protected":false},"featured_media":287,"template":"","meta":{"_gspb_post_css":""},"product_brand":[],"product_cat":[33,25],"product_tag":[],"class_list":{"0":"post-275","1":"product","2":"type-product","3":"status-publish","4":"has-post-thumbnail","6":"product_cat-pants","7":"product_cat-clothing","9":"first","10":"instock","11":"shipping-taxable","12":"purchasable","13":"product-type-simple"},"_links":{"self":[{"href":"https:\/\/customhatsmanufacturer.com\/pt\/wp-json\/wp\/v2\/product\/275","targetHints":{"allow":["GET"]}}],"collection":[{"href":"https:\/\/customhatsmanufacturer.com\/pt\/wp-json\/wp\/v2\/product"}],"about":[{"href":"https:\/\/customhatsmanufacturer.com\/pt\/wp-json\/wp\/v2\/types\/product"}],"wp:featuredmedia":[{"embeddable":true,"href":"https:\/\/customhatsmanufacturer.com\/pt\/wp-json\/wp\/v2\/media\/287"}],"wp:attachment":[{"href":"https:\/\/customhatsmanufacturer.com\/pt\/wp-json\/wp\/v2\/media?parent=275"}],"wp:term":[{"taxonomy":"product_brand","embeddable":true,"href":"https:\/\/customhatsmanufacturer.com\/pt\/wp-json\/wp\/v2\/product_brand?post=275"},{"taxonomy":"product_cat","embeddable":true,"href":"https:\/\/customhatsmanufacturer.com\/pt\/wp-json\/wp\/v2\/product_cat?post=275"},{"taxonomy":"product_tag","embeddable":true,"href":"https:\/\/customhatsmanufacturer.com\/pt\/wp-json\/wp\/v2\/product_tag?post=275"}],"curies":[{"name":"wp","href":"https:\/\/api.w.org\/{rel}","templated":true}]}}