{"id":274,"date":"2026-02-28T05:16:02","date_gmt":"2026-02-28T05:16:02","guid":{"rendered":"https:\/\/customhatsmanufacturer.com\/?post_type=product&#038;p=274"},"modified":"2026-02-28T05:16:02","modified_gmt":"2026-02-28T05:16:02","slug":"custom-work-pants-with-logo-patch-wholesale","status":"publish","type":"product","link":"https:\/\/customhatsmanufacturer.com\/pt\/produto\/custom-work-pants-with-logo-patch-wholesale\/","title":{"rendered":"Cal\u00e7as de trabalho personalizadas com remendo de log\u00f3tipo (grossista)"},"content":{"rendered":"<p data-start=\"57\" data-end=\"453\">Estas cal\u00e7as de trabalho foram concebidas para programas de uniformes e vestu\u00e1rio comercial em que a marca tem de permanecer vis\u00edvel dia ap\u00f3s dia. Cada par foi concebido para receber um remendo de log\u00f3tipo dedicado, proporcionando-lhe um marcador de marca limpo e substitu\u00edvel em vez de depender de impress\u00e3o direta. A coloca\u00e7\u00e3o do emblema pode ser especificada (coxa, anca ou cintura) para que a sua identidade seja claramente vis\u00edvel no trabalho e no ponto de venda.<\/p>\n<p data-start=\"455\" data-end=\"902\">Para encomendas B2B, o seu trabalho art\u00edstico pode ser produzido como emblemas bordados, tecidos, em pele ou em PVC, com suportes cosidos, termosselados ou de gancho e la\u00e7o, dependendo da forma como a pe\u00e7a de vestu\u00e1rio ser\u00e1 emitida e mantida. As op\u00e7\u00f5es adicionais incluem etiquetas interiores, tamanhos e embalagens prontas para venda a retalho, mediante pedido. O MOQ e o prazo de entrega variam - solicite um or\u00e7amento. Mais adequado para marcas de uniformes, distribuidores e retalhistas de vestu\u00e1rio de trabalho.<\/p>\n<ul data-start=\"904\" data-end=\"1067\">\n<li data-start=\"904\" data-end=\"936\">\n<p data-start=\"906\" data-end=\"936\">Op\u00e7\u00f5es de coloca\u00e7\u00e3o do log\u00f3tipo<\/p>\n<\/li>\n<li data-start=\"937\" data-end=\"966\">\n<p data-start=\"939\" data-end=\"966\">Estilos de corre\u00e7\u00e3o de acordo com as suas especifica\u00e7\u00f5es<\/p>\n<\/li>\n<li data-start=\"967\" data-end=\"1001\">\n<p data-start=\"969\" data-end=\"1001\">Gama de tamanhos e suporte de classifica\u00e7\u00e3o<\/p>\n<\/li>\n<li data-start=\"1002\" data-end=\"1036\">\n<p data-start=\"1004\" data-end=\"1036\">Complementos de etiquetagem e embalagem<\/p>\n<\/li>\n<li data-start=\"1037\" data-end=\"1067\">\n<p data-start=\"1039\" data-end=\"1067\">Criado para programas uniformes<\/p>\n<\/li>\n<\/ul>","protected":false},"excerpt":{"rendered":"<p data-start=\"1069\" data-end=\"1301\">Cal\u00e7as de trabalho fornecidas com um emblema de log\u00f3tipo personaliz\u00e1vel para uniformes e programas de retalho. Escolha o estilo do emblema e o suporte para corresponder ao seu caso de utiliza\u00e7\u00e3o. Dispon\u00edveis para compras a granel com complementos opcionais de marca pr\u00f3pria.<\/p>","protected":false},"featured_media":283,"template":"","meta":{"_gspb_post_css":""},"product_brand":[],"product_cat":[33,25],"product_tag":[],"class_list":{"0":"post-274","1":"product","2":"type-product","3":"status-publish","4":"has-post-thumbnail","6":"product_cat-pants","7":"product_cat-clothing","9":"first","10":"instock","11":"shipping-taxable","12":"purchasable","13":"product-type-simple"},"_links":{"self":[{"href":"https:\/\/customhatsmanufacturer.com\/pt\/wp-json\/wp\/v2\/product\/274","targetHints":{"allow":["GET"]}}],"collection":[{"href":"https:\/\/customhatsmanufacturer.com\/pt\/wp-json\/wp\/v2\/product"}],"about":[{"href":"https:\/\/customhatsmanufacturer.com\/pt\/wp-json\/wp\/v2\/types\/product"}],"wp:featuredmedia":[{"embeddable":true,"href":"https:\/\/customhatsmanufacturer.com\/pt\/wp-json\/wp\/v2\/media\/283"}],"wp:attachment":[{"href":"https:\/\/customhatsmanufacturer.com\/pt\/wp-json\/wp\/v2\/media?parent=274"}],"wp:term":[{"taxonomy":"product_brand","embeddable":true,"href":"https:\/\/customhatsmanufacturer.com\/pt\/wp-json\/wp\/v2\/product_brand?post=274"},{"taxonomy":"product_cat","embeddable":true,"href":"https:\/\/customhatsmanufacturer.com\/pt\/wp-json\/wp\/v2\/product_cat?post=274"},{"taxonomy":"product_tag","embeddable":true,"href":"https:\/\/customhatsmanufacturer.com\/pt\/wp-json\/wp\/v2\/product_tag?post=274"}],"curies":[{"name":"wp","href":"https:\/\/api.w.org\/{rel}","templated":true}]}}