{"id":248,"date":"2026-02-27T13:24:33","date_gmt":"2026-02-27T13:24:33","guid":{"rendered":"https:\/\/customhatsmanufacturer.com\/?post_type=product&#038;p=248"},"modified":"2026-02-27T13:24:33","modified_gmt":"2026-02-27T13:24:33","slug":"merino-wool-jumpers-for-corporate-gifts-bulk","status":"publish","type":"product","link":"https:\/\/customhatsmanufacturer.com\/pt\/produto\/merino-wool-jumpers-for-corporate-gifts-bulk\/","title":{"rendered":"Pul\u00f4veres de l\u00e3 Merino para brindes empresariais (a granel)"},"content":{"rendered":"<p data-start=\"0\" data-end=\"373\">Camisolas de l\u00e3 Merino concebidas para programas de brindes de empresas, entregues em grandes quantidades para uma apresenta\u00e7\u00e3o consistente entre equipas e campanhas. Funcionam bem como presentes para clientes, pr\u00e9mios para funcion\u00e1rios e pacotes de confer\u00eancias. Como pe\u00e7a b\u00e1sica de uma camisola de malha, a constru\u00e7\u00e3o em merino permite um drapeado limpo e um uso confort\u00e1vel em reuni\u00f5es, dias de viagem e uniformes em camadas.<\/p>\n<p data-start=\"375\" data-end=\"889\">Concebidos para compras B2B e projectos OEM, estes pul\u00f4veres podem ser fornecidos com op\u00e7\u00f5es de marca, como bordados de log\u00f3tipos, etiquetas tecidas ou etiquetas de marca e embalagens prontas para oferta (dispon\u00edveis mediante pedido). Selecione uma tiragem e uma paleta de cores que correspondam \u00e0s diretrizes da sua marca e, em seguida, volte a encomendar para novas contrata\u00e7\u00f5es ou baixas sazonais sem ter de refazer as suas especifica\u00e7\u00f5es do zero. O MOQ e o prazo de entrega variam - solicite um or\u00e7amento. Mais adequado para marcas, equipas de RH, organizadores de eventos e compradores de retalho.<\/p>\n<ul data-start=\"891\" data-end=\"1239\">\n<li data-start=\"891\" data-end=\"918\">\n<p data-start=\"893\" data-end=\"918\">Camisola de malha de l\u00e3 merino<\/p>\n<\/li>\n<li data-start=\"919\" data-end=\"948\">\n<p data-start=\"921\" data-end=\"948\">Fornecimento de presentes a granel<\/p>\n<\/li>\n<li data-start=\"949\" data-end=\"1023\">\n<p data-start=\"951\" data-end=\"1023\">Op\u00e7\u00e3o de bordado do log\u00f3tipo dispon\u00edvel<\/p>\n<\/li>\n<li data-start=\"1024\" data-end=\"1096\">\n<p data-start=\"1026\" data-end=\"1096\">Marca de etiqueta tecida dispon\u00edvel<\/p>\n<\/li>\n<li data-start=\"1097\" data-end=\"1168\">\n<p data-start=\"1099\" data-end=\"1168\">Etiquetas de marca a pedido<\/p>\n<\/li>\n<li data-start=\"1169\" data-end=\"1239\">\n<p data-start=\"1171\" data-end=\"1239\">Op\u00e7\u00f5es de embalagem para prendas<\/p>\n<\/li>\n<\/ul>","protected":false},"excerpt":{"rendered":"<p data-start=\"1241\" data-end=\"1494\">Camisolas de malha de l\u00e3 merino fornecidas a granel para programas de ofertas de empresas. As op\u00e7\u00f5es de marca incluem bordados de log\u00f3tipo, etiquetas tecidas e embalagens de oferta, mediante pedido. Concebidos para encomendas repetidas entre equipas, eventos e compradores retalhistas.<\/p>","protected":false},"featured_media":269,"template":"","meta":{"_gspb_post_css":""},"product_brand":[],"product_cat":[32,25],"product_tag":[],"class_list":{"0":"post-248","1":"product","2":"type-product","3":"status-publish","4":"has-post-thumbnail","6":"product_cat-sweaters-jumpers","7":"product_cat-clothing","9":"first","10":"instock","11":"shipping-taxable","12":"purchasable","13":"product-type-simple"},"_links":{"self":[{"href":"https:\/\/customhatsmanufacturer.com\/pt\/wp-json\/wp\/v2\/product\/248","targetHints":{"allow":["GET"]}}],"collection":[{"href":"https:\/\/customhatsmanufacturer.com\/pt\/wp-json\/wp\/v2\/product"}],"about":[{"href":"https:\/\/customhatsmanufacturer.com\/pt\/wp-json\/wp\/v2\/types\/product"}],"wp:featuredmedia":[{"embeddable":true,"href":"https:\/\/customhatsmanufacturer.com\/pt\/wp-json\/wp\/v2\/media\/269"}],"wp:attachment":[{"href":"https:\/\/customhatsmanufacturer.com\/pt\/wp-json\/wp\/v2\/media?parent=248"}],"wp:term":[{"taxonomy":"product_brand","embeddable":true,"href":"https:\/\/customhatsmanufacturer.com\/pt\/wp-json\/wp\/v2\/product_brand?post=248"},{"taxonomy":"product_cat","embeddable":true,"href":"https:\/\/customhatsmanufacturer.com\/pt\/wp-json\/wp\/v2\/product_cat?post=248"},{"taxonomy":"product_tag","embeddable":true,"href":"https:\/\/customhatsmanufacturer.com\/pt\/wp-json\/wp\/v2\/product_tag?post=248"}],"curies":[{"name":"wp","href":"https:\/\/api.w.org\/{rel}","templated":true}]}}