{"id":247,"date":"2026-02-27T13:21:45","date_gmt":"2026-02-27T13:21:45","guid":{"rendered":"https:\/\/customhatsmanufacturer.com\/?post_type=product&#038;p=247"},"modified":"2026-02-27T13:21:45","modified_gmt":"2026-02-27T13:21:45","slug":"custom-crewneck-sweaters-with-knit-logo-wholesale","status":"publish","type":"product","link":"https:\/\/customhatsmanufacturer.com\/pt\/produto\/custom-crewneck-sweaters-with-knit-logo-wholesale\/","title":{"rendered":"Camisolas de gola redonda personalizadas com log\u00f3tipo em malha (grossista)"},"content":{"rendered":"<p data-start=\"0\" data-end=\"525\">Estas camisolas de gola redonda personalizadas s\u00e3o pul\u00f4veres de malha concebidos para programas de uniformes e de gotas de marca, com o seu log\u00f3tipo integrado diretamente na malha. Um log\u00f3tipo em malha pode ser produzido como padr\u00e3o de estilo jacquard ou blocos de estilo intarsia, dependendo do trabalho art\u00edstico e do grau de nitidez que pretender para as margens; a coloca\u00e7\u00e3o pode ser centrada, no lado esquerdo do peito, nas costas ou nas mangas, conforme necess\u00e1rio. Os pormenores de acabamento, como o canelado no pesco\u00e7o, os punhos e a bainha, podem ser especificados para corresponderem ao seu programa de ajuste.<\/p>\n<p data-start=\"527\" data-end=\"939\">Para encomendas B2B, traduzimos a sua arte vetorial em ficheiros prontos a tricotar, enviamos uma amostra de pr\u00e9-produ\u00e7\u00e3o (mediante pedido) e, em seguida, produzimos tamanhos e cores em massa para encomendas consistentes. As op\u00e7\u00f5es incluem etiquetas de pesco\u00e7o de marca pr\u00f3pria, etiquetas de tamanho, etiquetas de pendurar e embalagens prontas para venda a retalho. O MOQ e o prazo de entrega variam - solicite um or\u00e7amento. Mais adequado para marcas, equipas, parceiros de merchandising de eventos e retalhistas que necessitem de uma pe\u00e7a de identidade em malha de qualidade superior.<\/p>\n<ul data-start=\"941\" data-end=\"1091\">\n<li data-start=\"941\" data-end=\"978\">\n<p data-start=\"943\" data-end=\"978\">Silhueta de pul\u00f4ver com gola redonda em malha<\/p>\n<\/li>\n<li data-start=\"979\" data-end=\"1004\">\n<p data-start=\"981\" data-end=\"1004\">Log\u00f3tipo tricotado no tecido<\/p>\n<\/li>\n<li data-start=\"1005\" data-end=\"1037\">\n<p data-start=\"1007\" data-end=\"1037\">Op\u00e7\u00f5es de jacquard ou intarsia<\/p>\n<\/li>\n<li data-start=\"1038\" data-end=\"1064\">\n<p data-start=\"1040\" data-end=\"1064\">Guarni\u00e7\u00f5es de nervuras a pedido<\/p>\n<\/li>\n<li data-start=\"1065\" data-end=\"1091\">\n<p data-start=\"1067\" data-end=\"1091\">Tamanho e cor<\/p>\n<\/li>\n<\/ul>","protected":false},"excerpt":{"rendered":"<p data-start=\"1093\" data-end=\"1317\">Camisolas de malha de gola redonda com um log\u00f3tipo incorporado na estrutura da malha. Fabricadas para programas grossistas com arte personalizada, tamanhos e op\u00e7\u00f5es de etiquetagem. O MOQ e os prazos de entrega variam - solicite um or\u00e7amento.<\/p>","protected":false},"featured_media":265,"template":"","meta":{"_gspb_post_css":""},"product_brand":[],"product_cat":[32,25],"product_tag":[],"class_list":{"0":"post-247","1":"product","2":"type-product","3":"status-publish","4":"has-post-thumbnail","6":"product_cat-sweaters-jumpers","7":"product_cat-clothing","9":"first","10":"instock","11":"shipping-taxable","12":"purchasable","13":"product-type-simple"},"_links":{"self":[{"href":"https:\/\/customhatsmanufacturer.com\/pt\/wp-json\/wp\/v2\/product\/247","targetHints":{"allow":["GET"]}}],"collection":[{"href":"https:\/\/customhatsmanufacturer.com\/pt\/wp-json\/wp\/v2\/product"}],"about":[{"href":"https:\/\/customhatsmanufacturer.com\/pt\/wp-json\/wp\/v2\/types\/product"}],"wp:featuredmedia":[{"embeddable":true,"href":"https:\/\/customhatsmanufacturer.com\/pt\/wp-json\/wp\/v2\/media\/265"}],"wp:attachment":[{"href":"https:\/\/customhatsmanufacturer.com\/pt\/wp-json\/wp\/v2\/media?parent=247"}],"wp:term":[{"taxonomy":"product_brand","embeddable":true,"href":"https:\/\/customhatsmanufacturer.com\/pt\/wp-json\/wp\/v2\/product_brand?post=247"},{"taxonomy":"product_cat","embeddable":true,"href":"https:\/\/customhatsmanufacturer.com\/pt\/wp-json\/wp\/v2\/product_cat?post=247"},{"taxonomy":"product_tag","embeddable":true,"href":"https:\/\/customhatsmanufacturer.com\/pt\/wp-json\/wp\/v2\/product_tag?post=247"}],"curies":[{"name":"wp","href":"https:\/\/api.w.org\/{rel}","templated":true}]}}