{"id":246,"date":"2026-02-27T13:16:47","date_gmt":"2026-02-27T13:16:47","guid":{"rendered":"https:\/\/customhatsmanufacturer.com\/?post_type=product&#038;p=246"},"modified":"2026-02-27T13:16:47","modified_gmt":"2026-02-27T13:16:47","slug":"cotton-pique-polos-for-uniform-programs-oem","status":"publish","type":"product","link":"https:\/\/customhatsmanufacturer.com\/pt\/produto\/cotton-pique-polos-for-uniform-programs-oem\/","title":{"rendered":"Polos de algod\u00e3o piqu\u00ea para programas de uniformes (OEM)"},"content":{"rendered":"<p data-start=\"0\" data-end=\"462\">Os p\u00f3los em piqu\u00e9 de algod\u00e3o para programas de uniformes s\u00e3o uma forma simples de manter o pessoal com um aspeto alinhado sem ter de vestir camisolas corporativas r\u00edgidas. A malha piqu\u00e9 \u00e9 conhecida pela sua estrutura texturizada e em relevo, que suporta uma apar\u00eancia cuidada e promove a respirabilidade - \u00fatil para fun\u00e7\u00f5es de atendimento ao p\u00fablico e industriais ligeiras. Uma vez que a base \u00e9 de algod\u00e3o, a sensa\u00e7\u00e3o de manuseamento mant\u00e9m-se familiar para uma utiliza\u00e7\u00e3o durante todo o dia.<\/p>\n<p data-start=\"464\" data-end=\"946\">Fabricados para produ\u00e7\u00e3o OEM, estes p\u00f3los podem ser constru\u00eddos de acordo com os padr\u00f5es do seu programa e necessidades de encomendas repetidas. As op\u00e7\u00f5es dispon\u00edveis mediante pedido incluem cores, tamanhos, varia\u00e7\u00f5es de colarinho\/carcela e etiquetagem\/embalagem privada. Para a marca, escolha o bordado para um aspeto uniforme cl\u00e1ssico ou utilize a impress\u00e3o serigr\u00e1fica\/transfer\u00eancia t\u00e9rmica para gr\u00e1ficos maiores. O MOQ e o prazo de entrega variam - solicite um or\u00e7amento. A melhor op\u00e7\u00e3o para marcas, equipas, eventos e retalhistas de uniformes.<\/p>\n<ul data-start=\"947\" data-end=\"1167\">\n<li data-start=\"947\" data-end=\"977\">\n<p data-start=\"949\" data-end=\"977\">Malha piqu\u00e9 de algod\u00e3o texturada<\/p>\n<\/li>\n<li data-start=\"978\" data-end=\"1020\">\n<p data-start=\"980\" data-end=\"1020\">Apresenta\u00e7\u00e3o uniforme e coerente<\/p>\n<\/li>\n<li data-start=\"1021\" data-end=\"1059\">\n<p data-start=\"1023\" data-end=\"1059\">Coloca\u00e7\u00e3o do log\u00f3tipo para bordar<\/p>\n<\/li>\n<li data-start=\"1060\" data-end=\"1095\">\n<p data-start=\"1062\" data-end=\"1095\">Op\u00e7\u00e3o de serigrafia ou transfer\u00eancia<\/p>\n<\/li>\n<li data-start=\"1096\" data-end=\"1129\">\n<p data-start=\"1098\" data-end=\"1129\">Tamanho para o equipamento da equipa<\/p>\n<\/li>\n<li data-start=\"1130\" data-end=\"1167\">\n<p data-start=\"1132\" data-end=\"1167\">Etiquetagem OEM dispon\u00edvel mediante pedido<\/p>\n<\/li>\n<\/ul>","protected":false},"excerpt":{"rendered":"<p data-start=\"1169\" data-end=\"1430\">P\u00f3los em piqu\u00e9 de algod\u00e3o para programas de uniformes, fornecidos atrav\u00e9s de fabrico OEM. Malha texturizada para um aspeto arrumado, com op\u00e7\u00f5es de bordado, serigrafia ou marca de transfer\u00eancia de calor. Pedidos de tamanhos a granel e pedidos repetidos - or\u00e7amento por especifica\u00e7\u00e3o.<\/p>","protected":false},"featured_media":261,"template":"","meta":{"_gspb_post_css":""},"product_brand":[],"product_cat":[31,25],"product_tag":[],"class_list":{"0":"post-246","1":"product","2":"type-product","3":"status-publish","4":"has-post-thumbnail","6":"product_cat-polo-shirt","7":"product_cat-clothing","9":"first","10":"instock","11":"shipping-taxable","12":"purchasable","13":"product-type-simple"},"_links":{"self":[{"href":"https:\/\/customhatsmanufacturer.com\/pt\/wp-json\/wp\/v2\/product\/246","targetHints":{"allow":["GET"]}}],"collection":[{"href":"https:\/\/customhatsmanufacturer.com\/pt\/wp-json\/wp\/v2\/product"}],"about":[{"href":"https:\/\/customhatsmanufacturer.com\/pt\/wp-json\/wp\/v2\/types\/product"}],"wp:featuredmedia":[{"embeddable":true,"href":"https:\/\/customhatsmanufacturer.com\/pt\/wp-json\/wp\/v2\/media\/261"}],"wp:attachment":[{"href":"https:\/\/customhatsmanufacturer.com\/pt\/wp-json\/wp\/v2\/media?parent=246"}],"wp:term":[{"taxonomy":"product_brand","embeddable":true,"href":"https:\/\/customhatsmanufacturer.com\/pt\/wp-json\/wp\/v2\/product_brand?post=246"},{"taxonomy":"product_cat","embeddable":true,"href":"https:\/\/customhatsmanufacturer.com\/pt\/wp-json\/wp\/v2\/product_cat?post=246"},{"taxonomy":"product_tag","embeddable":true,"href":"https:\/\/customhatsmanufacturer.com\/pt\/wp-json\/wp\/v2\/product_tag?post=246"}],"curies":[{"name":"wp","href":"https:\/\/api.w.org\/{rel}","templated":true}]}}