{"id":244,"date":"2026-02-27T13:04:52","date_gmt":"2026-02-27T13:04:52","guid":{"rendered":"https:\/\/customhatsmanufacturer.com\/?post_type=product&#038;p=244"},"modified":"2026-02-27T13:04:53","modified_gmt":"2026-02-27T13:04:53","slug":"custom-polo-shirts-with-logo-embroidery-wholesale","status":"publish","type":"product","link":"https:\/\/customhatsmanufacturer.com\/pt\/produto\/custom-polo-shirts-with-logo-embroidery-wholesale\/","title":{"rendered":"Camisas p\u00f3lo personalizadas com bordado do log\u00f3tipo (grossista)"},"content":{"rendered":"<p data-start=\"0\" data-end=\"396\">P\u00f3los personalizados com log\u00f3tipo bordado para programas de fornecimento por grosso. Com um estilo de p\u00f3lo de gola e manga curta com carcela frontal, destinam-se a utiliza\u00e7\u00e3o em uniformes e merchandising onde uma marca cosida tem um aspeto polido. Envie o seu trabalho art\u00edstico e indique as cores e a coloca\u00e7\u00e3o do fio; o peito esquerdo, a manga e a parte superior das costas s\u00e3o pedidos comuns.<\/p>\n<p data-start=\"398\" data-end=\"875\">Para se adequar \u00e0s compras B2B, as encomendas podem ser organizadas por cor e tamanho, e as compras repetidas podem manter a consist\u00eancia da marca nas novas contrata\u00e7\u00f5es ou nas entregas sazonais. Op\u00e7\u00f5es como diferentes misturas de tecidos, ajustes e etiquetas ou embalagens de marca pr\u00f3pria est\u00e3o dispon\u00edveis mediante pedido. O MOQ e o prazo de entrega variam - solicite um or\u00e7amento e uma prova de pr\u00e9-produ\u00e7\u00e3o, se necess\u00e1rio. Ideal para marcas, equipas, eventos e retalhistas que necessitem de um programa de p\u00f3los fi\u00e1vel e que possa ser encomendado novamente.<\/p>\n<ul data-start=\"877\" data-end=\"1062\">\n<li data-start=\"877\" data-end=\"915\">\n<p data-start=\"879\" data-end=\"915\">Bordado do log\u00f3tipo para uma imagem de marca clara<\/p>\n<\/li>\n<li data-start=\"916\" data-end=\"958\">\n<p data-start=\"918\" data-end=\"958\">Op\u00e7\u00f5es de coloca\u00e7\u00e3o: peito, manga, costas<\/p>\n<\/li>\n<li data-start=\"959\" data-end=\"995\">\n<p data-start=\"961\" data-end=\"995\">Cor da rosca a pedido<\/p>\n<\/li>\n<li data-start=\"996\" data-end=\"1025\">\n<p data-start=\"998\" data-end=\"1025\">Embalagem por medida para grandes quantidades<\/p>\n<\/li>\n<li data-start=\"1026\" data-end=\"1062\">\n<p data-start=\"1028\" data-end=\"1062\">Acabamento opcional com marca pr\u00f3pria<\/p>\n<\/li>\n<\/ul>","protected":false},"excerpt":{"rendered":"<p data-start=\"1064\" data-end=\"1317\">Camisas p\u00f3lo bordadas prontas para venda por grosso e personalizadas com o seu log\u00f3tipo. Especifique a coloca\u00e7\u00e3o e as cores da linha, encomende por tamanho e mantenha a marca consistente para uniformes, eventos ou programas de retalho. MOQ e prazos baseados em cota\u00e7\u00f5es.<\/p>","protected":false},"featured_media":250,"template":"","meta":{"_gspb_post_css":""},"product_brand":[],"product_cat":[31,25],"product_tag":[],"class_list":{"0":"post-244","1":"product","2":"type-product","3":"status-publish","4":"has-post-thumbnail","6":"product_cat-polo-shirt","7":"product_cat-clothing","9":"first","10":"instock","11":"shipping-taxable","12":"purchasable","13":"product-type-simple"},"_links":{"self":[{"href":"https:\/\/customhatsmanufacturer.com\/pt\/wp-json\/wp\/v2\/product\/244","targetHints":{"allow":["GET"]}}],"collection":[{"href":"https:\/\/customhatsmanufacturer.com\/pt\/wp-json\/wp\/v2\/product"}],"about":[{"href":"https:\/\/customhatsmanufacturer.com\/pt\/wp-json\/wp\/v2\/types\/product"}],"wp:featuredmedia":[{"embeddable":true,"href":"https:\/\/customhatsmanufacturer.com\/pt\/wp-json\/wp\/v2\/media\/250"}],"wp:attachment":[{"href":"https:\/\/customhatsmanufacturer.com\/pt\/wp-json\/wp\/v2\/media?parent=244"}],"wp:term":[{"taxonomy":"product_brand","embeddable":true,"href":"https:\/\/customhatsmanufacturer.com\/pt\/wp-json\/wp\/v2\/product_brand?post=244"},{"taxonomy":"product_cat","embeddable":true,"href":"https:\/\/customhatsmanufacturer.com\/pt\/wp-json\/wp\/v2\/product_cat?post=244"},{"taxonomy":"product_tag","embeddable":true,"href":"https:\/\/customhatsmanufacturer.com\/pt\/wp-json\/wp\/v2\/product_tag?post=244"}],"curies":[{"name":"wp","href":"https:\/\/api.w.org\/{rel}","templated":true}]}}