{"id":215,"date":"2026-02-27T12:34:33","date_gmt":"2026-02-27T12:34:33","guid":{"rendered":"https:\/\/customhatsmanufacturer.com\/?post_type=product&#038;p=215"},"modified":"2026-02-27T12:34:33","modified_gmt":"2026-02-27T12:34:33","slug":"fleece-shorts-for-streetwear-brands-bulk","status":"publish","type":"product","link":"https:\/\/customhatsmanufacturer.com\/pt\/produto\/fleece-shorts-for-streetwear-brands-bulk\/","title":{"rendered":"Cal\u00e7\u00f5es de l\u00e3 para marcas de streetwear (a granel)"},"content":{"rendered":"<p data-start=\"0\" data-end=\"395\">Concebidos para colec\u00e7\u00f5es de streetwear, estes cal\u00e7\u00f5es de l\u00e3 s\u00e3o um fundo limpo e pronto para a marca que funciona como uma tela em branco para os seus gr\u00e1ficos e acabamentos. A constru\u00e7\u00e3o em malha polar proporciona um toque suave e substancial; os detalhes de constru\u00e7\u00e3o, como o estilo do c\u00f3s, os cord\u00f5es, a disposi\u00e7\u00e3o dos bolsos e o acabamento da bainha podem ser especificados para corresponder \u00e0 sua dire\u00e7\u00e3o de corte e costura.<\/p>\n<p data-start=\"397\" data-end=\"943\">Encomende a granel para um invent\u00e1rio por grosso ou para um lan\u00e7amento sazonal, com a marca adicionada conforme necess\u00e1rio - as op\u00e7\u00f5es incluem bordados, serigrafia ou transfer\u00eancia t\u00e9rmica, al\u00e9m de toques de marca privada, como etiquetas tecidas, etiquetas de pendurar e embalagens personalizadas, mediante pedido. As tiragens e as op\u00e7\u00f5es de cor s\u00e3o definidas por encomenda, e a amostragem est\u00e1 dispon\u00edvel consoante o projeto. O MOQ e o prazo de entrega variam - solicite um or\u00e7amento com as quantidades pretendidas e notas de decora\u00e7\u00e3o. Ideal para marcas de streetwear, boutiques, pop-ups e eventos de merchandising.<\/p>\n<ul data-start=\"945\" data-end=\"1156\">\n<li data-start=\"945\" data-end=\"971\">\n<p data-start=\"947\" data-end=\"971\">Tecido polar com toque de m\u00e3o<\/p>\n<\/li>\n<li data-start=\"972\" data-end=\"1005\">\n<p data-start=\"974\" data-end=\"1005\">Ajuste personalizado e op\u00e7\u00f5es de costura interior<\/p>\n<\/li>\n<li data-start=\"1006\" data-end=\"1044\">\n<p data-start=\"1008\" data-end=\"1044\">Cintura el\u00e1stica e op\u00e7\u00f5es de cord\u00e3o<\/p>\n<\/li>\n<li data-start=\"1045\" data-end=\"1078\">\n<p data-start=\"1047\" data-end=\"1078\">Op\u00e7\u00f5es de acabamento de bolsos e bainhas<\/p>\n<\/li>\n<li data-start=\"1079\" data-end=\"1119\">\n<p data-start=\"1081\" data-end=\"1119\">Log\u00f3tipos bordados, impressos ou transferidos<\/p>\n<\/li>\n<li data-start=\"1120\" data-end=\"1156\">\n<p data-start=\"1122\" data-end=\"1156\">Acabamentos de marca pr\u00f3pria a pedido<\/p>\n<\/li>\n<\/ul>","protected":false},"excerpt":{"rendered":"<p data-start=\"1158\" data-end=\"1420\">Cal\u00e7\u00f5es de l\u00e3 a granel para etiquetas de streetwear, fornecidos para programas de venda por grosso e para marcas. Especifique o ajuste, os bolsos e os acabamentos e, em seguida, adicione o seu log\u00f3tipo atrav\u00e9s de bordados, serigrafia ou transfer\u00eancia t\u00e9rmica. O MOQ e o prazo de entrega variam - or\u00e7amento a pedido.<\/p>","protected":false},"featured_media":227,"template":"","meta":{"_gspb_post_css":""},"product_brand":[],"product_cat":[29,25],"product_tag":[],"class_list":{"0":"post-215","1":"product","2":"type-product","3":"status-publish","4":"has-post-thumbnail","6":"product_cat-shorts","7":"product_cat-clothing","9":"first","10":"instock","11":"shipping-taxable","12":"purchasable","13":"product-type-simple"},"_links":{"self":[{"href":"https:\/\/customhatsmanufacturer.com\/pt\/wp-json\/wp\/v2\/product\/215","targetHints":{"allow":["GET"]}}],"collection":[{"href":"https:\/\/customhatsmanufacturer.com\/pt\/wp-json\/wp\/v2\/product"}],"about":[{"href":"https:\/\/customhatsmanufacturer.com\/pt\/wp-json\/wp\/v2\/types\/product"}],"wp:featuredmedia":[{"embeddable":true,"href":"https:\/\/customhatsmanufacturer.com\/pt\/wp-json\/wp\/v2\/media\/227"}],"wp:attachment":[{"href":"https:\/\/customhatsmanufacturer.com\/pt\/wp-json\/wp\/v2\/media?parent=215"}],"wp:term":[{"taxonomy":"product_brand","embeddable":true,"href":"https:\/\/customhatsmanufacturer.com\/pt\/wp-json\/wp\/v2\/product_brand?post=215"},{"taxonomy":"product_cat","embeddable":true,"href":"https:\/\/customhatsmanufacturer.com\/pt\/wp-json\/wp\/v2\/product_cat?post=215"},{"taxonomy":"product_tag","embeddable":true,"href":"https:\/\/customhatsmanufacturer.com\/pt\/wp-json\/wp\/v2\/product_tag?post=215"}],"curies":[{"name":"wp","href":"https:\/\/api.w.org\/{rel}","templated":true}]}}