{"id":214,"date":"2026-02-27T12:31:40","date_gmt":"2026-02-27T12:31:40","guid":{"rendered":"https:\/\/customhatsmanufacturer.com\/?post_type=product&#038;p=214"},"modified":"2026-02-27T12:31:40","modified_gmt":"2026-02-27T12:31:40","slug":"custom-athletic-shorts-with-logo-print-wholesale","status":"publish","type":"product","link":"https:\/\/customhatsmanufacturer.com\/pt\/produto\/custom-athletic-shorts-with-logo-print-wholesale\/","title":{"rendered":"Cal\u00e7\u00f5es de desporto personalizados com impress\u00e3o do log\u00f3tipo (grossista)"},"content":{"rendered":"<p data-start=\"0\" data-end=\"449\">Estes cal\u00e7\u00f5es desportivos s\u00e3o uma tela em branco para a impress\u00e3o do seu log\u00f3tipo, concebidos para programas B2B que necessitam de um tamanho consistente e de uma decora\u00e7\u00e3o repet\u00edvel. O estilo base \u00e9 desportivo; detalhes como o tipo de cintura, a disposi\u00e7\u00e3o dos bolsos, o comprimento da costura interna e o toque do tecido s\u00e3o configur\u00e1veis - escolha o que corresponde ao seu plano de linha. Encomende-os como um cal\u00e7\u00e3o aut\u00f3nomo ou para combinar com uma gama de vestu\u00e1rio ativo, com op\u00e7\u00f5es de cores e acabamentos dispon\u00edveis mediante pedido.<\/p>\n<p data-start=\"451\" data-end=\"934\">Para obter um or\u00e7amento exato, partilhe a quantidade pretendida, a reparti\u00e7\u00e3o de tamanhos, a cor preferida e os ficheiros de trabalho art\u00edstico. As op\u00e7\u00f5es de impress\u00e3o podem incluir serigrafia, transfer\u00eancias aplicadas por calor\/DTF ou sublima\u00e7\u00e3o a pedido, selecionadas de acordo com o seu design e tecido. As op\u00e7\u00f5es adicionais incluem etiquetas OEM, etiquetas de pendurar e embalagens prontas para venda a granel; os MOQs e os prazos de entrega variam, por isso solicite um or\u00e7amento. Ideal para marcas, equipas, eventos e retalhistas.<\/p>\n<ul data-start=\"935\" data-end=\"1088\">\n<li data-start=\"935\" data-end=\"967\">\n<p data-start=\"937\" data-end=\"967\">Op\u00e7\u00f5es de coloca\u00e7\u00e3o da impress\u00e3o do log\u00f3tipo<\/p>\n<\/li>\n<li data-start=\"968\" data-end=\"1002\">\n<p data-start=\"970\" data-end=\"1002\">Detalhes da cintura configur\u00e1veis<\/p>\n<\/li>\n<li data-start=\"1003\" data-end=\"1031\">\n<p data-start=\"1005\" data-end=\"1031\">Escolhas de tecidos e cores<\/p>\n<\/li>\n<li data-start=\"1032\" data-end=\"1057\">\n<p data-start=\"1034\" data-end=\"1057\">Etiquetas OEM a pedido<\/p>\n<\/li>\n<li data-start=\"1058\" data-end=\"1088\">\n<p data-start=\"1060\" data-end=\"1088\">Op\u00e7\u00f5es de embalagem a granel<\/p>\n<\/li>\n<\/ul>","protected":false},"excerpt":{"rendered":"<p data-start=\"1090\" data-end=\"1313\">Cal\u00e7\u00f5es desportivos por grosso personalizados com a impress\u00e3o do seu log\u00f3tipo. Concebidos para encomendas B2B com op\u00e7\u00f5es de coloca\u00e7\u00e3o de trabalhos art\u00edsticos e complementos como etiquetagem OEM a pedido. O MOQ e o prazo de entrega variam - solicite um or\u00e7amento.<\/p>","protected":false},"featured_media":223,"template":"","meta":{"_gspb_post_css":""},"product_brand":[],"product_cat":[29,25],"product_tag":[],"class_list":{"0":"post-214","1":"product","2":"type-product","3":"status-publish","4":"has-post-thumbnail","6":"product_cat-shorts","7":"product_cat-clothing","9":"first","10":"instock","11":"shipping-taxable","12":"purchasable","13":"product-type-simple"},"_links":{"self":[{"href":"https:\/\/customhatsmanufacturer.com\/pt\/wp-json\/wp\/v2\/product\/214","targetHints":{"allow":["GET"]}}],"collection":[{"href":"https:\/\/customhatsmanufacturer.com\/pt\/wp-json\/wp\/v2\/product"}],"about":[{"href":"https:\/\/customhatsmanufacturer.com\/pt\/wp-json\/wp\/v2\/types\/product"}],"wp:featuredmedia":[{"embeddable":true,"href":"https:\/\/customhatsmanufacturer.com\/pt\/wp-json\/wp\/v2\/media\/223"}],"wp:attachment":[{"href":"https:\/\/customhatsmanufacturer.com\/pt\/wp-json\/wp\/v2\/media?parent=214"}],"wp:term":[{"taxonomy":"product_brand","embeddable":true,"href":"https:\/\/customhatsmanufacturer.com\/pt\/wp-json\/wp\/v2\/product_brand?post=214"},{"taxonomy":"product_cat","embeddable":true,"href":"https:\/\/customhatsmanufacturer.com\/pt\/wp-json\/wp\/v2\/product_cat?post=214"},{"taxonomy":"product_tag","embeddable":true,"href":"https:\/\/customhatsmanufacturer.com\/pt\/wp-json\/wp\/v2\/product_tag?post=214"}],"curies":[{"name":"wp","href":"https:\/\/api.w.org\/{rel}","templated":true}]}}