{"id":186,"date":"2026-02-27T11:56:44","date_gmt":"2026-02-27T11:56:44","guid":{"rendered":"https:\/\/customhatsmanufacturer.com\/?post_type=product&#038;p=186"},"modified":"2026-02-27T11:56:44","modified_gmt":"2026-02-27T11:56:44","slug":"breathable-mesh-tank-tops-for-sports-teams-oem","status":"publish","type":"product","link":"https:\/\/customhatsmanufacturer.com\/pt\/produto\/breathable-mesh-tank-tops-for-sports-teams-oem\/","title":{"rendered":"Camisolas interiores de malha respir\u00e1vel para equipas desportivas (OEM)"},"content":{"rendered":"<p data-start=\"0\" data-end=\"435\">Estes tops em malha respir\u00e1vel s\u00e3o camadas de equipa atl\u00e9ticas concebidas para treino, aquecimento e utiliza\u00e7\u00e3o em eventos activos. A estrutura de malha aberta promove o fluxo de ar e uma sensa\u00e7\u00e3o de leveza no corpo, ajudando a reduzir a acumula\u00e7\u00e3o de calor durante o movimento. O ajuste e o decote podem ser produzidos de acordo com as suas especifica\u00e7\u00f5es (padr\u00e3o crew, racerback ou decote em V, mediante pedido) para que a silhueta corresponda \u00e0 forma como os seus atletas treinam.<\/p>\n<p data-start=\"437\" data-end=\"938\">Como um programa pronto para OEM, pode definir as cores da equipa, as propor\u00e7\u00f5es de tamanho e a coloca\u00e7\u00e3o do log\u00f3tipo para alinhar com o seu alinhamento ou plano de retalho. As op\u00e7\u00f5es incluem serigrafia, gr\u00e1ficos por transfer\u00eancia de calor ou arte sublimada para log\u00f3tipos, nomes e n\u00fameros. Tamb\u00e9m pode solicitar embalagens de marca pr\u00f3pria ou etiquetas prontas para venda a retalho, quando necess\u00e1rio. O MOQ e o prazo de entrega variam consoante a constru\u00e7\u00e3o - solicite um or\u00e7amento. Mais adequado para marcas de vestu\u00e1rio desportivo, ligas, organizadores de torneios e retalhistas de vestu\u00e1rio de equipa.<\/p>\n<ul data-start=\"939\" data-end=\"1101\">\n<li data-start=\"939\" data-end=\"973\">\n<p data-start=\"941\" data-end=\"973\">Constru\u00e7\u00e3o de fluxo de ar em malha aberta<\/p>\n<\/li>\n<li data-start=\"974\" data-end=\"1005\">\n<p data-start=\"976\" data-end=\"1005\">Corte sem mangas para maior mobilidade<\/p>\n<\/li>\n<li data-start=\"1006\" data-end=\"1038\">\n<p data-start=\"1008\" data-end=\"1038\">Ajuste e decote espec\u00edficos<\/p>\n<\/li>\n<li data-start=\"1039\" data-end=\"1070\">\n<p data-start=\"1041\" data-end=\"1070\">Coloca\u00e7\u00e3o de log\u00f3tipos prontos para impress\u00e3o<\/p>\n<\/li>\n<li data-start=\"1071\" data-end=\"1101\">\n<p data-start=\"1073\" data-end=\"1101\">Nomes e n\u00fameros facultativos<\/p>\n<\/li>\n<\/ul>","protected":false},"excerpt":{"rendered":"<p data-start=\"1103\" data-end=\"1328\">Camisolas interiores desportivas em malha respir\u00e1vel concebidas para treinos e eventos de equipas desportivas. Prontas para OEM com op\u00e7\u00f5es de impress\u00e3o de log\u00f3tipo e tiragens flex\u00edveis de cor\/tamanho para distribuidores, clubes e programas de marca pr\u00f3pria.<\/p>","protected":false},"featured_media":199,"template":"","meta":{"_gspb_post_css":""},"product_brand":[],"product_cat":[27,25],"product_tag":[],"class_list":{"0":"post-186","1":"product","2":"type-product","3":"status-publish","4":"has-post-thumbnail","6":"product_cat-tank-top","7":"product_cat-clothing","9":"first","10":"instock","11":"shipping-taxable","12":"purchasable","13":"product-type-simple"},"_links":{"self":[{"href":"https:\/\/customhatsmanufacturer.com\/pt\/wp-json\/wp\/v2\/product\/186","targetHints":{"allow":["GET"]}}],"collection":[{"href":"https:\/\/customhatsmanufacturer.com\/pt\/wp-json\/wp\/v2\/product"}],"about":[{"href":"https:\/\/customhatsmanufacturer.com\/pt\/wp-json\/wp\/v2\/types\/product"}],"wp:featuredmedia":[{"embeddable":true,"href":"https:\/\/customhatsmanufacturer.com\/pt\/wp-json\/wp\/v2\/media\/199"}],"wp:attachment":[{"href":"https:\/\/customhatsmanufacturer.com\/pt\/wp-json\/wp\/v2\/media?parent=186"}],"wp:term":[{"taxonomy":"product_brand","embeddable":true,"href":"https:\/\/customhatsmanufacturer.com\/pt\/wp-json\/wp\/v2\/product_brand?post=186"},{"taxonomy":"product_cat","embeddable":true,"href":"https:\/\/customhatsmanufacturer.com\/pt\/wp-json\/wp\/v2\/product_cat?post=186"},{"taxonomy":"product_tag","embeddable":true,"href":"https:\/\/customhatsmanufacturer.com\/pt\/wp-json\/wp\/v2\/product_tag?post=186"}],"curies":[{"name":"wp","href":"https:\/\/api.w.org\/{rel}","templated":true}]}}