{"id":184,"date":"2026-02-27T11:46:32","date_gmt":"2026-02-27T11:46:32","guid":{"rendered":"https:\/\/customhatsmanufacturer.com\/?post_type=product&#038;p=184"},"modified":"2026-02-27T11:46:32","modified_gmt":"2026-02-27T11:46:32","slug":"custom-tank-tops-for-gyms-and-events-wholesale","status":"publish","type":"product","link":"https:\/\/customhatsmanufacturer.com\/pt\/produto\/custom-tank-tops-for-gyms-and-events-wholesale\/","title":{"rendered":"Camisolas personalizadas para gin\u00e1sios e eventos (grossista)"},"content":{"rendered":"<p data-start=\"0\" data-end=\"521\">As camisolas de al\u00e7as personalizadas para gin\u00e1sios e eventos s\u00e3o camisolas sem mangas de estilo de desempenho, destinadas a serem usadas por equipas, merchandising de membros e uniformes de pessoal onde a amplitude de movimentos \u00e9 importante. O corte com bra\u00e7os abertos ajuda a manter os movimentos sem restri\u00e7\u00f5es e o ajuste\/ decote pode ser especificado para corresponder ao seu p\u00fablico (cortes unissexo, para homem ou mulher dispon\u00edveis mediante pedido). Utilize-as para dias de lan\u00e7amento, competi\u00e7\u00f5es, pop-ups e activa\u00e7\u00f5es de patrocinadores quando precisar de uma marca consistente numa tiragem completa.<\/p>\n<p data-start=\"523\" data-end=\"1024\">Para encomendas B2B, partilhe o seu log\u00f3tipo ou trabalho art\u00edstico e selecione a abordagem de decora\u00e7\u00e3o adequada ao seu design e or\u00e7amento - as op\u00e7\u00f5es incluem serigrafia, DTG e transfer\u00eancias aplicadas a quente, com bordados dispon\u00edveis mediante pedido. Escolha o local (frente, costas, peito ou v\u00e1rias localiza\u00e7\u00f5es) e definiremos o pre\u00e7o com base na quantidade, cores e necessidades de acabamento. O MOQ e o prazo de entrega variam - solicite um or\u00e7amento. Mais adequado para marcas de fitness, cadeias de gin\u00e1sios, organizadores de eventos e retalhistas.<\/p>\n<ul data-start=\"1026\" data-end=\"1187\">\n<li data-start=\"1026\" data-end=\"1057\">\n<p data-start=\"1028\" data-end=\"1057\">Corte sem mangas para maior mobilidade<\/p>\n<\/li>\n<li data-start=\"1058\" data-end=\"1086\">\n<p data-start=\"1060\" data-end=\"1086\">Op\u00e7\u00f5es de ajuste e decote<\/p>\n<\/li>\n<li data-start=\"1087\" data-end=\"1119\">\n<p data-start=\"1089\" data-end=\"1119\">Op\u00e7\u00f5es de serigrafia e DTG<\/p>\n<\/li>\n<li data-start=\"1120\" data-end=\"1154\">\n<p data-start=\"1122\" data-end=\"1154\">Aplica\u00e7\u00e3o de log\u00f3tipo por transfer\u00eancia t\u00e9rmica<\/p>\n<\/li>\n<li data-start=\"1155\" data-end=\"1187\">\n<p data-start=\"1157\" data-end=\"1187\">Op\u00e7\u00f5es de coloca\u00e7\u00e3o \u00e0 frente\/atr\u00e1s<\/p>\n<\/li>\n<\/ul>","protected":false},"excerpt":{"rendered":"<p data-start=\"1189\" data-end=\"1448\">Camisolas interiores prontas para venda por grosso para programas de gin\u00e1stica e equipas de eventos, personalizadas com o seu trabalho art\u00edstico. Escolha serigrafia, DTG ou transfer\u00eancia t\u00e9rmica com coloca\u00e7\u00e3o flex\u00edvel do log\u00f3tipo e tamanhos. Encomendas com base em or\u00e7amentos para marcas, clubes e retalhistas.<\/p>","protected":false},"featured_media":190,"template":"","meta":{"_gspb_post_css":""},"product_brand":[],"product_cat":[27,25],"product_tag":[],"class_list":{"0":"post-184","1":"product","2":"type-product","3":"status-publish","4":"has-post-thumbnail","6":"product_cat-tank-top","7":"product_cat-clothing","9":"first","10":"instock","11":"shipping-taxable","12":"purchasable","13":"product-type-simple"},"_links":{"self":[{"href":"https:\/\/customhatsmanufacturer.com\/pt\/wp-json\/wp\/v2\/product\/184","targetHints":{"allow":["GET"]}}],"collection":[{"href":"https:\/\/customhatsmanufacturer.com\/pt\/wp-json\/wp\/v2\/product"}],"about":[{"href":"https:\/\/customhatsmanufacturer.com\/pt\/wp-json\/wp\/v2\/types\/product"}],"wp:featuredmedia":[{"embeddable":true,"href":"https:\/\/customhatsmanufacturer.com\/pt\/wp-json\/wp\/v2\/media\/190"}],"wp:attachment":[{"href":"https:\/\/customhatsmanufacturer.com\/pt\/wp-json\/wp\/v2\/media?parent=184"}],"wp:term":[{"taxonomy":"product_brand","embeddable":true,"href":"https:\/\/customhatsmanufacturer.com\/pt\/wp-json\/wp\/v2\/product_brand?post=184"},{"taxonomy":"product_cat","embeddable":true,"href":"https:\/\/customhatsmanufacturer.com\/pt\/wp-json\/wp\/v2\/product_cat?post=184"},{"taxonomy":"product_tag","embeddable":true,"href":"https:\/\/customhatsmanufacturer.com\/pt\/wp-json\/wp\/v2\/product_tag?post=184"}],"curies":[{"name":"wp","href":"https:\/\/api.w.org\/{rel}","templated":true}]}}