{"id":159,"date":"2026-02-27T11:25:22","date_gmt":"2026-02-27T11:25:22","guid":{"rendered":"https:\/\/customhatsmanufacturer.com\/?post_type=product&#038;p=159"},"modified":"2026-02-27T11:25:22","modified_gmt":"2026-02-27T11:25:22","slug":"fleece-zip-hoodies-for-corporate-uniforms-bulk","status":"publish","type":"product","link":"https:\/\/customhatsmanufacturer.com\/pt\/produto\/fleece-zip-hoodies-for-corporate-uniforms-bulk\/","title":{"rendered":"Casacos com fecho de correr de l\u00e3 para uniformes de empresas (a granel)"},"content":{"rendered":"<p data-start=\"0\" data-end=\"395\">Estas sweatshirts com fecho de correr foram concebidas para programas de uniformes de empresas em que o pessoal precisa de uma camada quente que se veste e despe rapidamente. O fecho de correr a todo o comprimento facilita a utiliza\u00e7\u00e3o por cima de p\u00f3los ou t-shirts, mantendo a marca vis\u00edvel no peito ou nas costas. As configura\u00e7\u00f5es do capuz e dos bolsos podem ser especificadas para corresponder \u00e0s suas normas de uniforme e utiliza\u00e7\u00e3o final.<\/p>\n<p data-start=\"397\" data-end=\"878\">Encomende para lan\u00e7amentos, ciclos de reabastecimento ou equipas em v\u00e1rios locais com cores e tamanhos consistentes. A decora\u00e7\u00e3o do log\u00f3tipo pode ser aplicada atrav\u00e9s de bordados para um aspeto limpo e cosido ou serigrafia para gr\u00e1ficos maiores; os m\u00e9todos de transfer\u00eancia de calor tamb\u00e9m est\u00e3o dispon\u00edveis mediante pedido. O MOQ e o prazo de entrega variam - solicite um or\u00e7amento para as suas quantidades e prazo de entrega. Mais adequado para empregadores, equipas de eventos, linhas de vestu\u00e1rio de trabalho a retalho e distribuidores promocionais.<\/p>\n<ul data-start=\"879\" data-end=\"1071\">\n<li data-start=\"879\" data-end=\"907\">\n<p data-start=\"881\" data-end=\"907\">Fecho de correr \u00e0 frente a todo o comprimento<\/p>\n<\/li>\n<li data-start=\"908\" data-end=\"941\">\n<p data-start=\"910\" data-end=\"941\">Conforto do velo para uso di\u00e1rio<\/p>\n<\/li>\n<li data-start=\"942\" data-end=\"978\">\n<p data-start=\"944\" data-end=\"978\">Fato de treino para usar em camadas<\/p>\n<\/li>\n<li data-start=\"979\" data-end=\"1015\">\n<p data-start=\"981\" data-end=\"1015\">Pronto para bordar ou serigrafia<\/p>\n<\/li>\n<li data-start=\"1016\" data-end=\"1043\">\n<p data-start=\"1018\" data-end=\"1043\">Op\u00e7\u00f5es de bolso e capuz<\/p>\n<\/li>\n<li data-start=\"1044\" data-end=\"1071\">\n<p data-start=\"1046\" data-end=\"1071\">Fornecimento a granel com base em cota\u00e7\u00f5es<\/p>\n<\/li>\n<\/ul>","protected":false},"excerpt":{"rendered":"<p data-start=\"1073\" data-end=\"1320\">Casacos com capuz de l\u00e3 com fecho completo para uniformes de empresas, concebidos para uma f\u00e1cil coloca\u00e7\u00e3o em camadas e uma apresenta\u00e7\u00e3o consistente da equipa. Adicione o seu log\u00f3tipo atrav\u00e9s de bordados ou serigrafia, com outras op\u00e7\u00f5es de decora\u00e7\u00e3o dispon\u00edveis mediante pedido.<\/p>","protected":false},"featured_media":176,"template":"","meta":{"_gspb_post_css":""},"product_brand":[],"product_cat":[26,25],"product_tag":[],"class_list":{"0":"post-159","1":"product","2":"type-product","3":"status-publish","4":"has-post-thumbnail","6":"product_cat-hoodies","7":"product_cat-clothing","9":"first","10":"instock","11":"shipping-taxable","12":"purchasable","13":"product-type-simple"},"_links":{"self":[{"href":"https:\/\/customhatsmanufacturer.com\/pt\/wp-json\/wp\/v2\/product\/159","targetHints":{"allow":["GET"]}}],"collection":[{"href":"https:\/\/customhatsmanufacturer.com\/pt\/wp-json\/wp\/v2\/product"}],"about":[{"href":"https:\/\/customhatsmanufacturer.com\/pt\/wp-json\/wp\/v2\/types\/product"}],"wp:featuredmedia":[{"embeddable":true,"href":"https:\/\/customhatsmanufacturer.com\/pt\/wp-json\/wp\/v2\/media\/176"}],"wp:attachment":[{"href":"https:\/\/customhatsmanufacturer.com\/pt\/wp-json\/wp\/v2\/media?parent=159"}],"wp:term":[{"taxonomy":"product_brand","embeddable":true,"href":"https:\/\/customhatsmanufacturer.com\/pt\/wp-json\/wp\/v2\/product_brand?post=159"},{"taxonomy":"product_cat","embeddable":true,"href":"https:\/\/customhatsmanufacturer.com\/pt\/wp-json\/wp\/v2\/product_cat?post=159"},{"taxonomy":"product_tag","embeddable":true,"href":"https:\/\/customhatsmanufacturer.com\/pt\/wp-json\/wp\/v2\/product_tag?post=159"}],"curies":[{"name":"wp","href":"https:\/\/api.w.org\/{rel}","templated":true}]}}