{"id":158,"date":"2026-02-27T11:27:50","date_gmt":"2026-02-27T11:27:50","guid":{"rendered":"https:\/\/customhatsmanufacturer.com\/?post_type=product&#038;p=158"},"modified":"2026-02-27T11:27:50","modified_gmt":"2026-02-27T11:27:50","slug":"heavyweight-hoodies-for-streetwear-brands-oem","status":"publish","type":"product","link":"https:\/\/customhatsmanufacturer.com\/pt\/produto\/heavyweight-hoodies-for-streetwear-brands-oem\/","title":{"rendered":"Casacos com capuz pesados para marcas de streetwear (OEM)"},"content":{"rendered":"<p data-start=\"0\" data-end=\"368\">Concebidas para marcas de streetwear, estas sweatshirts com capuz de peso elevado s\u00e3o desenvolvidas como um programa OEM, pelo que o ajuste, o acabamento e a marca reflectem a sua linha e n\u00e3o uma pe\u00e7a gen\u00e9rica em branco. Utilize-os como um pul\u00f4ver principal ou uma silhueta com fecho de correr, com op\u00e7\u00f5es de tecido mais pesado e ajustes de padr\u00e3o dispon\u00edveis mediante pedido para corresponder \u00e0s suas especifica\u00e7\u00f5es.<\/p>\n<p data-start=\"370\" data-end=\"894\">As encomendas s\u00e3o orientadas para a produ\u00e7\u00e3o: comece com uma amostra, aprove os tamanhos e as medidas e, em seguida, bloqueie as cores e as reparti\u00e7\u00f5es de tamanhos. Adicione identificadores de marca, como etiquetas de pesco\u00e7o, etiquetas de cuidado, embalagens e marcas de cart\u00e3o prontas a usar. A coloca\u00e7\u00e3o do log\u00f3tipo \u00e9 flex\u00edvel; as op\u00e7\u00f5es incluem bordados, remendos ou aplica\u00e7\u00f5es de impress\u00e3o, dependendo do seu trabalho art\u00edstico e or\u00e7amento. O MOQ e o prazo de entrega variam - solicite um or\u00e7amento. Mais adequado para marcas de streetwear, retalhistas de boutiques e merchandising para eventos ou equipas.<\/p>\n<ul data-start=\"896\" data-end=\"1061\">\n<li data-start=\"896\" data-end=\"925\">\n<p data-start=\"898\" data-end=\"925\">Modelos com pul\u00f4ver ou fecho de correr<\/p>\n<\/li>\n<li data-start=\"926\" data-end=\"960\">\n<p data-start=\"928\" data-end=\"960\">Op\u00e7\u00f5es de ajuste orientadas para o streetwear<\/p>\n<\/li>\n<li data-start=\"961\" data-end=\"995\">\n<p data-start=\"963\" data-end=\"995\">Log\u00f3tipo: bordado, remendo, impress\u00e3o<\/p>\n<\/li>\n<li data-start=\"996\" data-end=\"1027\">\n<p data-start=\"998\" data-end=\"1027\">Etiquetas e embalagens personalizadas<\/p>\n<\/li>\n<li data-start=\"1028\" data-end=\"1061\">\n<p data-start=\"1030\" data-end=\"1061\">Op\u00e7\u00f5es de tecidos mais pesados<\/p>\n<\/li>\n<\/ul>","protected":false},"excerpt":{"rendered":"<p data-start=\"1063\" data-end=\"1306\">Casacos com capuz pesados OEM para marcas de streetwear, fabricados de acordo com as suas especifica\u00e7\u00f5es. Escolha o modelo e as cores e, em seguida, adicione a decora\u00e7\u00e3o do log\u00f3tipo (bordado, remendo ou impress\u00e3o), bem como etiquetas e embalagens para s\u00e9ries de produ\u00e7\u00e3o por grosso.<\/p>","protected":false},"featured_media":183,"template":"","meta":{"_gspb_post_css":""},"product_brand":[],"product_cat":[26,25],"product_tag":[],"class_list":{"0":"post-158","1":"product","2":"type-product","3":"status-publish","4":"has-post-thumbnail","6":"product_cat-hoodies","7":"product_cat-clothing","9":"first","10":"instock","11":"shipping-taxable","12":"purchasable","13":"product-type-simple"},"_links":{"self":[{"href":"https:\/\/customhatsmanufacturer.com\/pt\/wp-json\/wp\/v2\/product\/158","targetHints":{"allow":["GET"]}}],"collection":[{"href":"https:\/\/customhatsmanufacturer.com\/pt\/wp-json\/wp\/v2\/product"}],"about":[{"href":"https:\/\/customhatsmanufacturer.com\/pt\/wp-json\/wp\/v2\/types\/product"}],"wp:featuredmedia":[{"embeddable":true,"href":"https:\/\/customhatsmanufacturer.com\/pt\/wp-json\/wp\/v2\/media\/183"}],"wp:attachment":[{"href":"https:\/\/customhatsmanufacturer.com\/pt\/wp-json\/wp\/v2\/media?parent=158"}],"wp:term":[{"taxonomy":"product_brand","embeddable":true,"href":"https:\/\/customhatsmanufacturer.com\/pt\/wp-json\/wp\/v2\/product_brand?post=158"},{"taxonomy":"product_cat","embeddable":true,"href":"https:\/\/customhatsmanufacturer.com\/pt\/wp-json\/wp\/v2\/product_cat?post=158"},{"taxonomy":"product_tag","embeddable":true,"href":"https:\/\/customhatsmanufacturer.com\/pt\/wp-json\/wp\/v2\/product_tag?post=158"}],"curies":[{"name":"wp","href":"https:\/\/api.w.org\/{rel}","templated":true}]}}