{"id":155,"date":"2026-02-27T11:20:33","date_gmt":"2026-02-27T11:20:33","guid":{"rendered":"https:\/\/customhatsmanufacturer.com\/?post_type=product&#038;p=155"},"modified":"2026-02-27T11:20:33","modified_gmt":"2026-02-27T11:20:33","slug":"custom-pullover-hoodies-with-logo-print-wholesale","status":"publish","type":"product","link":"https:\/\/customhatsmanufacturer.com\/pt\/produto\/custom-pullover-hoodies-with-logo-print-wholesale\/","title":{"rendered":"Casacos com capuz personalizados com impress\u00e3o do log\u00f3tipo (grossista)"},"content":{"rendered":"<p data-start=\"0\" data-end=\"501\">As sweatshirts com capuz personalizadas com impress\u00e3o de log\u00f3tipo s\u00e3o uma camada fi\u00e1vel para programas de uniformes, entregas de produtos e campanhas promocionais. O estilo pul\u00f4ver significa um ajuste sobre a cabe\u00e7a sem fecho frontal e o seu log\u00f3tipo pode ser impresso no peito, nas costas ou na manga, dependendo da disposi\u00e7\u00e3o. Os m\u00e9todos de impress\u00e3o podem ser combinados com o trabalho art\u00edstico - as op\u00e7\u00f5es incluem serigrafia, estilos direct-to-garment ou transfer\u00eancia de calor, mediante pedido.<\/p>\n<p data-start=\"503\" data-end=\"990\">Concebidas para encomendas comerciais, estas sweatshirts com capuz podem ser fornecidas de acordo com os seus tamanhos e cores, com op\u00e7\u00f5es de etiquetagem e embalagem dispon\u00edveis para revenda. Detalhes como um bolso canguru, capuz com cord\u00e3o e acabamentos em canelado podem ser especificados para o seu programa. Partilhe os ficheiros do log\u00f3tipo e as notas de coloca\u00e7\u00e3o e alinharemos as especifica\u00e7\u00f5es, as provas\/amostras (se necess\u00e1rio) e os detalhes de produ\u00e7\u00e3o. O MOQ e o prazo de entrega variam - solicite um or\u00e7amento. Mais adequado para marcas, equipas, eventos e retalhistas que necessitem de camadas de marca consistentes.<\/p>\n<ul data-start=\"991\" data-end=\"1176\">\n<li data-start=\"991\" data-end=\"1017\">\n<p data-start=\"993\" data-end=\"1017\">Pul\u00f4ver, sem fecho de correr \u00e0 frente<\/p>\n<\/li>\n<li data-start=\"1018\" data-end=\"1051\">\n<p data-start=\"1020\" data-end=\"1051\">\u00c1reas de impress\u00e3o no peito, costas e manga<\/p>\n<\/li>\n<li data-start=\"1052\" data-end=\"1075\">\n<p data-start=\"1054\" data-end=\"1075\">Impress\u00e3o serigr\u00e1fica ou DTG<\/p>\n<\/li>\n<li data-start=\"1076\" data-end=\"1111\">\n<p data-start=\"1078\" data-end=\"1111\">Op\u00e7\u00f5es de transfer\u00eancia de calor dispon\u00edveis<\/p>\n<\/li>\n<li data-start=\"1112\" data-end=\"1143\">\n<p data-start=\"1114\" data-end=\"1143\">Op\u00e7\u00f5es de bolsos e cord\u00f5es<\/p>\n<\/li>\n<li data-start=\"1144\" data-end=\"1176\">\n<p data-start=\"1146\" data-end=\"1176\">Op\u00e7\u00f5es de rotulagem e embalagem<\/p>\n<\/li>\n<\/ul>","protected":false},"excerpt":{"rendered":"<p data-start=\"1178\" data-end=\"1454\">As sweatshirts com capuz s\u00e3o fornecidas para encomendas em quantidade, com personaliza\u00e7\u00e3o da impress\u00e3o do log\u00f3tipo atrav\u00e9s do m\u00e9todo e da coloca\u00e7\u00e3o selecionados. Forne\u00e7a o trabalho art\u00edstico e as reparti\u00e7\u00f5es de tamanho\/cor; op\u00e7\u00f5es de etiquetagem e embalagem dispon\u00edveis para revenda. O MOQ e o prazo de entrega variam - or\u00e7amento a pedido.<\/p>","protected":false},"featured_media":175,"template":"","meta":{"_gspb_post_css":""},"product_brand":[],"product_cat":[26,25],"product_tag":[],"class_list":{"0":"post-155","1":"product","2":"type-product","3":"status-publish","4":"has-post-thumbnail","6":"product_cat-hoodies","7":"product_cat-clothing","9":"first","10":"instock","11":"shipping-taxable","12":"purchasable","13":"product-type-simple"},"_links":{"self":[{"href":"https:\/\/customhatsmanufacturer.com\/pt\/wp-json\/wp\/v2\/product\/155","targetHints":{"allow":["GET"]}}],"collection":[{"href":"https:\/\/customhatsmanufacturer.com\/pt\/wp-json\/wp\/v2\/product"}],"about":[{"href":"https:\/\/customhatsmanufacturer.com\/pt\/wp-json\/wp\/v2\/types\/product"}],"wp:featuredmedia":[{"embeddable":true,"href":"https:\/\/customhatsmanufacturer.com\/pt\/wp-json\/wp\/v2\/media\/175"}],"wp:attachment":[{"href":"https:\/\/customhatsmanufacturer.com\/pt\/wp-json\/wp\/v2\/media?parent=155"}],"wp:term":[{"taxonomy":"product_brand","embeddable":true,"href":"https:\/\/customhatsmanufacturer.com\/pt\/wp-json\/wp\/v2\/product_brand?post=155"},{"taxonomy":"product_cat","embeddable":true,"href":"https:\/\/customhatsmanufacturer.com\/pt\/wp-json\/wp\/v2\/product_cat?post=155"},{"taxonomy":"product_tag","embeddable":true,"href":"https:\/\/customhatsmanufacturer.com\/pt\/wp-json\/wp\/v2\/product_tag?post=155"}],"curies":[{"name":"wp","href":"https:\/\/api.w.org\/{rel}","templated":true}]}}