{"id":154,"date":"2026-02-27T11:13:58","date_gmt":"2026-02-27T11:13:58","guid":{"rendered":"https:\/\/customhatsmanufacturer.com\/?post_type=product&#038;p=154"},"modified":"2026-02-27T11:13:58","modified_gmt":"2026-02-27T11:13:58","slug":"slouch-beanies-for-streetwear-brands-oem","status":"publish","type":"product","link":"https:\/\/customhatsmanufacturer.com\/pt\/produto\/slouch-beanies-for-streetwear-brands-oem\/","title":{"rendered":"Gorros Slouch para marcas de Streetwear (OEM)"},"content":{"rendered":"<p data-start=\"0\" data-end=\"330\">Estes gorros slouch s\u00e3o uma silhueta de chap\u00e9u de malha focada no streetwear com um corpo mais comprido para que a coroa caia para tr\u00e1s para um drapeado intencional. A forma \u00e9 frequentemente especificada como sem punho, mas pode ser adicionado um punho dobr\u00e1vel se pretender uma abertura mais apertada ou espa\u00e7o extra para a marca.<\/p>\n<p data-start=\"332\" data-end=\"852\">Feita para programas OEM, a produ\u00e7\u00e3o segue as suas notas de design e padr\u00f5es de marca em vez de um modelo de tamanho \u00fanico - utilize-a para reabastecimento por atacado, sortimentos de retalho e lan\u00e7amentos. O acabamento do log\u00f3tipo \u00e9 flex\u00edvel: as op\u00e7\u00f5es incluem bordados, um remendo cosido ou a coloca\u00e7\u00e3o de uma etiqueta tecida, dependendo do seu trabalho art\u00edstico e do aspeto que pretende. O MOQ e o prazo de entrega variam - pe\u00e7a um or\u00e7amento. Os compradores mais adequados incluem marcas de streetwear, retalhistas de boutiques, programas de merchandising e operadores de eventos.<\/p>\n<ul data-start=\"853\" data-end=\"1029\">\n<li data-start=\"853\" data-end=\"881\">\n<p data-start=\"855\" data-end=\"881\">Perfil de corpo comprido e desca\u00eddo<\/p>\n<\/li>\n<li data-start=\"882\" data-end=\"911\">\n<p data-start=\"884\" data-end=\"911\">Constru\u00e7\u00f5es com ou sem punho<\/p>\n<\/li>\n<li data-start=\"912\" data-end=\"936\">\n<p data-start=\"914\" data-end=\"936\">Op\u00e7\u00f5es de modelos de malha<\/p>\n<\/li>\n<li data-start=\"937\" data-end=\"968\">\n<p data-start=\"939\" data-end=\"968\">\u00c1reas do log\u00f3tipo prontas a bordar<\/p>\n<\/li>\n<li data-start=\"969\" data-end=\"1001\">\n<p data-start=\"971\" data-end=\"1001\">Etiquetas de remendo ou tecidas<\/p>\n<\/li>\n<li data-start=\"1002\" data-end=\"1029\">\n<p data-start=\"1004\" data-end=\"1029\">Embalagem a granel a pedido<\/p>\n<\/li>\n<\/ul>","protected":false},"excerpt":{"rendered":"<p data-start=\"1031\" data-end=\"1296\">Gorro de corpo comprido e desca\u00eddo, concebido para as linhas de streetwear. Fabrico OEM de acordo com as suas especifica\u00e7\u00f5es, com bordados, remendos ou etiquetas tecidas opcionais. Adequado para reabastecimento por atacado e vendas sazonais; MOQ e prazo de entrega indicados por projeto.<\/p>","protected":false},"featured_media":171,"template":"","meta":{"_gspb_post_css":""},"product_brand":[],"product_cat":[24],"product_tag":[],"class_list":{"0":"post-154","1":"product","2":"type-product","3":"status-publish","4":"has-post-thumbnail","6":"product_cat-beanies-knit-hats","8":"first","9":"instock","10":"shipping-taxable","11":"purchasable","12":"product-type-simple"},"_links":{"self":[{"href":"https:\/\/customhatsmanufacturer.com\/pt\/wp-json\/wp\/v2\/product\/154","targetHints":{"allow":["GET"]}}],"collection":[{"href":"https:\/\/customhatsmanufacturer.com\/pt\/wp-json\/wp\/v2\/product"}],"about":[{"href":"https:\/\/customhatsmanufacturer.com\/pt\/wp-json\/wp\/v2\/types\/product"}],"wp:featuredmedia":[{"embeddable":true,"href":"https:\/\/customhatsmanufacturer.com\/pt\/wp-json\/wp\/v2\/media\/171"}],"wp:attachment":[{"href":"https:\/\/customhatsmanufacturer.com\/pt\/wp-json\/wp\/v2\/media?parent=154"}],"wp:term":[{"taxonomy":"product_brand","embeddable":true,"href":"https:\/\/customhatsmanufacturer.com\/pt\/wp-json\/wp\/v2\/product_brand?post=154"},{"taxonomy":"product_cat","embeddable":true,"href":"https:\/\/customhatsmanufacturer.com\/pt\/wp-json\/wp\/v2\/product_cat?post=154"},{"taxonomy":"product_tag","embeddable":true,"href":"https:\/\/customhatsmanufacturer.com\/pt\/wp-json\/wp\/v2\/product_tag?post=154"}],"curies":[{"name":"wp","href":"https:\/\/api.w.org\/{rel}","templated":true}]}}