{"id":153,"date":"2026-02-27T11:11:22","date_gmt":"2026-02-27T11:11:22","guid":{"rendered":"https:\/\/customhatsmanufacturer.com\/?post_type=product&#038;p=153"},"modified":"2026-02-27T11:11:22","modified_gmt":"2026-02-27T11:11:22","slug":"cuffed-knit-beanies-with-embroidered-logo-bulk","status":"publish","type":"product","link":"https:\/\/customhatsmanufacturer.com\/pt\/produto\/cuffed-knit-beanies-with-embroidered-logo-bulk\/","title":{"rendered":"Gorros de malha com punho e log\u00f3tipo bordado (a granel)"},"content":{"rendered":"<p data-start=\"0\" data-end=\"359\">Concebidos para merchandising em tempo frio, estes gorros de malha com punho apresentam um punho dobrado que acrescenta cobertura extra e cria uma faixa limpa e estruturada para decora\u00e7\u00e3o. O seu log\u00f3tipo bordado \u00e9 colocado de forma proeminente no punho, proporcionando um acabamento cosido de alta qualidade que se mant\u00e9m n\u00edtido com o uso repetido.<\/p>\n<p data-start=\"361\" data-end=\"809\">Concebido para compras a granel, este estilo permite uma marca direta para linhas de marcas privadas, programas de uniformes e gotas promocionais. Partilhe o seu trabalho art\u00edstico e este pode ser configurado para bordar; as op\u00e7\u00f5es incluem cores de linha, tamanho do log\u00f3tipo, coloca\u00e7\u00e3o, al\u00e9m de embalagem ou etiquetagem interior, mediante pedido. O MOQ e o prazo de entrega variam - solicite um or\u00e7amento para obter pre\u00e7os e prazos. Mais adequado para marcas, equipas, eventos e retalhistas que necessitam de encomendas consistentes.<\/p>\n<ul data-start=\"811\" data-end=\"962\">\n<li data-start=\"811\" data-end=\"837\">\n<p data-start=\"813\" data-end=\"837\">Perfil do punho dobr\u00e1vel<\/p>\n<\/li>\n<li data-start=\"838\" data-end=\"866\">\n<p data-start=\"840\" data-end=\"866\">Log\u00f3tipo bordado no punho<\/p>\n<\/li>\n<li data-start=\"867\" data-end=\"901\">\n<p data-start=\"869\" data-end=\"901\">Malha el\u00e1stica, conforto quotidiano<\/p>\n<\/li>\n<li data-start=\"902\" data-end=\"936\">\n<p data-start=\"904\" data-end=\"936\">Op\u00e7\u00f5es de cores de rosca dispon\u00edveis<\/p>\n<\/li>\n<li data-start=\"937\" data-end=\"962\">\n<p data-start=\"939\" data-end=\"962\">Pronto para revenda a granel<\/p>\n<\/li>\n<\/ul>","protected":false},"excerpt":{"rendered":"<p data-start=\"964\" data-end=\"1225\">Gorros de malha com punho e log\u00f3tipo bordado no punho dobr\u00e1vel. Concebidos para encomendas a granel com detalhes de bordado configur\u00e1veis e etiquetagem\/embalagem opcional mediante pedido. Pre\u00e7os baseados em cota\u00e7\u00f5es para programas grossistas, OEM e comerciais.<\/p>","protected":false},"featured_media":165,"template":"","meta":{"_gspb_post_css":""},"product_brand":[],"product_cat":[24],"product_tag":[],"class_list":{"0":"post-153","1":"product","2":"type-product","3":"status-publish","4":"has-post-thumbnail","6":"product_cat-beanies-knit-hats","8":"first","9":"instock","10":"shipping-taxable","11":"purchasable","12":"product-type-simple"},"_links":{"self":[{"href":"https:\/\/customhatsmanufacturer.com\/pt\/wp-json\/wp\/v2\/product\/153","targetHints":{"allow":["GET"]}}],"collection":[{"href":"https:\/\/customhatsmanufacturer.com\/pt\/wp-json\/wp\/v2\/product"}],"about":[{"href":"https:\/\/customhatsmanufacturer.com\/pt\/wp-json\/wp\/v2\/types\/product"}],"wp:featuredmedia":[{"embeddable":true,"href":"https:\/\/customhatsmanufacturer.com\/pt\/wp-json\/wp\/v2\/media\/165"}],"wp:attachment":[{"href":"https:\/\/customhatsmanufacturer.com\/pt\/wp-json\/wp\/v2\/media?parent=153"}],"wp:term":[{"taxonomy":"product_brand","embeddable":true,"href":"https:\/\/customhatsmanufacturer.com\/pt\/wp-json\/wp\/v2\/product_brand?post=153"},{"taxonomy":"product_cat","embeddable":true,"href":"https:\/\/customhatsmanufacturer.com\/pt\/wp-json\/wp\/v2\/product_cat?post=153"},{"taxonomy":"product_tag","embeddable":true,"href":"https:\/\/customhatsmanufacturer.com\/pt\/wp-json\/wp\/v2\/product_tag?post=153"}],"curies":[{"name":"wp","href":"https:\/\/api.w.org\/{rel}","templated":true}]}}