{"id":152,"date":"2026-02-27T11:08:41","date_gmt":"2026-02-27T11:08:41","guid":{"rendered":"https:\/\/customhatsmanufacturer.com\/?post_type=product&#038;p=152"},"modified":"2026-02-27T11:08:42","modified_gmt":"2026-02-27T11:08:42","slug":"rib-knit-beanies-with-custom-patch-wholesale","status":"publish","type":"product","link":"https:\/\/customhatsmanufacturer.com\/pt\/produto\/rib-knit-beanies-with-custom-patch-wholesale\/","title":{"rendered":"Gorros de malha canelada com remendo personalizado (grossista)"},"content":{"rendered":"<p data-start=\"0\" data-end=\"346\">Os gorros de malha canelada com remendo personalizado s\u00e3o gorros de malha cl\u00e1ssicos constru\u00eddos em torno de uma estrutura de canelada vertical que acrescenta textura e elasticidade natural para um ajuste seguro. Concebidos para compras por grosso, s\u00e3o um estilo de base pr\u00e1tico para sortimentos de inverno, programas de uniformes e produtos de marca.<\/p>\n<p data-start=\"348\" data-end=\"893\">O destaque \u00e9 a \u00e1rea de remendo personaliz\u00e1vel, que proporciona uma forma simples e repet\u00edvel de colocar um log\u00f3tipo ou uma mensagem sem alterar a pr\u00f3pria malha. Os materiais e acabamentos dos remendos podem ser especificados para se adequarem ao seu posicionamento - as op\u00e7\u00f5es podem incluir estilos de tecido, bordado, pele ou PVC, dependendo do seu trabalho art\u00edstico e do pre\u00e7o pretendido. O MOQ e o prazo de entrega variam - solicite um or\u00e7amento com o ficheiro do seu log\u00f3tipo e notas de coloca\u00e7\u00e3o. Mais adequado para marcas, equipas, eventos e retalhistas que necessitam de um branding consistente em grandes quantidades.<\/p>\n<ul data-start=\"895\" data-end=\"1062\">\n<li data-start=\"895\" data-end=\"924\">\n<p data-start=\"897\" data-end=\"924\">Textura em malha canelada vertical<\/p>\n<\/li>\n<li data-start=\"925\" data-end=\"956\">\n<p data-start=\"927\" data-end=\"956\">Coloca\u00e7\u00e3o de emblema com log\u00f3tipo personalizado<\/p>\n<\/li>\n<li data-start=\"957\" data-end=\"985\">\n<p data-start=\"959\" data-end=\"985\">Ajuste el\u00e1stico, tamanho f\u00e1cil<\/p>\n<\/li>\n<li data-start=\"986\" data-end=\"1023\">\n<p data-start=\"988\" data-end=\"1023\">Op\u00e7\u00f5es de material de remendo a pedido<\/p>\n<\/li>\n<li data-start=\"1024\" data-end=\"1062\">\n<p data-start=\"1026\" data-end=\"1062\">Pronto para venda por grosso para programas comerciais<\/p>\n<\/li>\n<\/ul>","protected":false},"excerpt":{"rendered":"<p data-start=\"1064\" data-end=\"1287\">Gorros de malha canelada por grosso com uma \u00e1rea de remendo personaliz\u00e1vel para log\u00f3tipos de marcas ou equipas. Especifique o estilo e a coloca\u00e7\u00e3o do remendo para obter s\u00e9ries de produ\u00e7\u00e3o repet\u00edveis; o MOQ e os prazos de entrega variam - solicite um or\u00e7amento.<\/p>","protected":false},"featured_media":163,"template":"","meta":{"_gspb_post_css":""},"product_brand":[],"product_cat":[24],"product_tag":[],"class_list":{"0":"post-152","1":"product","2":"type-product","3":"status-publish","4":"has-post-thumbnail","6":"product_cat-beanies-knit-hats","8":"first","9":"instock","10":"shipping-taxable","11":"purchasable","12":"product-type-simple"},"_links":{"self":[{"href":"https:\/\/customhatsmanufacturer.com\/pt\/wp-json\/wp\/v2\/product\/152","targetHints":{"allow":["GET"]}}],"collection":[{"href":"https:\/\/customhatsmanufacturer.com\/pt\/wp-json\/wp\/v2\/product"}],"about":[{"href":"https:\/\/customhatsmanufacturer.com\/pt\/wp-json\/wp\/v2\/types\/product"}],"wp:featuredmedia":[{"embeddable":true,"href":"https:\/\/customhatsmanufacturer.com\/pt\/wp-json\/wp\/v2\/media\/163"}],"wp:attachment":[{"href":"https:\/\/customhatsmanufacturer.com\/pt\/wp-json\/wp\/v2\/media?parent=152"}],"wp:term":[{"taxonomy":"product_brand","embeddable":true,"href":"https:\/\/customhatsmanufacturer.com\/pt\/wp-json\/wp\/v2\/product_brand?post=152"},{"taxonomy":"product_cat","embeddable":true,"href":"https:\/\/customhatsmanufacturer.com\/pt\/wp-json\/wp\/v2\/product_cat?post=152"},{"taxonomy":"product_tag","embeddable":true,"href":"https:\/\/customhatsmanufacturer.com\/pt\/wp-json\/wp\/v2\/product_tag?post=152"}],"curies":[{"name":"wp","href":"https:\/\/api.w.org\/{rel}","templated":true}]}}