{"id":126,"date":"2026-02-27T10:32:10","date_gmt":"2026-02-27T10:32:10","guid":{"rendered":"https:\/\/customhatsmanufacturer.com\/?post_type=product&#038;p=126"},"modified":"2026-02-27T10:32:10","modified_gmt":"2026-02-27T10:32:10","slug":"moisture-wicking-visor-hats-for-golf-events-bulk","status":"publish","type":"product","link":"https:\/\/customhatsmanufacturer.com\/pt\/produto\/moisture-wicking-visor-hats-for-golf-events-bulk\/","title":{"rendered":"Bon\u00e9s com viseira que absorve a humidade para eventos de golfe (a granel)"},"content":{"rendered":"<p data-start=\"0\" data-end=\"370\">Os chap\u00e9us com viseira que absorve a humidade para eventos de golfe s\u00e3o viseiras de topo aberto concebidas para gerir o suor na testa, mantendo a coroa ventilada para jogos em campos quentes. A aba com prote\u00e7\u00e3o solar ajuda a reduzir o encandeamento nos tees e greens, tornando-os um complemento pr\u00e1tico para kits de torneio, equipas de caddie e pessoal do campo.<\/p>\n<p data-start=\"372\" data-end=\"856\">Para os programas B2B, estes s\u00e3o normalmente encomendados em grandes quantidades para passeios, pro-ams e jogos de caridade, com a decora\u00e7\u00e3o configurada para corresponder aos padr\u00f5es da sua marca. As op\u00e7\u00f5es incluem bordados, um remendo cosido ou transfer\u00eancia t\u00e9rmica\/impress\u00e3o serigr\u00e1fica, mediante pedido, al\u00e9m de op\u00e7\u00f5es de fecho traseiro ajust\u00e1veis para se adequarem a grupos mistos. O MOQ e o prazo de entrega variam - solicite um or\u00e7amento com as quantidades e o trabalho art\u00edstico. Mais adequado para marcas, equipas, organizadores de eventos e retalhistas de golfe.<\/p>\n<ul data-start=\"858\" data-end=\"1014\">\n<li data-start=\"858\" data-end=\"885\">\n<p data-start=\"860\" data-end=\"885\">Design de fluxo de ar de topo aberto<\/p>\n<\/li>\n<li data-start=\"886\" data-end=\"920\">\n<p data-start=\"888\" data-end=\"920\">Banda na testa que absorve a humidade<\/p>\n<\/li>\n<li data-start=\"921\" data-end=\"950\">\n<p data-start=\"923\" data-end=\"950\">Controlo do encandeamento com aba curva<\/p>\n<\/li>\n<li data-start=\"951\" data-end=\"981\">\n<p data-start=\"953\" data-end=\"981\">Op\u00e7\u00f5es de fecho ajust\u00e1veis<\/p>\n<\/li>\n<li data-start=\"982\" data-end=\"1014\">\n<p data-start=\"984\" data-end=\"1014\">Pronto para bordar\/patch\/impress\u00e3o<\/p>\n<\/li>\n<\/ul>","protected":false},"excerpt":{"rendered":"<p data-start=\"1016\" data-end=\"1281\">Bon\u00e9s com viseira de golfe que absorvem a humidade, concebidos para utiliza\u00e7\u00e3o em eventos e compras a granel. Ideais para a cria\u00e7\u00e3o de marcas em torneios com bordados opcionais, aplica\u00e7\u00e3o de patches ou impress\u00e3o por transfer\u00eancia t\u00e9rmica, al\u00e9m de op\u00e7\u00f5es de ajuste ajust\u00e1veis para grupos de participantes variados.<\/p>","protected":false},"featured_media":147,"template":"","meta":{"_gspb_post_css":""},"product_brand":[],"product_cat":[23,15],"product_tag":[],"class_list":{"0":"post-126","1":"product","2":"type-product","3":"status-publish","4":"has-post-thumbnail","6":"product_cat-visor-hats","7":"product_cat-hats-caps","9":"first","10":"instock","11":"shipping-taxable","12":"purchasable","13":"product-type-simple"},"_links":{"self":[{"href":"https:\/\/customhatsmanufacturer.com\/pt\/wp-json\/wp\/v2\/product\/126","targetHints":{"allow":["GET"]}}],"collection":[{"href":"https:\/\/customhatsmanufacturer.com\/pt\/wp-json\/wp\/v2\/product"}],"about":[{"href":"https:\/\/customhatsmanufacturer.com\/pt\/wp-json\/wp\/v2\/types\/product"}],"wp:featuredmedia":[{"embeddable":true,"href":"https:\/\/customhatsmanufacturer.com\/pt\/wp-json\/wp\/v2\/media\/147"}],"wp:attachment":[{"href":"https:\/\/customhatsmanufacturer.com\/pt\/wp-json\/wp\/v2\/media?parent=126"}],"wp:term":[{"taxonomy":"product_brand","embeddable":true,"href":"https:\/\/customhatsmanufacturer.com\/pt\/wp-json\/wp\/v2\/product_brand?post=126"},{"taxonomy":"product_cat","embeddable":true,"href":"https:\/\/customhatsmanufacturer.com\/pt\/wp-json\/wp\/v2\/product_cat?post=126"},{"taxonomy":"product_tag","embeddable":true,"href":"https:\/\/customhatsmanufacturer.com\/pt\/wp-json\/wp\/v2\/product_tag?post=126"}],"curies":[{"name":"wp","href":"https:\/\/api.w.org\/{rel}","templated":true}]}}