{"id":125,"date":"2026-02-27T10:27:32","date_gmt":"2026-02-27T10:27:32","guid":{"rendered":"https:\/\/customhatsmanufacturer.com\/?post_type=product&#038;p=125"},"modified":"2026-02-27T10:27:33","modified_gmt":"2026-02-27T10:27:33","slug":"custom-sports-visors-with-logo-embroidery-wholesale","status":"publish","type":"product","link":"https:\/\/customhatsmanufacturer.com\/pt\/produto\/custom-sports-visors-with-logo-embroidery-wholesale\/","title":{"rendered":"Viseiras desportivas personalizadas com bordado do log\u00f3tipo (grossista)"},"content":{"rendered":"<p data-start=\"0\" data-end=\"369\">Estas viseiras desportivas s\u00e3o um acess\u00f3rio para a cabe\u00e7a com aba para a frente e uma coroa aberta, concebidas para manter o brilho afastado dos olhos, ao mesmo tempo que se mant\u00eam respir\u00e1veis durante o jogo. O seu log\u00f3tipo \u00e9 aplicado atrav\u00e9s de bordados para um acabamento costurado e dimensional que se l\u00ea claramente a curta dist\u00e2ncia - \u00fatil quando necessita de uma marca consistente numa corrida completa.<\/p>\n<p data-start=\"371\" data-end=\"818\">Criados para encomendas B2B, adequam-se a programas de uniformes e linhas de produtos em que o trabalho art\u00edstico tem de se manter consistente de caixa para caixa. As op\u00e7\u00f5es podem incluir a forma da aba, o estilo de fecho e a coloca\u00e7\u00e3o do log\u00f3tipo, dependendo do seu briefing de design; partilhe o trabalho art\u00edstico e as especifica\u00e7\u00f5es para obter um or\u00e7amento de produ\u00e7\u00e3o. O MOQ e o prazo de entrega variam - solicite um or\u00e7amento. A melhor op\u00e7\u00e3o para marcas, equipas, eventos e retalhistas que necessitem de toucados de marca fi\u00e1veis.<\/p>\n<ul data-start=\"819\" data-end=\"968\">\n<li data-start=\"819\" data-end=\"849\">\n<p data-start=\"821\" data-end=\"849\">Decora\u00e7\u00e3o bordada com o log\u00f3tipo<\/p>\n<\/li>\n<li data-start=\"850\" data-end=\"878\">\n<p data-start=\"852\" data-end=\"878\">Perfil da viseira com coroa aberta<\/p>\n<\/li>\n<li data-start=\"879\" data-end=\"911\">\n<p data-start=\"881\" data-end=\"911\">Embalado a granel para distribui\u00e7\u00e3o<\/p>\n<\/li>\n<li data-start=\"912\" data-end=\"943\">\n<p data-start=\"914\" data-end=\"943\">Correspond\u00eancia de cores a pedido<\/p>\n<\/li>\n<li data-start=\"944\" data-end=\"968\">\n<p data-start=\"946\" data-end=\"968\">Op\u00e7\u00f5es de etiquetagem OEM<\/p>\n<\/li>\n<\/ul>","protected":false},"excerpt":{"rendered":"<p data-start=\"970\" data-end=\"1209\">Viseira desportiva tipo aba com bordado de log\u00f3tipo personalizado para uma marca consistente. Fornecida para programas por grosso e a granel com etiquetagem OEM opcional e op\u00e7\u00f5es de especifica\u00e7\u00f5es. Partilhe o trabalho art\u00edstico para obter or\u00e7amentos e amostras.<\/p>","protected":false},"featured_media":143,"template":"","meta":{"_gspb_post_css":""},"product_brand":[],"product_cat":[23,15],"product_tag":[],"class_list":{"0":"post-125","1":"product","2":"type-product","3":"status-publish","4":"has-post-thumbnail","6":"product_cat-visor-hats","7":"product_cat-hats-caps","9":"first","10":"instock","11":"shipping-taxable","12":"purchasable","13":"product-type-simple"},"_links":{"self":[{"href":"https:\/\/customhatsmanufacturer.com\/pt\/wp-json\/wp\/v2\/product\/125","targetHints":{"allow":["GET"]}}],"collection":[{"href":"https:\/\/customhatsmanufacturer.com\/pt\/wp-json\/wp\/v2\/product"}],"about":[{"href":"https:\/\/customhatsmanufacturer.com\/pt\/wp-json\/wp\/v2\/types\/product"}],"wp:featuredmedia":[{"embeddable":true,"href":"https:\/\/customhatsmanufacturer.com\/pt\/wp-json\/wp\/v2\/media\/143"}],"wp:attachment":[{"href":"https:\/\/customhatsmanufacturer.com\/pt\/wp-json\/wp\/v2\/media?parent=125"}],"wp:term":[{"taxonomy":"product_brand","embeddable":true,"href":"https:\/\/customhatsmanufacturer.com\/pt\/wp-json\/wp\/v2\/product_brand?post=125"},{"taxonomy":"product_cat","embeddable":true,"href":"https:\/\/customhatsmanufacturer.com\/pt\/wp-json\/wp\/v2\/product_cat?post=125"},{"taxonomy":"product_tag","embeddable":true,"href":"https:\/\/customhatsmanufacturer.com\/pt\/wp-json\/wp\/v2\/product_tag?post=125"}],"curies":[{"name":"wp","href":"https:\/\/api.w.org\/{rel}","templated":true}]}}