{"id":124,"date":"2026-02-27T10:24:39","date_gmt":"2026-02-27T10:24:39","guid":{"rendered":"https:\/\/customhatsmanufacturer.com\/?post_type=product&#038;p=124"},"modified":"2026-02-27T10:24:39","modified_gmt":"2026-02-27T10:24:39","slug":"soft-cotton-kids-hats-for-team-uniforms-oem","status":"publish","type":"product","link":"https:\/\/customhatsmanufacturer.com\/pt\/produto\/soft-cotton-kids-hats-for-team-uniforms-oem\/","title":{"rendered":"Chap\u00e9us de algod\u00e3o macio para crian\u00e7as para uniformes de equipa (OEM)"},"content":{"rendered":"<p data-start=\"0\" data-end=\"410\">Bon\u00e9s de algod\u00e3o macio para crian\u00e7as, concebidos para uniformes de equipa coordenados - ideais quando \u00e9 necess\u00e1rio um aspeto consistente, uma utiliza\u00e7\u00e3o confort\u00e1vel e uma encomenda repetida simples. A estrutura em algod\u00e3o mant\u00e9m o toque suave para os utilizadores mais jovens, enquanto a silhueta geral pode ser especificada para corresponder ao seu programa de uniformes (estruturado ou n\u00e3o estruturado, aba curva ou plana e op\u00e7\u00f5es de fecho ajust\u00e1vel mediante pedido).<\/p>\n<p data-start=\"412\" data-end=\"854\">Para o aprovisionamento B2B, estes produtos s\u00e3o produzidos como chap\u00e9us OEM para que possa alinhar as cores, os detalhes de acabamento e a coloca\u00e7\u00e3o da marca com a sua folha de especifica\u00e7\u00f5es. As op\u00e7\u00f5es incluem bordados diretos, patches tecidos\/bordados ou aplica\u00e7\u00f5es de impress\u00e3o, dependendo do seu trabalho art\u00edstico e or\u00e7amento. O MOQ e o prazo de entrega variam - solicite uma cota\u00e7\u00e3o com o ficheiro do seu log\u00f3tipo e o prazo de entrega pretendido. Os compradores mais adequados incluem marcas de uniformes, equipas escolares, organizadores de eventos e retalhistas de desporto.<\/p>\n<ul data-start=\"855\" data-end=\"1032\">\n<li data-start=\"855\" data-end=\"880\">\n<p data-start=\"857\" data-end=\"880\">Toque suave de algod\u00e3o<\/p>\n<\/li>\n<li data-start=\"881\" data-end=\"912\">\n<p data-start=\"883\" data-end=\"912\">Op\u00e7\u00f5es de tamanho para crian\u00e7as<\/p>\n<\/li>\n<li data-start=\"913\" data-end=\"936\">\n<p data-start=\"915\" data-end=\"936\">Aba curva ou plana<\/p>\n<\/li>\n<li data-start=\"937\" data-end=\"972\">\n<p data-start=\"939\" data-end=\"972\">Op\u00e7\u00f5es de fecho ajust\u00e1vel nas costas<\/p>\n<\/li>\n<li data-start=\"973\" data-end=\"1004\">\n<p data-start=\"975\" data-end=\"1004\">Bordado, remendo ou impress\u00e3o<\/p>\n<\/li>\n<li data-start=\"1005\" data-end=\"1032\">\n<p data-start=\"1007\" data-end=\"1032\">Etiquetagem OEM a pedido<\/p>\n<\/li>\n<\/ul>","protected":false},"excerpt":{"rendered":"<p data-start=\"1034\" data-end=\"1255\">Bon\u00e9s de equipa para crian\u00e7as em algod\u00e3o macio concebidos para programas de uniformes. Dispon\u00edveis para encomendas OEM com bordados de log\u00f3tipos, remendos ou aplica\u00e7\u00f5es de impress\u00e3o, mediante pedido. O MOQ e o prazo de entrega variam - or\u00e7amento dispon\u00edvel.<\/p>","protected":false},"featured_media":136,"template":"","meta":{"_gspb_post_css":""},"product_brand":[],"product_cat":[22,15],"product_tag":[],"class_list":{"0":"post-124","1":"product","2":"type-product","3":"status-publish","4":"has-post-thumbnail","6":"product_cat-kid-hats","7":"product_cat-hats-caps","9":"first","10":"instock","11":"shipping-taxable","12":"purchasable","13":"product-type-simple"},"_links":{"self":[{"href":"https:\/\/customhatsmanufacturer.com\/pt\/wp-json\/wp\/v2\/product\/124","targetHints":{"allow":["GET"]}}],"collection":[{"href":"https:\/\/customhatsmanufacturer.com\/pt\/wp-json\/wp\/v2\/product"}],"about":[{"href":"https:\/\/customhatsmanufacturer.com\/pt\/wp-json\/wp\/v2\/types\/product"}],"wp:featuredmedia":[{"embeddable":true,"href":"https:\/\/customhatsmanufacturer.com\/pt\/wp-json\/wp\/v2\/media\/136"}],"wp:attachment":[{"href":"https:\/\/customhatsmanufacturer.com\/pt\/wp-json\/wp\/v2\/media?parent=124"}],"wp:term":[{"taxonomy":"product_brand","embeddable":true,"href":"https:\/\/customhatsmanufacturer.com\/pt\/wp-json\/wp\/v2\/product_brand?post=124"},{"taxonomy":"product_cat","embeddable":true,"href":"https:\/\/customhatsmanufacturer.com\/pt\/wp-json\/wp\/v2\/product_cat?post=124"},{"taxonomy":"product_tag","embeddable":true,"href":"https:\/\/customhatsmanufacturer.com\/pt\/wp-json\/wp\/v2\/product_tag?post=124"}],"curies":[{"name":"wp","href":"https:\/\/api.w.org\/{rel}","templated":true}]}}