{"id":123,"date":"2026-02-27T10:20:28","date_gmt":"2026-02-27T10:20:28","guid":{"rendered":"https:\/\/customhatsmanufacturer.com\/?post_type=product&#038;p=123"},"modified":"2026-02-27T10:20:28","modified_gmt":"2026-02-27T10:20:28","slug":"adjustable-kids-trucker-hats-for-schools-bulk","status":"publish","type":"product","link":"https:\/\/customhatsmanufacturer.com\/pt\/produto\/adjustable-kids-trucker-hats-for-schools-bulk\/","title":{"rendered":"Chap\u00e9us de camionista ajust\u00e1veis para crian\u00e7as para escolas (a granel)"},"content":{"rendered":"<p data-start=\"0\" data-end=\"515\">Concebidos para programas escolares e gamas de chap\u00e9us para jovens, estes chap\u00e9us de camionista ajust\u00e1veis para crian\u00e7as foram concebidos para uso di\u00e1rio, dias de festa e eventos no campus. O perfil estilo camionista mant\u00e9m o aspeto desportivo, com uma constru\u00e7\u00e3o que pode ser especificada para se adequar ao seu comprador - as op\u00e7\u00f5es incluem pain\u00e9is frontais estruturados e constru\u00e7\u00f5es traseiras em malha respir\u00e1vel. Um fecho traseiro ajust\u00e1vel ajuda a acomodar estudantes em crescimento e simplifica a distribui\u00e7\u00e3o entre turmas e equipas.<\/p>\n<p data-start=\"517\" data-end=\"939\">Para compras a granel, pode normalizar as cores para n\u00edveis de ensino ou casas e, em seguida, adicionar a marca no painel frontal atrav\u00e9s de bordados, um remendo cosido\/aplicado a quente ou impress\u00e3o (dispon\u00edvel mediante pedido). Forne\u00e7a o trabalho art\u00edstico e as notas de coloca\u00e7\u00e3o, e faremos um or\u00e7amento com base nos requisitos de decora\u00e7\u00e3o e embalagem; o MOQ e o prazo de entrega variam - solicite um or\u00e7amento. Mais adequado para fornecedores de uniformes escolares, marcas de vestu\u00e1rio de desporto, retalhistas e organizadores de eventos.<\/p>\n<ul data-start=\"941\" data-end=\"1120\">\n<li data-start=\"941\" data-end=\"978\">\n<p data-start=\"943\" data-end=\"978\">Fecho ajust\u00e1vel para jovens<\/p>\n<\/li>\n<li data-start=\"979\" data-end=\"1021\">\n<p data-start=\"981\" data-end=\"1021\">Op\u00e7\u00f5es de pain\u00e9is respir\u00e1veis estilo camionista<\/p>\n<\/li>\n<li data-start=\"1022\" data-end=\"1057\">\n<p data-start=\"1024\" data-end=\"1057\">\u00c1rea frontal para aplica\u00e7\u00e3o do log\u00f3tipo<\/p>\n<\/li>\n<li data-start=\"1058\" data-end=\"1090\">\n<p data-start=\"1060\" data-end=\"1090\">Aba curva, perfil cl\u00e1ssico<\/p>\n<\/li>\n<li data-start=\"1091\" data-end=\"1120\">\n<p data-start=\"1093\" data-end=\"1120\">Encomendas a granel para escolas<\/p>\n<\/li>\n<\/ul>","protected":false},"excerpt":{"rendered":"<p data-start=\"1122\" data-end=\"1377\">Bon\u00e9s de camionista ajust\u00e1veis para crian\u00e7as para programas escolares, fornecidos a granel. Especifique a constru\u00e7\u00e3o estilo camionista e escolha bordado, remendo ou impress\u00e3o da marca no painel frontal. Encomendas com base em cota\u00e7\u00f5es, com MOQs e prazos de entrega vari\u00e1veis.<\/p>","protected":false},"featured_media":135,"template":"","meta":{"_gspb_post_css":""},"product_brand":[],"product_cat":[22,15],"product_tag":[],"class_list":{"0":"post-123","1":"product","2":"type-product","3":"status-publish","4":"has-post-thumbnail","6":"product_cat-kid-hats","7":"product_cat-hats-caps","9":"first","10":"instock","11":"shipping-taxable","12":"purchasable","13":"product-type-simple"},"_links":{"self":[{"href":"https:\/\/customhatsmanufacturer.com\/pt\/wp-json\/wp\/v2\/product\/123","targetHints":{"allow":["GET"]}}],"collection":[{"href":"https:\/\/customhatsmanufacturer.com\/pt\/wp-json\/wp\/v2\/product"}],"about":[{"href":"https:\/\/customhatsmanufacturer.com\/pt\/wp-json\/wp\/v2\/types\/product"}],"wp:featuredmedia":[{"embeddable":true,"href":"https:\/\/customhatsmanufacturer.com\/pt\/wp-json\/wp\/v2\/media\/135"}],"wp:attachment":[{"href":"https:\/\/customhatsmanufacturer.com\/pt\/wp-json\/wp\/v2\/media?parent=123"}],"wp:term":[{"taxonomy":"product_brand","embeddable":true,"href":"https:\/\/customhatsmanufacturer.com\/pt\/wp-json\/wp\/v2\/product_brand?post=123"},{"taxonomy":"product_cat","embeddable":true,"href":"https:\/\/customhatsmanufacturer.com\/pt\/wp-json\/wp\/v2\/product_cat?post=123"},{"taxonomy":"product_tag","embeddable":true,"href":"https:\/\/customhatsmanufacturer.com\/pt\/wp-json\/wp\/v2\/product_tag?post=123"}],"curies":[{"name":"wp","href":"https:\/\/api.w.org\/{rel}","templated":true}]}}