{"id":92,"date":"2026-02-27T08:39:59","date_gmt":"2026-02-27T08:39:59","guid":{"rendered":"https:\/\/customhatsmanufacturer.com\/?post_type=product&#038;p=92"},"modified":"2026-02-27T08:39:59","modified_gmt":"2026-02-27T08:39:59","slug":"custom-5-panel-caps-with-woven-patch-wholesale","status":"publish","type":"product","link":"https:\/\/customhatsmanufacturer.com\/it\/prodotto\/custom-5-panel-caps-with-woven-patch-wholesale\/","title":{"rendered":"Cappellini personalizzati a 5 pannelli con toppa tessuta (all'ingrosso)"},"content":{"rendered":"<p data-start=\"0\" data-end=\"387\">I cappellini personalizzati a 5 pannelli con toppa tessuta (all'ingrosso) sono costruiti attorno a una corona a cinque pezzi con un pannello frontale pulito e ininterrotto, ideale per un segno di toppa centrato e un marchio ordinato. Sono indicati per i programmi di vendita all'ingrosso che richiedono dimensioni coerenti, decorazioni ripetibili e un percorso agevole dal campionamento agli ordini di rifornimento.<\/p>\n<p data-start=\"389\" data-end=\"922\">La toppa tessuta \u00e8 prodotta intrecciando i fili per ottenere linee pi\u00f9 nitide e testi pi\u00f9 piccoli rispetto alla tipica cucitura, dando al vostro logo una finitura raffinata, simile a un'etichetta. Inviate la vostra grafica e noi allineeremo le dimensioni della toppa e la finitura dei bordi come opzioni, quindi la applicheremo nella posizione da voi specificata (fronte, lato o retro). Potete richiedere scelte come la tesa piatta o curva e la chiusura regolabile per adattarla al vostro canale. Il MOQ e i tempi di consegna variano: richiedete un preventivo. Ideale per marchi, squadre, eventi e rivenditori per la creazione di collezioni di merchandising.<\/p>\n<ul data-start=\"924\" data-end=\"1087\">\n<li data-start=\"924\" data-end=\"957\">\n<p data-start=\"926\" data-end=\"957\">Costruzione della corona a cinque pannelli<\/p>\n<\/li>\n<li data-start=\"958\" data-end=\"989\">\n<p data-start=\"960\" data-end=\"989\">Fronte senza cuciture per le toppe<\/p>\n<\/li>\n<li data-start=\"990\" data-end=\"1022\">\n<p data-start=\"992\" data-end=\"1022\">Applicazione del logo a toppa tessuta<\/p>\n<\/li>\n<li data-start=\"1023\" data-end=\"1055\">\n<p data-start=\"1025\" data-end=\"1055\">Possibilit\u00e0 di scegliere la forma della tesa<\/p>\n<\/li>\n<li data-start=\"1056\" data-end=\"1087\">\n<p data-start=\"1058\" data-end=\"1087\">Stili di chiusura su richiesta<\/p>\n<\/li>\n<\/ul>","protected":false},"excerpt":{"rendered":"<p data-start=\"1089\" data-end=\"1337\">Cappellini all'ingrosso a cinque pannelli personalizzati con una toppa tessuta per un marchio nitido e simile a un'etichetta. Specificare la grafica e il posizionamento della toppa, con opzioni di tesa e chiusura disponibili su richiesta. Il MOQ e i tempi di consegna variano: quotare su richiesta.<\/p>","protected":false},"featured_media":101,"template":"","meta":{"_gspb_post_css":""},"product_brand":[],"product_cat":[20,15],"product_tag":[],"class_list":{"0":"post-92","1":"product","2":"type-product","3":"status-publish","4":"has-post-thumbnail","6":"product_cat-5-panel-hats","7":"product_cat-hats-caps","9":"first","10":"instock","11":"shipping-taxable","12":"purchasable","13":"product-type-simple"},"_links":{"self":[{"href":"https:\/\/customhatsmanufacturer.com\/it\/wp-json\/wp\/v2\/product\/92","targetHints":{"allow":["GET"]}}],"collection":[{"href":"https:\/\/customhatsmanufacturer.com\/it\/wp-json\/wp\/v2\/product"}],"about":[{"href":"https:\/\/customhatsmanufacturer.com\/it\/wp-json\/wp\/v2\/types\/product"}],"wp:featuredmedia":[{"embeddable":true,"href":"https:\/\/customhatsmanufacturer.com\/it\/wp-json\/wp\/v2\/media\/101"}],"wp:attachment":[{"href":"https:\/\/customhatsmanufacturer.com\/it\/wp-json\/wp\/v2\/media?parent=92"}],"wp:term":[{"taxonomy":"product_brand","embeddable":true,"href":"https:\/\/customhatsmanufacturer.com\/it\/wp-json\/wp\/v2\/product_brand?post=92"},{"taxonomy":"product_cat","embeddable":true,"href":"https:\/\/customhatsmanufacturer.com\/it\/wp-json\/wp\/v2\/product_cat?post=92"},{"taxonomy":"product_tag","embeddable":true,"href":"https:\/\/customhatsmanufacturer.com\/it\/wp-json\/wp\/v2\/product_tag?post=92"}],"curies":[{"name":"wp","href":"https:\/\/api.w.org\/{rel}","templated":true}]}}