{"id":65,"date":"2026-02-27T08:11:20","date_gmt":"2026-02-27T08:11:20","guid":{"rendered":"https:\/\/customhatsmanufacturer.com\/?post_type=product&#038;p=65"},"modified":"2026-02-27T08:11:20","modified_gmt":"2026-02-27T08:11:20","slug":"washed-dad-caps-for-lifestyle-brands-bulk","status":"publish","type":"product","link":"https:\/\/customhatsmanufacturer.com\/it\/prodotto\/washed-dad-caps-for-lifestyle-brands-bulk\/","title":{"rendered":"Cappellini lavati per marchi lifestyle (in blocco)"},"content":{"rendered":"<p data-start=\"0\" data-end=\"322\">I dad cap lavati sono berretti da baseball rilassati e di basso profilo, progettati per sembrare e sentirsi gi\u00e0 rodati. La forma del \u201cdad cap\u201d \u00e8 tipicamente caratterizzata da una corona non strutturata, una tesa dolcemente arcuata e una chiusura posteriore regolabile, ideale per una linea di headwear sobria e quotidiana.<\/p>\n<p data-start=\"324\" data-end=\"829\">Costruiti per l'ordinazione di marchi lifestyle, questi cappellini sono adatti a tirature ripetibili per i drop, i programmi di vendita al dettaglio o il merchandising delle uniformi. Il marchio pu\u00f2 essere ridotto al minimo o messo in risalto: le opzioni includono il ricamo frontale o l'applicazione di patch, con ulteriori richieste di etichette\/confezioni disponibili su specifica. Il MOQ e i tempi di consegna variano: richiedete un preventivo in base alle esigenze di colore, lavaggio e decorazione. Gli acquirenti pi\u00f9 adatti sono le etichette lifestyle, i team di merch per eventi, i rivenditori e i distributori di promo.<\/p>\n<ul data-start=\"831\" data-end=\"989\">\n<li data-start=\"831\" data-end=\"866\">\n<p data-start=\"833\" data-end=\"866\">Corona bassa e non strutturata<\/p>\n<\/li>\n<li data-start=\"867\" data-end=\"893\">\n<p data-start=\"869\" data-end=\"893\">Silhouette a tesa curva<\/p>\n<\/li>\n<li data-start=\"894\" data-end=\"920\">\n<p data-start=\"896\" data-end=\"920\">Finitura lavata e consumata<\/p>\n<\/li>\n<li data-start=\"921\" data-end=\"956\">\n<p data-start=\"923\" data-end=\"956\">Opzioni di chiusura posteriore regolabile<\/p>\n<\/li>\n<li data-start=\"957\" data-end=\"989\">\n<p data-start=\"959\" data-end=\"989\">Ricamo o patch branding<\/p>\n<\/li>\n<\/ul>","protected":false},"excerpt":{"rendered":"<p data-start=\"991\" data-end=\"1246\">Cappellini da pap\u00e0 lavati in massa con una vestibilit\u00e0 rilassata e a basso profilo e un aspetto vissuto. Adatto a programmi di marchio lifestyle con possibilit\u00e0 di ricamo o patch, oltre a un'etichettatura privata su richiesta. Il MOQ e i tempi di consegna variano: \u00e8 disponibile un preventivo.<\/p>","protected":false},"featured_media":87,"template":"","meta":{"_gspb_post_css":""},"product_brand":[],"product_cat":[19,15],"product_tag":[],"class_list":{"0":"post-65","1":"product","2":"type-product","3":"status-publish","4":"has-post-thumbnail","6":"product_cat-dad-hats","7":"product_cat-hats-caps","9":"first","10":"instock","11":"shipping-taxable","12":"purchasable","13":"product-type-simple"},"_links":{"self":[{"href":"https:\/\/customhatsmanufacturer.com\/it\/wp-json\/wp\/v2\/product\/65","targetHints":{"allow":["GET"]}}],"collection":[{"href":"https:\/\/customhatsmanufacturer.com\/it\/wp-json\/wp\/v2\/product"}],"about":[{"href":"https:\/\/customhatsmanufacturer.com\/it\/wp-json\/wp\/v2\/types\/product"}],"wp:featuredmedia":[{"embeddable":true,"href":"https:\/\/customhatsmanufacturer.com\/it\/wp-json\/wp\/v2\/media\/87"}],"wp:attachment":[{"href":"https:\/\/customhatsmanufacturer.com\/it\/wp-json\/wp\/v2\/media?parent=65"}],"wp:term":[{"taxonomy":"product_brand","embeddable":true,"href":"https:\/\/customhatsmanufacturer.com\/it\/wp-json\/wp\/v2\/product_brand?post=65"},{"taxonomy":"product_cat","embeddable":true,"href":"https:\/\/customhatsmanufacturer.com\/it\/wp-json\/wp\/v2\/product_cat?post=65"},{"taxonomy":"product_tag","embeddable":true,"href":"https:\/\/customhatsmanufacturer.com\/it\/wp-json\/wp\/v2\/product_tag?post=65"}],"curies":[{"name":"wp","href":"https:\/\/api.w.org\/{rel}","templated":true}]}}