{"id":306,"date":"2026-02-28T06:34:36","date_gmt":"2026-02-28T06:34:36","guid":{"rendered":"https:\/\/customhatsmanufacturer.com\/?post_type=product&#038;p=306"},"modified":"2026-02-28T06:34:36","modified_gmt":"2026-02-28T06:34:36","slug":"puffer-jackets-with-custom-branding-oem","status":"publish","type":"product","link":"https:\/\/customhatsmanufacturer.com\/it\/prodotto\/puffer-jackets-with-custom-branding-oem\/","title":{"rendered":"Giacche Puffer con marchio personalizzato (OEM)"},"content":{"rendered":"<p data-start=\"0\" data-end=\"517\">Questi giubbotti isolati sono pensati per i programmi di abbigliamento esterno di marca che richiedono calore e una silhouette pulita. La struttura trapuntata e soffiata crea il caratteristico \u201cpuff\u201d mantenendo l'isolamento in posizione, contribuendo a ridurre gli spostamenti e i punti freddi. Scegliete il look pi\u00f9 adatto alla vostra linea: il collo o il cappuccio, la disposizione delle tasche e l'hardware possono essere adattati al vostro pacchetto tecnico, con opzioni di imbottitura in piuma o sintetica disponibili su richiesta.<\/p>\n<p data-start=\"519\" data-end=\"982\">Poich\u00e9 si tratta di un progetto OEM, la vostra identit\u00e0 \u00e8 ben visibile: scegliete il posizionamento del logo e il percorso di branding pi\u00f9 adatto al tessuto: ricamo, patch tessute o ricamate o stampe a trasferimento termico sono comuni. Aggiungete etichette private, cartellini di manutenzione e confezioni per adattarle alla presentazione al dettaglio, quindi avviate la produzione per il rifornimento all'ingrosso o per campagne limitate; il MOQ e i tempi di consegna variano: richiedete un preventivo. Gli acquirenti pi\u00f9 adatti sono marchi, squadre, organizzatori di eventi e rivenditori.<\/p>\n<ul data-start=\"984\" data-end=\"1177\">\n<li data-start=\"984\" data-end=\"1014\">\n<p data-start=\"986\" data-end=\"1014\">Pannello deflettore trapuntato<\/p>\n<\/li>\n<li data-start=\"1015\" data-end=\"1044\">\n<p data-start=\"1017\" data-end=\"1044\">Opzioni di riempimento su richiesta<\/p>\n<\/li>\n<li data-start=\"1045\" data-end=\"1076\">\n<p data-start=\"1047\" data-end=\"1076\">Aree del logo pronte per il ricamo<\/p>\n<\/li>\n<li data-start=\"1077\" data-end=\"1108\">\n<p data-start=\"1079\" data-end=\"1108\">Flessibilit\u00e0 di posizionamento delle patch<\/p>\n<\/li>\n<li data-start=\"1109\" data-end=\"1139\">\n<p data-start=\"1111\" data-end=\"1139\">Opzione di stampa a trasferimento termico<\/p>\n<\/li>\n<li data-start=\"1140\" data-end=\"1177\">\n<p data-start=\"1142\" data-end=\"1177\">Finitura a marchio privato disponibile<\/p>\n<\/li>\n<\/ul>","protected":false},"excerpt":{"rendered":"<p data-start=\"1179\" data-end=\"1424\">Programma di giacche isolanti OEM con marchio personalizzato. Specificate lo stile e le finiture del vostro pacchetto tecnico, quindi aggiungete i loghi tramite ricamo, patch o stampa a trasferimento termico. Costruito per forniture all'ingrosso; MOQ e tempistiche basate sul preventivo.<\/p>\n<p data-start=\"1426\" data-end=\"1472\">","protected":false},"featured_media":321,"template":"","meta":{"_gspb_post_css":""},"product_brand":[],"product_cat":[35,25],"product_tag":[],"class_list":{"0":"post-306","1":"product","2":"type-product","3":"status-publish","4":"has-post-thumbnail","6":"product_cat-jackets","7":"product_cat-clothing","9":"first","10":"instock","11":"shipping-taxable","12":"purchasable","13":"product-type-simple"},"_links":{"self":[{"href":"https:\/\/customhatsmanufacturer.com\/it\/wp-json\/wp\/v2\/product\/306","targetHints":{"allow":["GET"]}}],"collection":[{"href":"https:\/\/customhatsmanufacturer.com\/it\/wp-json\/wp\/v2\/product"}],"about":[{"href":"https:\/\/customhatsmanufacturer.com\/it\/wp-json\/wp\/v2\/types\/product"}],"wp:featuredmedia":[{"embeddable":true,"href":"https:\/\/customhatsmanufacturer.com\/it\/wp-json\/wp\/v2\/media\/321"}],"wp:attachment":[{"href":"https:\/\/customhatsmanufacturer.com\/it\/wp-json\/wp\/v2\/media?parent=306"}],"wp:term":[{"taxonomy":"product_brand","embeddable":true,"href":"https:\/\/customhatsmanufacturer.com\/it\/wp-json\/wp\/v2\/product_brand?post=306"},{"taxonomy":"product_cat","embeddable":true,"href":"https:\/\/customhatsmanufacturer.com\/it\/wp-json\/wp\/v2\/product_cat?post=306"},{"taxonomy":"product_tag","embeddable":true,"href":"https:\/\/customhatsmanufacturer.com\/it\/wp-json\/wp\/v2\/product_tag?post=306"}],"curies":[{"name":"wp","href":"https:\/\/api.w.org\/{rel}","templated":true}]}}