{"id":275,"date":"2026-02-28T05:25:59","date_gmt":"2026-02-28T05:25:59","guid":{"rendered":"https:\/\/customhatsmanufacturer.com\/?post_type=product&#038;p=275"},"modified":"2026-02-28T05:25:59","modified_gmt":"2026-02-28T05:25:59","slug":"stretch-chino-pants-for-uniform-suppliers-bulk","status":"publish","type":"product","link":"https:\/\/customhatsmanufacturer.com\/it\/prodotto\/stretch-chino-pants-for-uniform-suppliers-bulk\/","title":{"rendered":"Pantaloni chino elasticizzati per fornitori di uniformi (in grandi quantit\u00e0)"},"content":{"rendered":"<p data-start=\"0\" data-end=\"279\">Realizzati per i programmi di uniformi, questi pantaloni chino elasticizzati offrono un look pulito e professionale con una maggiore elasticit\u00e0 che consente di muoversi tutto il giorno. Il profilo chino aiuta i team a presentare un aspetto coerente e raffinato nei ruoli a contatto con i clienti e nel back-of-house.<\/p>\n<p data-start=\"281\" data-end=\"779\">Progettati per i fornitori di uniformi che ordinano all'ingrosso, supportano assortimenti di taglie e riordini ripetibili per i clienti di pi\u00f9 sedi. Per i programmi di rivendita \u00e8 possibile organizzare l'etichettatura e l'imballaggio a marchio privato. Il marchio \u00e8 disponibile su richiesta: le opzioni includono il ricamo del logo o il trasferimento a caldo per un posizionamento discreto. Il MOQ e i tempi di consegna variano: richiedete un preventivo. Ideale per marchi di abbigliamento da lavoro, aziende che producono uniformi a contratto, rivenditori scolastici e team che si occupano di eventi.<\/p>\n<ul data-start=\"780\" data-end=\"931\">\n<li data-start=\"780\" data-end=\"811\">\n<p data-start=\"782\" data-end=\"811\">Pantalone uniforme in stile cinese<\/p>\n<\/li>\n<li data-start=\"812\" data-end=\"840\">\n<p data-start=\"814\" data-end=\"840\">Comfort elasticizzato incorporato<\/p>\n<\/li>\n<li data-start=\"841\" data-end=\"867\">\n<p data-start=\"843\" data-end=\"867\">Facile da gestire per le dimensioni della merce<\/p>\n<\/li>\n<li data-start=\"868\" data-end=\"899\">\n<p data-start=\"870\" data-end=\"899\">Opzioni di branding su richiesta<\/p>\n<\/li>\n<li data-start=\"900\" data-end=\"931\">\n<p data-start=\"902\" data-end=\"931\">Riordini coerenti del programma<\/p>\n<\/li>\n<\/ul>","protected":false},"excerpt":{"rendered":"<p data-start=\"933\" data-end=\"1221\">Pantaloni chino elasticizzati forniti in grandi quantit\u00e0 per i programmi di uniformi, con una presentazione pulita in stile chino e un'elasticit\u00e0 incorporata. Su richiesta, sono disponibili il ricamo del logo o il trasferimento a caldo e l'imballaggio a marchio privato.<\/p>","protected":false},"featured_media":287,"template":"","meta":{"_gspb_post_css":""},"product_brand":[],"product_cat":[33,25],"product_tag":[],"class_list":{"0":"post-275","1":"product","2":"type-product","3":"status-publish","4":"has-post-thumbnail","6":"product_cat-pants","7":"product_cat-clothing","9":"first","10":"instock","11":"shipping-taxable","12":"purchasable","13":"product-type-simple"},"_links":{"self":[{"href":"https:\/\/customhatsmanufacturer.com\/it\/wp-json\/wp\/v2\/product\/275","targetHints":{"allow":["GET"]}}],"collection":[{"href":"https:\/\/customhatsmanufacturer.com\/it\/wp-json\/wp\/v2\/product"}],"about":[{"href":"https:\/\/customhatsmanufacturer.com\/it\/wp-json\/wp\/v2\/types\/product"}],"wp:featuredmedia":[{"embeddable":true,"href":"https:\/\/customhatsmanufacturer.com\/it\/wp-json\/wp\/v2\/media\/287"}],"wp:attachment":[{"href":"https:\/\/customhatsmanufacturer.com\/it\/wp-json\/wp\/v2\/media?parent=275"}],"wp:term":[{"taxonomy":"product_brand","embeddable":true,"href":"https:\/\/customhatsmanufacturer.com\/it\/wp-json\/wp\/v2\/product_brand?post=275"},{"taxonomy":"product_cat","embeddable":true,"href":"https:\/\/customhatsmanufacturer.com\/it\/wp-json\/wp\/v2\/product_cat?post=275"},{"taxonomy":"product_tag","embeddable":true,"href":"https:\/\/customhatsmanufacturer.com\/it\/wp-json\/wp\/v2\/product_tag?post=275"}],"curies":[{"name":"wp","href":"https:\/\/api.w.org\/{rel}","templated":true}]}}