{"id":184,"date":"2026-02-27T11:46:32","date_gmt":"2026-02-27T11:46:32","guid":{"rendered":"https:\/\/customhatsmanufacturer.com\/?post_type=product&#038;p=184"},"modified":"2026-02-27T11:46:32","modified_gmt":"2026-02-27T11:46:32","slug":"custom-tank-tops-for-gyms-and-events-wholesale","status":"publish","type":"product","link":"https:\/\/customhatsmanufacturer.com\/it\/prodotto\/custom-tank-tops-for-gyms-and-events-wholesale\/","title":{"rendered":"Canotte personalizzate per palestre ed eventi (all'ingrosso)"},"content":{"rendered":"<p data-start=\"0\" data-end=\"521\">Le canottiere personalizzate per palestre ed eventi sono top senza maniche in stile performance destinati all'abbigliamento di squadra, al merch dei membri e alle uniformi del personale in cui l'ampiezza di movimento \u00e8 importante. Il taglio aperto delle braccia aiuta a mantenere il movimento senza limitazioni e la vestibilit\u00e0\/scollatura pu\u00f2 essere specificata per adattarsi al vostro pubblico (tagli unisex, da uomo o da donna disponibili su richiesta). Utilizzateli per le giornate di lancio, le competizioni, i pop-up e le attivazioni degli sponsor, quando avete bisogno di un marchio coerente su un'intera tiratura.<\/p>\n<p data-start=\"523\" data-end=\"1024\">Per gli ordini B2B, condividete il vostro logo o la vostra grafica e selezionate l'approccio decorativo pi\u00f9 adatto al vostro design e al vostro budget: le opzioni includono la serigrafia, la DTG e i trasferimenti applicati a caldo, con ricami disponibili su richiesta. Scegliete il posizionamento (davanti, dietro, sul petto o in pi\u00f9 punti) e il prezzo si baser\u00e0 sulla quantit\u00e0, sui colori e sulle esigenze di finitura. Il MOQ e i tempi di consegna variano: richiedete un preventivo. Ideale per marchi di fitness, catene di palestre, organizzatori di eventi e rivenditori di merchandising.<\/p>\n<ul data-start=\"1026\" data-end=\"1187\">\n<li data-start=\"1026\" data-end=\"1057\">\n<p data-start=\"1028\" data-end=\"1057\">Taglio senza maniche per la mobilit\u00e0<\/p>\n<\/li>\n<li data-start=\"1058\" data-end=\"1086\">\n<p data-start=\"1060\" data-end=\"1086\">Opzioni di vestibilit\u00e0 e scollatura<\/p>\n<\/li>\n<li data-start=\"1087\" data-end=\"1119\">\n<p data-start=\"1089\" data-end=\"1119\">Opzioni di stampa serigrafica e DTG<\/p>\n<\/li>\n<li data-start=\"1120\" data-end=\"1154\">\n<p data-start=\"1122\" data-end=\"1154\">Applicazione del logo a trasferimento termico<\/p>\n<\/li>\n<li data-start=\"1155\" data-end=\"1187\">\n<p data-start=\"1157\" data-end=\"1187\">Scelta del posizionamento anteriore\/posteriore<\/p>\n<\/li>\n<\/ul>","protected":false},"excerpt":{"rendered":"<p data-start=\"1189\" data-end=\"1448\">Canotte pronte per la vendita all'ingrosso per programmi di palestra e squadre di eventi, personalizzate in base alla vostra grafica. Scegliete la stampa serigrafica, la DTG o il trasferimento a caldo, con un posizionamento flessibile del logo e una tiratura limitata. Ordini basati sul preventivo per marchi, club e rivenditori.<\/p>","protected":false},"featured_media":190,"template":"","meta":{"_gspb_post_css":""},"product_brand":[],"product_cat":[27,25],"product_tag":[],"class_list":{"0":"post-184","1":"product","2":"type-product","3":"status-publish","4":"has-post-thumbnail","6":"product_cat-tank-top","7":"product_cat-clothing","9":"first","10":"instock","11":"shipping-taxable","12":"purchasable","13":"product-type-simple"},"_links":{"self":[{"href":"https:\/\/customhatsmanufacturer.com\/it\/wp-json\/wp\/v2\/product\/184","targetHints":{"allow":["GET"]}}],"collection":[{"href":"https:\/\/customhatsmanufacturer.com\/it\/wp-json\/wp\/v2\/product"}],"about":[{"href":"https:\/\/customhatsmanufacturer.com\/it\/wp-json\/wp\/v2\/types\/product"}],"wp:featuredmedia":[{"embeddable":true,"href":"https:\/\/customhatsmanufacturer.com\/it\/wp-json\/wp\/v2\/media\/190"}],"wp:attachment":[{"href":"https:\/\/customhatsmanufacturer.com\/it\/wp-json\/wp\/v2\/media?parent=184"}],"wp:term":[{"taxonomy":"product_brand","embeddable":true,"href":"https:\/\/customhatsmanufacturer.com\/it\/wp-json\/wp\/v2\/product_brand?post=184"},{"taxonomy":"product_cat","embeddable":true,"href":"https:\/\/customhatsmanufacturer.com\/it\/wp-json\/wp\/v2\/product_cat?post=184"},{"taxonomy":"product_tag","embeddable":true,"href":"https:\/\/customhatsmanufacturer.com\/it\/wp-json\/wp\/v2\/product_tag?post=184"}],"curies":[{"name":"wp","href":"https:\/\/api.w.org\/{rel}","templated":true}]}}