{"id":124,"date":"2026-02-27T10:24:39","date_gmt":"2026-02-27T10:24:39","guid":{"rendered":"https:\/\/customhatsmanufacturer.com\/?post_type=product&#038;p=124"},"modified":"2026-02-27T10:24:39","modified_gmt":"2026-02-27T10:24:39","slug":"soft-cotton-kids-hats-for-team-uniforms-oem","status":"publish","type":"product","link":"https:\/\/customhatsmanufacturer.com\/it\/prodotto\/soft-cotton-kids-hats-for-team-uniforms-oem\/","title":{"rendered":"Cappelli per bambini in cotone morbido per le uniformi della squadra (OEM)"},"content":{"rendered":"<p data-start=\"0\" data-end=\"410\">Cappelli da bambino in morbido cotone realizzati per le uniformi di squadra coordinate, ideali quando si ha bisogno di un look uniforme, di una vestibilit\u00e0 confortevole e di ordini ripetibili. La struttura in cotone mantiene la mano delicata per i pi\u00f9 giovani, mentre la silhouette generale pu\u00f2 essere specificata per adattarsi al vostro programma di uniformi (strutturato o non strutturato, tesa curva o piatta e opzioni di chiusura regolabile su richiesta).<\/p>\n<p data-start=\"412\" data-end=\"854\">Per l'approvvigionamento B2B, questi capi sono prodotti come OEM, in modo da poter allineare i colori, i dettagli delle finiture e la collocazione del marchio con la vostra scheda tecnica. Le opzioni includono il ricamo diretto, le toppe tessute\/ricamate o le applicazioni di stampa, a seconda della vostra grafica e del vostro budget. Il MOQ e i tempi di consegna variano: richiedete un preventivo con il file del vostro logo e la finestra di consegna prevista. Gli acquirenti pi\u00f9 adatti sono marchi di uniformi, squadre scolastiche, organizzatori di eventi e rivenditori di articoli sportivi.<\/p>\n<ul data-start=\"855\" data-end=\"1032\">\n<li data-start=\"855\" data-end=\"880\">\n<p data-start=\"857\" data-end=\"880\">Sensazione di mano in morbido cotone<\/p>\n<\/li>\n<li data-start=\"881\" data-end=\"912\">\n<p data-start=\"883\" data-end=\"912\">Taglie adatte ai bambini<\/p>\n<\/li>\n<li data-start=\"913\" data-end=\"936\">\n<p data-start=\"915\" data-end=\"936\">Tesa curva o piatta<\/p>\n<\/li>\n<li data-start=\"937\" data-end=\"972\">\n<p data-start=\"939\" data-end=\"972\">Opzioni di chiusura posteriore regolabile<\/p>\n<\/li>\n<li data-start=\"973\" data-end=\"1004\">\n<p data-start=\"975\" data-end=\"1004\">Ricamo, patch o stampa<\/p>\n<\/li>\n<li data-start=\"1005\" data-end=\"1032\">\n<p data-start=\"1007\" data-end=\"1032\">Etichettatura OEM su richiesta<\/p>\n<\/li>\n<\/ul>","protected":false},"excerpt":{"rendered":"<p data-start=\"1034\" data-end=\"1255\">Cappelli da squadra per bambini in morbido cotone progettati per i programmi di uniformi. Disponibili per ordini OEM con ricamo del logo, patch o applicazioni di stampa su richiesta. Il MOQ e i tempi di consegna variano: \u00e8 disponibile un preventivo.<\/p>","protected":false},"featured_media":136,"template":"","meta":{"_gspb_post_css":""},"product_brand":[],"product_cat":[22,15],"product_tag":[],"class_list":{"0":"post-124","1":"product","2":"type-product","3":"status-publish","4":"has-post-thumbnail","6":"product_cat-kid-hats","7":"product_cat-hats-caps","9":"first","10":"instock","11":"shipping-taxable","12":"purchasable","13":"product-type-simple"},"_links":{"self":[{"href":"https:\/\/customhatsmanufacturer.com\/it\/wp-json\/wp\/v2\/product\/124","targetHints":{"allow":["GET"]}}],"collection":[{"href":"https:\/\/customhatsmanufacturer.com\/it\/wp-json\/wp\/v2\/product"}],"about":[{"href":"https:\/\/customhatsmanufacturer.com\/it\/wp-json\/wp\/v2\/types\/product"}],"wp:featuredmedia":[{"embeddable":true,"href":"https:\/\/customhatsmanufacturer.com\/it\/wp-json\/wp\/v2\/media\/136"}],"wp:attachment":[{"href":"https:\/\/customhatsmanufacturer.com\/it\/wp-json\/wp\/v2\/media?parent=124"}],"wp:term":[{"taxonomy":"product_brand","embeddable":true,"href":"https:\/\/customhatsmanufacturer.com\/it\/wp-json\/wp\/v2\/product_brand?post=124"},{"taxonomy":"product_cat","embeddable":true,"href":"https:\/\/customhatsmanufacturer.com\/it\/wp-json\/wp\/v2\/product_cat?post=124"},{"taxonomy":"product_tag","embeddable":true,"href":"https:\/\/customhatsmanufacturer.com\/it\/wp-json\/wp\/v2\/product_tag?post=124"}],"curies":[{"name":"wp","href":"https:\/\/api.w.org\/{rel}","templated":true}]}}