{"id":97,"date":"2026-02-27T09:06:25","date_gmt":"2026-02-27T09:06:25","guid":{"rendered":"https:\/\/customhatsmanufacturer.com\/?post_type=product&#038;p=97"},"modified":"2026-02-27T09:06:25","modified_gmt":"2026-02-27T09:06:25","slug":"cotton-twill-bucket-hats-with-embroidery-oem","status":"publish","type":"product","link":"https:\/\/customhatsmanufacturer.com\/fr\/produit\/cotton-twill-bucket-hats-with-embroidery-oem\/","title":{"rendered":"Chapeaux Bucket en coton serg\u00e9 avec broderie (OEM)"},"content":{"rendered":"<p data-start=\"0\" data-end=\"436\">Les chapeaux baquets en serg\u00e9 de coton avec broderie sont con\u00e7us pour les programmes de couvre-chefs de marque qui ont besoin d'une base de tissu propre et durable et d'une finition de logo de premi\u00e8re qualit\u00e9. Fabriqu\u00e9 en coton serg\u00e9, le chapeau conserve sa forme tout en restant confortable pour un usage quotidien, avec un bord complet qui peut \u00eatre surpiqu\u00e9 pour un bord net. La broderie peut \u00eatre appliqu\u00e9e en tant que logo frontal, marque lat\u00e9rale ou petit d\u00e9tail arri\u00e8re, en fonction de votre dessin.<\/p>\n<p data-start=\"438\" data-end=\"878\">Produit en tant qu'article OEM, ce mod\u00e8le est configur\u00e9 selon vos exigences - couleurs, gamme de tailles, emplacement de la broderie et d\u00e9tails de la marque tels que les \u00e9tiquettes tiss\u00e9es, le ruban adh\u00e9sif int\u00e9rieur ou l'emballage pr\u00eat pour la vente au d\u00e9tail (disponible sur demande). Faites-nous part de vos fichiers de conception et de l'usage que vous souhaitez en faire, et nous vous proposerons des sp\u00e9cifications r\u00e9alistes et des \u00e9tapes d'\u00e9chantillonnage. La quantit\u00e9 et le d\u00e9lai de livraison varient - demandez un devis. Cette solution est id\u00e9ale pour les marques, les \u00e9quipes, les \u00e9v\u00e9nements et les d\u00e9taillants qui souhaitent s'approvisionner en marchandises en vrac.<\/p>\n<ul data-start=\"880\" data-end=\"1088\">\n<li data-start=\"880\" data-end=\"916\">\n<p data-start=\"882\" data-end=\"916\">Tissu en serg\u00e9 de coton<\/p>\n<\/li>\n<li data-start=\"917\" data-end=\"947\">\n<p data-start=\"919\" data-end=\"947\">Bordure classique cousue \u00e0 360<\/p>\n<\/li>\n<li data-start=\"948\" data-end=\"985\">\n<p data-start=\"950\" data-end=\"985\">Options de placement du logo de broderie<\/p>\n<\/li>\n<li data-start=\"986\" data-end=\"1012\">\n<p data-start=\"988\" data-end=\"1012\">Options de couleur et de taille<\/p>\n<\/li>\n<li data-start=\"1013\" data-end=\"1048\">\n<p data-start=\"1015\" data-end=\"1048\">Possibilit\u00e9 d'ajouter un label priv\u00e9<\/p>\n<\/li>\n<li data-start=\"1049\" data-end=\"1088\">\n<p data-start=\"1051\" data-end=\"1088\">Options de marquage des emballages et des cartons<\/p>\n<\/li>\n<\/ul>","protected":false},"excerpt":{"rendered":"<p data-start=\"1090\" data-end=\"1337\">Chapeau baquet en serg\u00e9 de coton avec marquage brod\u00e9, fourni pour les commandes OEM. Configurez les couleurs, la taille et l'emplacement du logo, avec un \u00e9tiquetage et un emballage priv\u00e9s en option. Conditions bas\u00e9es sur le devis pour la fourniture en gros et en masse.<\/p>","protected":false},"featured_media":119,"template":"","meta":{"_gspb_post_css":""},"product_brand":[],"product_cat":[21,15],"product_tag":[],"class_list":{"0":"post-97","1":"product","2":"type-product","3":"status-publish","4":"has-post-thumbnail","6":"product_cat-bucket-hats","7":"product_cat-hats-caps","9":"first","10":"instock","11":"shipping-taxable","12":"purchasable","13":"product-type-simple"},"_links":{"self":[{"href":"https:\/\/customhatsmanufacturer.com\/fr\/wp-json\/wp\/v2\/product\/97","targetHints":{"allow":["GET"]}}],"collection":[{"href":"https:\/\/customhatsmanufacturer.com\/fr\/wp-json\/wp\/v2\/product"}],"about":[{"href":"https:\/\/customhatsmanufacturer.com\/fr\/wp-json\/wp\/v2\/types\/product"}],"wp:featuredmedia":[{"embeddable":true,"href":"https:\/\/customhatsmanufacturer.com\/fr\/wp-json\/wp\/v2\/media\/119"}],"wp:attachment":[{"href":"https:\/\/customhatsmanufacturer.com\/fr\/wp-json\/wp\/v2\/media?parent=97"}],"wp:term":[{"taxonomy":"product_brand","embeddable":true,"href":"https:\/\/customhatsmanufacturer.com\/fr\/wp-json\/wp\/v2\/product_brand?post=97"},{"taxonomy":"product_cat","embeddable":true,"href":"https:\/\/customhatsmanufacturer.com\/fr\/wp-json\/wp\/v2\/product_cat?post=97"},{"taxonomy":"product_tag","embeddable":true,"href":"https:\/\/customhatsmanufacturer.com\/fr\/wp-json\/wp\/v2\/product_tag?post=97"}],"curies":[{"name":"wp","href":"https:\/\/api.w.org\/{rel}","templated":true}]}}