{"id":96,"date":"2026-02-27T09:01:23","date_gmt":"2026-02-27T09:01:23","guid":{"rendered":"https:\/\/customhatsmanufacturer.com\/?post_type=product&#038;p=96"},"modified":"2026-02-27T09:01:23","modified_gmt":"2026-02-27T09:01:23","slug":"reversible-bucket-hats-for-summer-promotions-bulk","status":"publish","type":"product","link":"https:\/\/customhatsmanufacturer.com\/fr\/produit\/reversible-bucket-hats-for-summer-promotions-bulk\/","title":{"rendered":"Chapeaux r\u00e9versibles pour les promotions d'\u00e9t\u00e9 (en vrac)"},"content":{"rendered":"<p data-start=\"0\" data-end=\"372\">Les chapeaux r\u00e9versibles sont des chapeaux d'\u00e9t\u00e9 \u00e0 bord con\u00e7u pour vous donner deux looks en un : portez le c\u00f4t\u00e9 A pour votre couleur principale, puis passez au c\u00f4t\u00e9 B lorsque vous voulez changer de site. La bordure descendante sur tout le pourtour maintient le profil classique et permet d'ajouter de l'ombre pratique pour les promotions en plein air et le merchandising par temps chaud.<\/p>\n<p data-start=\"374\" data-end=\"922\">Pour les commandes B2B, ces chapeaux sont g\u00e9n\u00e9ralement emball\u00e9s et exp\u00e9di\u00e9s en vrac, avec des d\u00e9corations plac\u00e9es sur la zone du panneau ou sur le bord, en fonction de votre maquette. Les options comprennent la broderie, les \u00e9cussons tiss\u00e9s ou les logos imprim\u00e9s (y compris en quadrichromie) d'un c\u00f4t\u00e9 ou des deux c\u00f4t\u00e9s, sur la base d'un devis par motif. Les demandes OEM telles que l'assortiment des couleurs, le marquage int\u00e9rieur et l'emballage pr\u00eat pour la vente au d\u00e9tail sont disponibles sur demande ; la quantit\u00e9 et le d\u00e9lai de livraison varient, demandez un devis. Ce produit est particuli\u00e8rement adapt\u00e9 aux marques, aux \u00e9quipes, aux \u00e9v\u00e9nements et aux d\u00e9taillants qui organisent des campagnes d'\u00e9t\u00e9.<\/p>\n<ul data-start=\"924\" data-end=\"1099\">\n<li data-start=\"924\" data-end=\"961\">\n<p data-start=\"926\" data-end=\"961\">Construction r\u00e9versible des deux c\u00f4t\u00e9s<\/p>\n<\/li>\n<li data-start=\"962\" data-end=\"994\">\n<p data-start=\"964\" data-end=\"994\">Bord du godet inclin\u00e9 vers le bas<\/p>\n<\/li>\n<li data-start=\"995\" data-end=\"1027\">\n<p data-start=\"997\" data-end=\"1027\">Emballable, facile \u00e0 distribuer<\/p>\n<\/li>\n<li data-start=\"1028\" data-end=\"1060\">\n<p data-start=\"1030\" data-end=\"1060\">Options de broderie et d'\u00e9cusson<\/p>\n<\/li>\n<li data-start=\"1061\" data-end=\"1099\">\n<p data-start=\"1063\" data-end=\"1099\">M\u00e9thodes d'impression disponibles sur demande<\/p>\n<\/li>\n<\/ul>","protected":false},"excerpt":{"rendered":"<p data-start=\"1101\" data-end=\"1343\">Chapeaux baquets \u00e0 deux faces con\u00e7us pour les promotions estivales. Vous pouvez changer de couleur et ajouter votre logo par broderie, patch ou impression. Fournis en vrac, l'\u00e9tiquetage et l'emballage OEM sont disponibles sur demande.<\/p>","protected":false},"featured_media":115,"template":"","meta":{"_gspb_post_css":""},"product_brand":[],"product_cat":[21,15],"product_tag":[],"class_list":{"0":"post-96","1":"product","2":"type-product","3":"status-publish","4":"has-post-thumbnail","6":"product_cat-bucket-hats","7":"product_cat-hats-caps","9":"first","10":"instock","11":"shipping-taxable","12":"purchasable","13":"product-type-simple"},"_links":{"self":[{"href":"https:\/\/customhatsmanufacturer.com\/fr\/wp-json\/wp\/v2\/product\/96","targetHints":{"allow":["GET"]}}],"collection":[{"href":"https:\/\/customhatsmanufacturer.com\/fr\/wp-json\/wp\/v2\/product"}],"about":[{"href":"https:\/\/customhatsmanufacturer.com\/fr\/wp-json\/wp\/v2\/types\/product"}],"wp:featuredmedia":[{"embeddable":true,"href":"https:\/\/customhatsmanufacturer.com\/fr\/wp-json\/wp\/v2\/media\/115"}],"wp:attachment":[{"href":"https:\/\/customhatsmanufacturer.com\/fr\/wp-json\/wp\/v2\/media?parent=96"}],"wp:term":[{"taxonomy":"product_brand","embeddable":true,"href":"https:\/\/customhatsmanufacturer.com\/fr\/wp-json\/wp\/v2\/product_brand?post=96"},{"taxonomy":"product_cat","embeddable":true,"href":"https:\/\/customhatsmanufacturer.com\/fr\/wp-json\/wp\/v2\/product_cat?post=96"},{"taxonomy":"product_tag","embeddable":true,"href":"https:\/\/customhatsmanufacturer.com\/fr\/wp-json\/wp\/v2\/product_tag?post=96"}],"curies":[{"name":"wp","href":"https:\/\/api.w.org\/{rel}","templated":true}]}}