{"id":94,"date":"2026-02-27T08:50:34","date_gmt":"2026-02-27T08:50:34","guid":{"rendered":"https:\/\/customhatsmanufacturer.com\/?post_type=product&#038;p=94"},"modified":"2026-02-27T08:50:34","modified_gmt":"2026-02-27T08:50:34","slug":"5-panel-camper-caps-with-embroidered-logo-oem","status":"publish","type":"product","link":"https:\/\/customhatsmanufacturer.com\/fr\/produit\/5-panel-camper-caps-with-embroidered-logo-oem\/","title":{"rendered":"Casquettes Camper \u00e0 5 panneaux avec logo brod\u00e9 (OEM)"},"content":{"rendered":"<p data-start=\"0\" data-end=\"373\">Ces casquettes campeur \u00e0 5 panneaux sont des couvre-chefs pr\u00eats \u00e0 l'emploi, construits sur une couronne \u00e9pur\u00e9e en cinq parties, avec un logo brod\u00e9 pour un marquage net et tactile. Les mod\u00e8les Camper sont souvent discrets, avec une visi\u00e8re plus plate et une sangle arri\u00e8re r\u00e9glable. La forme du bord et les \u00e9l\u00e9ments de fermeture peuvent \u00eatre sp\u00e9cifi\u00e9s pour s'adapter \u00e0 votre gamme.<\/p>\n<p data-start=\"375\" data-end=\"893\">Pour les programmes B2B, la production OEM assure la coh\u00e9rence de votre marque au fil des livraisons et des commandes r\u00e9p\u00e9t\u00e9es : partagez votre maquette, confirmez l'emplacement du logo (devant, sur le c\u00f4t\u00e9 ou au dos) et choisissez les options de broderie telles que la couture plate ou sur\u00e9lev\u00e9e et la correspondance des couleurs de fil, le cas \u00e9ch\u00e9ant. Des \u00e9chantillons de pr\u00e9-production peuvent \u00eatre fournis sur demande. La quantit\u00e9 et le d\u00e9lai de production varient - demandez un devis. Cette casquette est id\u00e9ale pour les marques, les \u00e9quipes, les \u00e9v\u00e9nements et les d\u00e9taillants qui ont besoin d'une casquette fiable \u00e0 l'aspect soign\u00e9 et dont la d\u00e9coration peut \u00eatre r\u00e9p\u00e9t\u00e9e \u00e0 l'infini.<\/p>\n<ul data-start=\"895\" data-end=\"1059\">\n<li data-start=\"895\" data-end=\"922\">\n<p data-start=\"897\" data-end=\"922\">Couronne campeur \u00e0 cinq panneaux<\/p>\n<\/li>\n<li data-start=\"923\" data-end=\"961\">\n<p data-start=\"925\" data-end=\"961\">Options de placement du logo brod\u00e9<\/p>\n<\/li>\n<li data-start=\"962\" data-end=\"993\">\n<p data-start=\"964\" data-end=\"993\">Visi\u00e8re plate ou courb\u00e9e en option<\/p>\n<\/li>\n<li data-start=\"994\" data-end=\"1029\">\n<p data-start=\"996\" data-end=\"1029\">Choix de fermeture r\u00e9glable au dos<\/p>\n<\/li>\n<li data-start=\"1030\" data-end=\"1059\">\n<p data-start=\"1032\" data-end=\"1059\">\u00c9tiquettes de rebranding sur demande<\/p>\n<\/li>\n<\/ul>","protected":false},"excerpt":{"rendered":"<p data-start=\"1061\" data-end=\"1292\">Casquette de camping \u00e0 5 panneaux fabriqu\u00e9e par le fournisseur avec un logo brod\u00e9 pour le merchandising de la marque. Sp\u00e9cifiez l'emplacement du logo et les options de finition dans le cadre de la production OEM. Le MOQ et le d\u00e9lai de livraison varient en fonction de la fabrication - demandez un devis.<\/p>","protected":false},"featured_media":109,"template":"","meta":{"_gspb_post_css":""},"product_brand":[],"product_cat":[20,15],"product_tag":[],"class_list":{"0":"post-94","1":"product","2":"type-product","3":"status-publish","4":"has-post-thumbnail","6":"product_cat-5-panel-hats","7":"product_cat-hats-caps","9":"first","10":"instock","11":"shipping-taxable","12":"purchasable","13":"product-type-simple"},"_links":{"self":[{"href":"https:\/\/customhatsmanufacturer.com\/fr\/wp-json\/wp\/v2\/product\/94","targetHints":{"allow":["GET"]}}],"collection":[{"href":"https:\/\/customhatsmanufacturer.com\/fr\/wp-json\/wp\/v2\/product"}],"about":[{"href":"https:\/\/customhatsmanufacturer.com\/fr\/wp-json\/wp\/v2\/types\/product"}],"wp:featuredmedia":[{"embeddable":true,"href":"https:\/\/customhatsmanufacturer.com\/fr\/wp-json\/wp\/v2\/media\/109"}],"wp:attachment":[{"href":"https:\/\/customhatsmanufacturer.com\/fr\/wp-json\/wp\/v2\/media?parent=94"}],"wp:term":[{"taxonomy":"product_brand","embeddable":true,"href":"https:\/\/customhatsmanufacturer.com\/fr\/wp-json\/wp\/v2\/product_brand?post=94"},{"taxonomy":"product_cat","embeddable":true,"href":"https:\/\/customhatsmanufacturer.com\/fr\/wp-json\/wp\/v2\/product_cat?post=94"},{"taxonomy":"product_tag","embeddable":true,"href":"https:\/\/customhatsmanufacturer.com\/fr\/wp-json\/wp\/v2\/product_tag?post=94"}],"curies":[{"name":"wp","href":"https:\/\/api.w.org\/{rel}","templated":true}]}}