{"id":93,"date":"2026-02-27T08:45:24","date_gmt":"2026-02-27T08:45:24","guid":{"rendered":"https:\/\/customhatsmanufacturer.com\/?post_type=product&#038;p=93"},"modified":"2026-02-27T08:45:24","modified_gmt":"2026-02-27T08:45:24","slug":"lightweight-5-panel-hats-for-skate-brands-bulk","status":"publish","type":"product","link":"https:\/\/customhatsmanufacturer.com\/fr\/produit\/lightweight-5-panel-hats-for-skate-brands-bulk\/","title":{"rendered":"Casquettes l\u00e9g\u00e8res \u00e0 5 panneaux pour les marques de patinage (en vrac)"},"content":{"rendered":"<p data-start=\"0\" data-end=\"374\">Les casquettes l\u00e9g\u00e8res \u00e0 5 panneaux pour les marques de skate (en vrac) sont des casquettes \u00e0 profil bas construites \u00e0 partir d'une couronne \u00e0 cinq panneaux, cr\u00e9ant un panneau avant net et ininterrompu qui convient parfaitement aux illustrations de marque. Con\u00e7ues pour \u00eatre plus l\u00e9g\u00e8res sur la t\u00eate, elles constituent un choix pratique pour les sorties par temps chaud, les kits d'\u00e9quipe ou les articles de boutique courants.<\/p>\n<p data-start=\"376\" data-end=\"779\">Pour les gros tirages, nous pouvons les fournir vierges ou d\u00e9velopper la version de votre marque - les options comprennent la broderie, les \u00e9tiquettes tiss\u00e9es, les patchs de logo ou les placements d'impression en fonction de votre dessin et de votre budget. Les couleurs, la forme du bord et le style de fermeture peuvent \u00eatre sp\u00e9cifi\u00e9s sur demande, le MOQ et le d\u00e9lai de livraison variant en fonction de la fabrication. Les acheteurs les mieux plac\u00e9s sont les marques de skate et de streetwear, les magasins de planches, les \u00e9quipes d'\u00e9v\u00e9nements et les d\u00e9taillants de produits d\u00e9riv\u00e9s.<\/p>\n<ul data-start=\"781\" data-end=\"941\">\n<li data-start=\"781\" data-end=\"814\">\n<p data-start=\"783\" data-end=\"814\">Couronne \u00e0 cinq panneaux<\/p>\n<\/li>\n<li data-start=\"815\" data-end=\"848\">\n<p data-start=\"817\" data-end=\"848\">L\u00e9ger et discret<\/p>\n<\/li>\n<li data-start=\"849\" data-end=\"874\">\n<p data-start=\"851\" data-end=\"874\">Grande zone de logo sur le devant<\/p>\n<\/li>\n<li data-start=\"875\" data-end=\"906\">\n<p data-start=\"877\" data-end=\"906\">Broderie, \u00e9cusson ou impression<\/p>\n<\/li>\n<li data-start=\"907\" data-end=\"941\">\n<p data-start=\"909\" data-end=\"941\">Pr\u00eat \u00e0 l'emploi pour les programmes de vente au d\u00e9tail<\/p>\n<\/li>\n<\/ul>","protected":false},"excerpt":{"rendered":"<p data-start=\"943\" data-end=\"1197\">Casquettes l\u00e9g\u00e8res \u00e0 cinq panneaux fournies en vrac pour les marques de skate. Construites autour d'un panneau frontal \u00e9pur\u00e9 pour le marquage, avec en option des broderies, des patchs de logo, des \u00e9tiquettes tiss\u00e9es ou des placements d'impression pour les marques priv\u00e9es et les programmes de vente en gros.<\/p>","protected":false},"featured_media":102,"template":"","meta":{"_gspb_post_css":""},"product_brand":[],"product_cat":[20,15],"product_tag":[],"class_list":{"0":"post-93","1":"product","2":"type-product","3":"status-publish","4":"has-post-thumbnail","6":"product_cat-5-panel-hats","7":"product_cat-hats-caps","9":"first","10":"instock","11":"shipping-taxable","12":"purchasable","13":"product-type-simple"},"_links":{"self":[{"href":"https:\/\/customhatsmanufacturer.com\/fr\/wp-json\/wp\/v2\/product\/93","targetHints":{"allow":["GET"]}}],"collection":[{"href":"https:\/\/customhatsmanufacturer.com\/fr\/wp-json\/wp\/v2\/product"}],"about":[{"href":"https:\/\/customhatsmanufacturer.com\/fr\/wp-json\/wp\/v2\/types\/product"}],"wp:featuredmedia":[{"embeddable":true,"href":"https:\/\/customhatsmanufacturer.com\/fr\/wp-json\/wp\/v2\/media\/102"}],"wp:attachment":[{"href":"https:\/\/customhatsmanufacturer.com\/fr\/wp-json\/wp\/v2\/media?parent=93"}],"wp:term":[{"taxonomy":"product_brand","embeddable":true,"href":"https:\/\/customhatsmanufacturer.com\/fr\/wp-json\/wp\/v2\/product_brand?post=93"},{"taxonomy":"product_cat","embeddable":true,"href":"https:\/\/customhatsmanufacturer.com\/fr\/wp-json\/wp\/v2\/product_cat?post=93"},{"taxonomy":"product_tag","embeddable":true,"href":"https:\/\/customhatsmanufacturer.com\/fr\/wp-json\/wp\/v2\/product_tag?post=93"}],"curies":[{"name":"wp","href":"https:\/\/api.w.org\/{rel}","templated":true}]}}