{"id":92,"date":"2026-02-27T08:39:59","date_gmt":"2026-02-27T08:39:59","guid":{"rendered":"https:\/\/customhatsmanufacturer.com\/?post_type=product&#038;p=92"},"modified":"2026-02-27T08:39:59","modified_gmt":"2026-02-27T08:39:59","slug":"custom-5-panel-caps-with-woven-patch-wholesale","status":"publish","type":"product","link":"https:\/\/customhatsmanufacturer.com\/fr\/produit\/custom-5-panel-caps-with-woven-patch-wholesale\/","title":{"rendered":"Casquettes \u00e0 5 panneaux avec \u00e9cusson tiss\u00e9 (Wholesale)"},"content":{"rendered":"<p data-start=\"0\" data-end=\"387\">Les casquettes personnalis\u00e9es \u00e0 5 panneaux avec \u00e9cusson tiss\u00e9 (vente en gros) sont construites autour d'une couronne en cinq parties avec un panneau avant net et ininterrompu, id\u00e9al pour une marque d'\u00e9cusson centr\u00e9e et un marquage soign\u00e9. Elles sont fournies pour les programmes en vrac o\u00f9 vous avez besoin d'une taille coh\u00e9rente, d'une d\u00e9coration reproductible et d'un chemin sans heurts de l'\u00e9chantillonnage aux commandes de r\u00e9approvisionnement.<\/p>\n<p data-start=\"389\" data-end=\"922\">L'\u00e9cusson tiss\u00e9 est produit en tissant des fils pour obtenir des lignes plus nettes et un texte plus petit qu'avec une couture classique, ce qui donne \u00e0 votre logo une finition raffin\u00e9e, semblable \u00e0 celle d'une \u00e9tiquette. Envoyez votre maquette et nous alignerons la taille de l'\u00e9cusson et la finition des bords en option, puis nous l'appliquerons \u00e0 l'emplacement que vous aurez sp\u00e9cifi\u00e9 (devant, sur le c\u00f4t\u00e9 ou \u00e0 l'arri\u00e8re). Demandez des options telles qu'un bord plat ou incurv\u00e9 et une fermeture r\u00e9glable pour s'adapter \u00e0 votre canal. La quantit\u00e9 et le d\u00e9lai de livraison varient - demandez un devis. Convient parfaitement aux marques, aux \u00e9quipes, aux \u00e9v\u00e9nements et aux d\u00e9taillants qui cr\u00e9ent des s\u00e9ries de produits d\u00e9riv\u00e9s.<\/p>\n<ul data-start=\"924\" data-end=\"1087\">\n<li data-start=\"924\" data-end=\"957\">\n<p data-start=\"926\" data-end=\"957\">Couronne \u00e0 cinq panneaux<\/p>\n<\/li>\n<li data-start=\"958\" data-end=\"989\">\n<p data-start=\"960\" data-end=\"989\">Devant sans couture pour les patchs<\/p>\n<\/li>\n<li data-start=\"990\" data-end=\"1022\">\n<p data-start=\"992\" data-end=\"1022\">Application d'un logo patch tiss\u00e9<\/p>\n<\/li>\n<li data-start=\"1023\" data-end=\"1055\">\n<p data-start=\"1025\" data-end=\"1055\">Options de forme de bord disponibles<\/p>\n<\/li>\n<li data-start=\"1056\" data-end=\"1087\">\n<p data-start=\"1058\" data-end=\"1087\">Mod\u00e8les de fermeture sur demande<\/p>\n<\/li>\n<\/ul>","protected":false},"excerpt":{"rendered":"<p data-start=\"1089\" data-end=\"1337\">Casquettes \u00e0 cinq panneaux en gros, personnalis\u00e9es avec un \u00e9cusson tiss\u00e9 pour un marquage net, semblable \u00e0 celui d'une \u00e9tiquette. Sp\u00e9cifiez le graphisme et l'emplacement de l'\u00e9cusson, les options de bord et de fermeture \u00e9tant disponibles sur demande. Le MOQ et le d\u00e9lai de livraison varient - devis sur demande.<\/p>","protected":false},"featured_media":101,"template":"","meta":{"_gspb_post_css":""},"product_brand":[],"product_cat":[20,15],"product_tag":[],"class_list":{"0":"post-92","1":"product","2":"type-product","3":"status-publish","4":"has-post-thumbnail","6":"product_cat-5-panel-hats","7":"product_cat-hats-caps","9":"first","10":"instock","11":"shipping-taxable","12":"purchasable","13":"product-type-simple"},"_links":{"self":[{"href":"https:\/\/customhatsmanufacturer.com\/fr\/wp-json\/wp\/v2\/product\/92","targetHints":{"allow":["GET"]}}],"collection":[{"href":"https:\/\/customhatsmanufacturer.com\/fr\/wp-json\/wp\/v2\/product"}],"about":[{"href":"https:\/\/customhatsmanufacturer.com\/fr\/wp-json\/wp\/v2\/types\/product"}],"wp:featuredmedia":[{"embeddable":true,"href":"https:\/\/customhatsmanufacturer.com\/fr\/wp-json\/wp\/v2\/media\/101"}],"wp:attachment":[{"href":"https:\/\/customhatsmanufacturer.com\/fr\/wp-json\/wp\/v2\/media?parent=92"}],"wp:term":[{"taxonomy":"product_brand","embeddable":true,"href":"https:\/\/customhatsmanufacturer.com\/fr\/wp-json\/wp\/v2\/product_brand?post=92"},{"taxonomy":"product_cat","embeddable":true,"href":"https:\/\/customhatsmanufacturer.com\/fr\/wp-json\/wp\/v2\/product_cat?post=92"},{"taxonomy":"product_tag","embeddable":true,"href":"https:\/\/customhatsmanufacturer.com\/fr\/wp-json\/wp\/v2\/product_tag?post=92"}],"curies":[{"name":"wp","href":"https:\/\/api.w.org\/{rel}","templated":true}]}}